{"id":32342,"date":"2026-03-08T20:51:21","date_gmt":"2026-03-08T20:51:21","guid":{"rendered":"https:\/\/fkpynappel.com\/?post_type=product&#038;p=32342"},"modified":"2026-03-08T20:54:02","modified_gmt":"2026-03-08T20:54:02","slug":"cizgili-crop-gomlek-cizgili-pileli-sort-etek","status":"publish","type":"product","link":"https:\/\/fkpynappel.com\/en\/product\/cizgili-crop-gomlek-cizgili-pileli-sort-etek\/","title":{"rendered":"\u00c7\u0130ZG\u0130L\u0130 CROP G\u00d6MLEK-\u00c7\u0130ZG\u0130L\u0130 P\u0130LEL\u0130 \u015eORT ETEK"},"content":{"rendered":"<p><strong>2470 \u00c7\u0130ZG\u0130L\u0130 CROP G\u00d6MLEK-9087 \u00c7\u0130ZG\u0130L\u0130 P\u0130LEL\u0130 \u015eORT ETEK<\/strong><\/p>\n<p><strong>RENK: SARI<\/strong><\/p>\n<p><strong>KUMA\u015e KARI\u015eIMI: %100COT<\/strong><\/p>\n<p><strong>\u00dcR\u00dcN A\u00c7IKLAMASI: G\u00f6mlek yaka,\u00f6n\u00fc d\u00fc\u011fme iliklemeli, uzun kollu ve man\u015fetli, ba\u011flama detayl\u0131 crop g\u00f6mlek. Beli lastikli,pileli \u015fort etek. Patl\u0131 ve pat\u0131nda s\u00fcs d\u00fc\u011fmeli.<\/strong><\/p>\n<p><strong>\u00d6L\u00c7\u00dcLER:<\/strong><\/p>\n<p><strong>Boy: 177cm<\/strong><\/p>\n<p><strong>G\u00f6\u011f\u00fcs: 81cm<\/strong><\/p>\n<p><strong>Bel:65cm<\/strong><\/p>\n<p><strong>Kal\u00e7a: 89cm<\/strong><\/p>\n<p><strong>Beden Da\u011f\u0131l\u0131m\u0131: S2-M2-L1<\/strong><\/p>\n<p><strong>\u00dcretim \u00dclkesi: T\u00fcrkiye<\/strong><\/p>","protected":false},"excerpt":{"rendered":"<p>2470 \u00c7\u0130ZG\u0130L\u0130 CROP G\u00d6MLEK-9087 \u00c7\u0130ZG\u0130L\u0130 P\u0130LEL\u0130 \u015eORT ETEK RENK: SARI KUMA\u015e KARI\u015eIMI: %100COT \u00dcR\u00dcN A\u00c7IKLAMASI: G\u00f6mlek yaka,\u00f6n\u00fc d\u00fc\u011fme iliklemeli, uzun kollu ve man\u015fetli, ba\u011flama detayl\u0131 crop g\u00f6mlek. Beli lastikli,pileli \u015fort etek. Patl\u0131 ve pat\u0131nda s\u00fcs d\u00fc\u011fmeli. \u00d6L\u00c7\u00dcLER: Boy: 177cm G\u00f6\u011f\u00fcs: 81cm Bel:65cm Kal\u00e7a: 89cm Beden Da\u011f\u0131l\u0131m\u0131: S2-M2-L1 \u00dcretim \u00dclkesi: T\u00fcrkiye<\/p>","protected":false},"featured_media":32343,"template":"","meta":[],"product_brand":[],"product_cat":[46,32,27,40,30],"product_tag":[],"class_list":{"0":"post-32342","1":"product","2":"type-product","3":"status-publish","4":"has-post-thumbnail","6":"product_cat-2026-ilkbahar-yaz","7":"product_cat-gomlek","8":"product_cat-sort","9":"product_cat-takim","10":"product_cat-yeni-gelenler","12":"first","13":"instock","14":"taxable","15":"shipping-taxable","16":"product-type-simple"},"_links":{"self":[{"href":"https:\/\/fkpynappel.com\/en\/wp-json\/wp\/v2\/product\/32342","targetHints":{"allow":["GET"]}}],"collection":[{"href":"https:\/\/fkpynappel.com\/en\/wp-json\/wp\/v2\/product"}],"about":[{"href":"https:\/\/fkpynappel.com\/en\/wp-json\/wp\/v2\/types\/product"}],"wp:featuredmedia":[{"embeddable":true,"href":"https:\/\/fkpynappel.com\/en\/wp-json\/wp\/v2\/media\/32343"}],"wp:attachment":[{"href":"https:\/\/fkpynappel.com\/en\/wp-json\/wp\/v2\/media?parent=32342"}],"wp:term":[{"taxonomy":"product_brand","embeddable":true,"href":"https:\/\/fkpynappel.com\/en\/wp-json\/wp\/v2\/product_brand?post=32342"},{"taxonomy":"product_cat","embeddable":true,"href":"https:\/\/fkpynappel.com\/en\/wp-json\/wp\/v2\/product_cat?post=32342"},{"taxonomy":"product_tag","embeddable":true,"href":"https:\/\/fkpynappel.com\/en\/wp-json\/wp\/v2\/product_tag?post=32342"}],"curies":[{"name":"wp","href":"https:\/\/api.w.org\/{rel}","templated":true}]}}