{"id":32339,"date":"2026-03-08T20:48:39","date_gmt":"2026-03-08T20:48:39","guid":{"rendered":"https:\/\/fkpynappel.com\/?post_type=product&#038;p=32339"},"modified":"2026-03-12T09:57:21","modified_gmt":"2026-03-12T09:57:21","slug":"asimetrik-detayli-cizgili-yelek","status":"publish","type":"product","link":"https:\/\/fkpynappel.com\/en\/product\/asimetrik-detayli-cizgili-yelek\/","title":{"rendered":"AS\u0130METR\u0130K DETAYLI \u00c7\u0130ZG\u0130L\u0130 YELEK"},"content":{"rendered":"<p><strong>5490 AS\u0130METR\u0130K DETAYLI \u00c7\u0130ZG\u0130L\u0130 YELEK<\/strong><\/p>\n<p><strong>RENK: LAC\u0130VERT -S\u0130YAH<\/strong><\/p>\n<p><strong>KUMA\u015e KARI\u015eIMI: %64PES %32V\u0130S %4EA<\/strong><\/p>\n<p><strong>\u00dcR\u00dcN A\u00c7IKLAMASI: Astarl\u0131, s\u00fcs cepli, pensli, d\u00fc\u011fme iliklemeli, \u00e7\u0131t\u00e7\u0131tl\u0131, asimetrik kesim tasar\u0131m yelek.<\/strong><\/p>\n<p><strong>\u00d6L\u00c7\u00dcLER:<\/strong><\/p>\n<p><strong>Boy: 177cm<\/strong><\/p>\n<p><strong>G\u00f6\u011f\u00fcs: 81cm<\/strong><\/p>\n<p><strong>Bel:65cm<\/strong><\/p>\n<p><strong>Kal\u00e7a: 89cm<\/strong><\/p>\n<p><strong>Beden Da\u011f\u0131l\u0131m\u0131: S2-M2-L1<\/strong><\/p>\n<p><strong>\u00dcretim \u00dclkesi: T\u00fcrkiye<\/strong><\/p>","protected":false},"excerpt":{"rendered":"<p>5490 AS\u0130METR\u0130K DETAYLI \u00c7\u0130ZG\u0130L\u0130 YELEK RENK: LAC\u0130VERT -S\u0130YAH KUMA\u015e KARI\u015eIMI: %64PES %32V\u0130S %4EA \u00dcR\u00dcN A\u00c7IKLAMASI: Astarl\u0131, s\u00fcs cepli, pensli, d\u00fc\u011fme iliklemeli, \u00e7\u0131t\u00e7\u0131tl\u0131, asimetrik kesim tasar\u0131m yelek. \u00d6L\u00c7\u00dcLER: Boy: 177cm G\u00f6\u011f\u00fcs: 81cm Bel:65cm Kal\u00e7a: 89cm Beden Da\u011f\u0131l\u0131m\u0131: S2-M2-L1 \u00dcretim \u00dclkesi: T\u00fcrkiye<\/p>","protected":false},"featured_media":32340,"template":"","meta":[],"product_brand":[],"product_cat":[46,47,30],"product_tag":[],"class_list":{"0":"post-32339","1":"product","2":"type-product","3":"status-publish","4":"has-post-thumbnail","6":"product_cat-2026-ilkbahar-yaz","7":"product_cat-yelek","8":"product_cat-yeni-gelenler","10":"first","11":"instock","12":"taxable","13":"shipping-taxable","14":"product-type-simple"},"_links":{"self":[{"href":"https:\/\/fkpynappel.com\/en\/wp-json\/wp\/v2\/product\/32339","targetHints":{"allow":["GET"]}}],"collection":[{"href":"https:\/\/fkpynappel.com\/en\/wp-json\/wp\/v2\/product"}],"about":[{"href":"https:\/\/fkpynappel.com\/en\/wp-json\/wp\/v2\/types\/product"}],"wp:featuredmedia":[{"embeddable":true,"href":"https:\/\/fkpynappel.com\/en\/wp-json\/wp\/v2\/media\/32340"}],"wp:attachment":[{"href":"https:\/\/fkpynappel.com\/en\/wp-json\/wp\/v2\/media?parent=32339"}],"wp:term":[{"taxonomy":"product_brand","embeddable":true,"href":"https:\/\/fkpynappel.com\/en\/wp-json\/wp\/v2\/product_brand?post=32339"},{"taxonomy":"product_cat","embeddable":true,"href":"https:\/\/fkpynappel.com\/en\/wp-json\/wp\/v2\/product_cat?post=32339"},{"taxonomy":"product_tag","embeddable":true,"href":"https:\/\/fkpynappel.com\/en\/wp-json\/wp\/v2\/product_tag?post=32339"}],"curies":[{"name":"wp","href":"https:\/\/api.w.org\/{rel}","templated":true}]}}