{"id":32333,"date":"2026-03-08T20:45:32","date_gmt":"2026-03-08T20:45:32","guid":{"rendered":"https:\/\/fkpynappel.com\/?post_type=product&#038;p=32333"},"modified":"2026-03-08T20:48:19","modified_gmt":"2026-03-08T20:48:19","slug":"tasarim-toka-detyli-ceket-tasarim-palazzo-pantolon","status":"publish","type":"product","link":"https:\/\/fkpynappel.com\/en\/product\/tasarim-toka-detyli-ceket-tasarim-palazzo-pantolon\/","title":{"rendered":"TASARIM TOKA DETYLI CEKET-TASARIM PALAZZO PANTOLON"},"content":{"rendered":"<p><strong>5492 TASARIM TOKA DETYLI CEKET- 1457 TASARIM PALAZZO PANTOLON<\/strong><\/p>\n<p><strong>RENK: NUT-S\u0130YAH<\/strong><\/p>\n<p><strong>KUMA\u015e KARI\u015eIMI: %92TENCEL %8PES<\/strong><\/p>\n<p><strong>\u00dcR\u00dcN A\u00c7IKLAMASI: Katl\u0131 yaka, vatkal\u0131 ve uzun kollu, \u00f6n\u00fc gizli d\u00fc\u011fme iliklemeli, pensli, cepli, s\u0131rt\u0131nda kendi kuma\u015f\u0131ndan ku\u015fakl\u0131, metal toka ve ku\u015fg\u00f6z\u00fc detayl\u0131 ceket.Metal kanca ve fermuar kapamal\u0131, yanlar\u0131 cepli, bol kesim tasar\u0131m palazzo pantolon.<\/strong><\/p>\n<p><strong>\u00d6L\u00c7\u00dcLER:<\/strong><\/p>\n<p><strong>Boy: 177cm<\/strong><\/p>\n<p><strong>G\u00f6\u011f\u00fcs: 81cm<\/strong><\/p>\n<p><strong>Bel:65cm<\/strong><\/p>\n<p><strong>Kal\u00e7a: 89cm<\/strong><\/p>\n<p><strong>Beden Da\u011f\u0131l\u0131m\u0131: S2-M2-L1<\/strong><\/p>\n<p><strong>\u00dcretim \u00dclkesi: T\u00fcrkiye<\/strong><\/p>","protected":false},"excerpt":{"rendered":"<p>5492 TASARIM TOKA DETYLI CEKET- 1457 TASARIM PALAZZO PANTOLON RENK: NUT-S\u0130YAH KUMA\u015e KARI\u015eIMI: %92TENCEL %8PES \u00dcR\u00dcN A\u00c7IKLAMASI: Katl\u0131 yaka, vatkal\u0131 ve uzun kollu, \u00f6n\u00fc gizli d\u00fc\u011fme iliklemeli, pensli, cepli, s\u0131rt\u0131nda kendi kuma\u015f\u0131ndan ku\u015fakl\u0131, metal toka ve ku\u015fg\u00f6z\u00fc detayl\u0131 ceket.Metal kanca ve fermuar kapamal\u0131, yanlar\u0131 cepli, bol kesim tasar\u0131m palazzo pantolon. \u00d6L\u00c7\u00dcLER: Boy: 177cm G\u00f6\u011f\u00fcs: 81cm [&hellip;]<\/p>\n","protected":false},"featured_media":32334,"template":"","meta":[],"product_brand":[],"product_cat":[46,34,32,40,30],"product_tag":[],"class_list":{"0":"post-32333","1":"product","2":"type-product","3":"status-publish","4":"has-post-thumbnail","6":"product_cat-2026-ilkbahar-yaz","7":"product_cat-etek","8":"product_cat-gomlek","9":"product_cat-takim","10":"product_cat-yeni-gelenler","12":"first","13":"instock","14":"taxable","15":"shipping-taxable","16":"purchasable","17":"product-type-simple"},"_links":{"self":[{"href":"https:\/\/fkpynappel.com\/en\/wp-json\/wp\/v2\/product\/32333","targetHints":{"allow":["GET"]}}],"collection":[{"href":"https:\/\/fkpynappel.com\/en\/wp-json\/wp\/v2\/product"}],"about":[{"href":"https:\/\/fkpynappel.com\/en\/wp-json\/wp\/v2\/types\/product"}],"wp:featuredmedia":[{"embeddable":true,"href":"https:\/\/fkpynappel.com\/en\/wp-json\/wp\/v2\/media\/32334"}],"wp:attachment":[{"href":"https:\/\/fkpynappel.com\/en\/wp-json\/wp\/v2\/media?parent=32333"}],"wp:term":[{"taxonomy":"product_brand","embeddable":true,"href":"https:\/\/fkpynappel.com\/en\/wp-json\/wp\/v2\/product_brand?post=32333"},{"taxonomy":"product_cat","embeddable":true,"href":"https:\/\/fkpynappel.com\/en\/wp-json\/wp\/v2\/product_cat?post=32333"},{"taxonomy":"product_tag","embeddable":true,"href":"https:\/\/fkpynappel.com\/en\/wp-json\/wp\/v2\/product_tag?post=32333"}],"curies":[{"name":"wp","href":"https:\/\/api.w.org\/{rel}","templated":true}]}}