{"id":32317,"date":"2026-03-08T20:33:53","date_gmt":"2026-03-08T20:33:53","guid":{"rendered":"https:\/\/fkpynappel.com\/?post_type=product&#038;p=32317"},"modified":"2026-03-08T20:36:29","modified_gmt":"2026-03-08T20:36:29","slug":"cizgili-yelek-cizgili-beli-lastikli-pantolon","status":"publish","type":"product","link":"https:\/\/fkpynappel.com\/en\/product\/cizgili-yelek-cizgili-beli-lastikli-pantolon\/","title":{"rendered":"\u00c7\u0130ZG\u0130L\u0130 YELEK-\u00c7\u0130ZG\u0130L\u0130 BEL\u0130 LAST\u0130KL\u0130 PANTOLON"},"content":{"rendered":"<p><strong>5489-\u00c7\u0130ZG\u0130L\u0130 YELEK-1448 \u00c7\u0130ZG\u0130L\u0130 BEL\u0130 LAST\u0130KL\u0130 PANTOLON<\/strong><\/p>\n<p><strong>RENK: A\u00c7IK GR\u0130<\/strong><\/p>\n<p><strong>KUMA\u015e KARI\u015eIMI: %49PES %49CO %2V\u0130S<\/strong><\/p>\n<p><strong>\u00dcR\u00dcN A\u00c7IKLAMASI: V yaka, \u00f6n\u00fc gizli d\u00fc\u011fme kapamal\u0131,kuplu basic yelek. Beli lastikli ve b\u00fczg\u00fcl\u00fc, yanlar\u0131 cepli bol kesim pantolon<\/strong><\/p>\n<p><strong>\u00d6L\u00c7\u00dcLER:<\/strong><\/p>\n<p><strong>Boy: 177cm<\/strong><\/p>\n<p><strong>G\u00f6\u011f\u00fcs: 81cm<\/strong><\/p>\n<p><strong>Bel:65cm<\/strong><\/p>\n<p><strong>Kal\u00e7a: 89cm<\/strong><\/p>\n<p><strong>Beden Da\u011f\u0131l\u0131m\u0131: S2-M2-L1<\/strong><\/p>\n<p><strong>\u00dcretim \u00dclkesi: T\u00fcrkiye<\/strong><\/p>","protected":false},"excerpt":{"rendered":"<p>5489-\u00c7\u0130ZG\u0130L\u0130 YELEK-1448 \u00c7\u0130ZG\u0130L\u0130 BEL\u0130 LAST\u0130KL\u0130 PANTOLON RENK: A\u00c7IK GR\u0130 KUMA\u015e KARI\u015eIMI: %49PES %49CO %2V\u0130S \u00dcR\u00dcN A\u00c7IKLAMASI: V yaka, \u00f6n\u00fc gizli d\u00fc\u011fme kapamal\u0131,kuplu basic yelek. Beli lastikli ve b\u00fczg\u00fcl\u00fc, yanlar\u0131 cepli bol kesim pantolon \u00d6L\u00c7\u00dcLER: Boy: 177cm G\u00f6\u011f\u00fcs: 81cm Bel:65cm Kal\u00e7a: 89cm Beden Da\u011f\u0131l\u0131m\u0131: S2-M2-L1 \u00dcretim \u00dclkesi: T\u00fcrkiye<\/p>","protected":false},"featured_media":32318,"template":"","meta":[],"product_brand":[],"product_cat":[46,21,40,47,30],"product_tag":[],"class_list":{"0":"post-32317","1":"product","2":"type-product","3":"status-publish","4":"has-post-thumbnail","6":"product_cat-2026-ilkbahar-yaz","7":"product_cat-pantolon","8":"product_cat-takim","9":"product_cat-yelek","10":"product_cat-yeni-gelenler","12":"first","13":"instock","14":"taxable","15":"shipping-taxable","16":"purchasable","17":"product-type-simple"},"_links":{"self":[{"href":"https:\/\/fkpynappel.com\/en\/wp-json\/wp\/v2\/product\/32317","targetHints":{"allow":["GET"]}}],"collection":[{"href":"https:\/\/fkpynappel.com\/en\/wp-json\/wp\/v2\/product"}],"about":[{"href":"https:\/\/fkpynappel.com\/en\/wp-json\/wp\/v2\/types\/product"}],"wp:featuredmedia":[{"embeddable":true,"href":"https:\/\/fkpynappel.com\/en\/wp-json\/wp\/v2\/media\/32318"}],"wp:attachment":[{"href":"https:\/\/fkpynappel.com\/en\/wp-json\/wp\/v2\/media?parent=32317"}],"wp:term":[{"taxonomy":"product_brand","embeddable":true,"href":"https:\/\/fkpynappel.com\/en\/wp-json\/wp\/v2\/product_brand?post=32317"},{"taxonomy":"product_cat","embeddable":true,"href":"https:\/\/fkpynappel.com\/en\/wp-json\/wp\/v2\/product_cat?post=32317"},{"taxonomy":"product_tag","embeddable":true,"href":"https:\/\/fkpynappel.com\/en\/wp-json\/wp\/v2\/product_tag?post=32317"}],"curies":[{"name":"wp","href":"https:\/\/api.w.org\/{rel}","templated":true}]}}