{"id":32311,"date":"2026-03-08T20:30:19","date_gmt":"2026-03-08T20:30:19","guid":{"rendered":"https:\/\/fkpynappel.com\/?post_type=product&#038;p=32311"},"modified":"2026-04-14T12:33:45","modified_gmt":"2026-04-14T12:33:45","slug":"bagcik-detayli-crop-gomlek","status":"publish","type":"product","link":"https:\/\/fkpynappel.com\/en\/product\/bagcik-detayli-crop-gomlek\/","title":{"rendered":"BA\u011eCIK DETAYLI CROP G\u00d6MLEK-BOL KES\u0130M PANTOLON"},"content":{"rendered":"<p><strong>2467-BA\u011eCIK DETAYLI CROP G\u00d6MLEK \/ 1463-BOL KES\u0130M PANTOLON<\/strong><\/p>\n<p><strong>RENK: BEBE MAV\u0130-BEYAZ-S\u0130YAH<\/strong><\/p>\n<p><strong>KUMA\u015e KARI\u015eIMI: %100COT<\/strong><\/p>\n<p><strong>\u00dcR\u00dcN A\u00c7IKLAMASI: G\u00f6mlek yaka, \u00f6n\u00fc d\u00fc\u011fme iliklemeli, k\u0131sa kollu, \u00f6n\u00fc metal ku\u015fg\u00f6z\u00fc ba\u011flamal\u0131 crop g\u00f6mlek.<\/strong><\/p>\n<p><strong>\u00d6L\u00c7\u00dcLER:<\/strong><\/p>\n<p><strong>Boy: 177cm<\/strong><\/p>\n<p><strong>G\u00f6\u011f\u00fcs: 81cm<\/strong><\/p>\n<p><strong>Bel:65cm<\/strong><\/p>\n<p><strong>Kal\u00e7a: 89cm<\/strong><\/p>\n<p><strong>Beden Da\u011f\u0131l\u0131m\u0131: S2-M1-L1<\/strong><\/p>\n<p><strong>\u00dcretim \u00dclkesi: T\u00fcrkiye<\/strong><\/p>","protected":false},"excerpt":{"rendered":"<p>2467-BA\u011eCIK DETAYLI CROP G\u00d6MLEK \/ 1463-BOL KES\u0130M PANTOLON RENK: BEBE MAV\u0130-BEYAZ-S\u0130YAH KUMA\u015e KARI\u015eIMI: %100COT \u00dcR\u00dcN A\u00c7IKLAMASI: G\u00f6mlek yaka, \u00f6n\u00fc d\u00fc\u011fme iliklemeli, k\u0131sa kollu, \u00f6n\u00fc metal ku\u015fg\u00f6z\u00fc ba\u011flamal\u0131 crop g\u00f6mlek. \u00d6L\u00c7\u00dcLER: Boy: 177cm G\u00f6\u011f\u00fcs: 81cm Bel:65cm Kal\u00e7a: 89cm Beden Da\u011f\u0131l\u0131m\u0131: S2-M1-L1 \u00dcretim \u00dclkesi: T\u00fcrkiye<\/p>","protected":false},"featured_media":32312,"template":"","meta":[],"product_brand":[],"product_cat":[46,32,21,40,30],"product_tag":[],"class_list":{"0":"post-32311","1":"product","2":"type-product","3":"status-publish","4":"has-post-thumbnail","6":"product_cat-2026-ilkbahar-yaz","7":"product_cat-gomlek","8":"product_cat-pantolon","9":"product_cat-takim","10":"product_cat-yeni-gelenler","12":"first","13":"instock","14":"taxable","15":"shipping-taxable","16":"purchasable","17":"product-type-simple"},"_links":{"self":[{"href":"https:\/\/fkpynappel.com\/en\/wp-json\/wp\/v2\/product\/32311","targetHints":{"allow":["GET"]}}],"collection":[{"href":"https:\/\/fkpynappel.com\/en\/wp-json\/wp\/v2\/product"}],"about":[{"href":"https:\/\/fkpynappel.com\/en\/wp-json\/wp\/v2\/types\/product"}],"wp:featuredmedia":[{"embeddable":true,"href":"https:\/\/fkpynappel.com\/en\/wp-json\/wp\/v2\/media\/32312"}],"wp:attachment":[{"href":"https:\/\/fkpynappel.com\/en\/wp-json\/wp\/v2\/media?parent=32311"}],"wp:term":[{"taxonomy":"product_brand","embeddable":true,"href":"https:\/\/fkpynappel.com\/en\/wp-json\/wp\/v2\/product_brand?post=32311"},{"taxonomy":"product_cat","embeddable":true,"href":"https:\/\/fkpynappel.com\/en\/wp-json\/wp\/v2\/product_cat?post=32311"},{"taxonomy":"product_tag","embeddable":true,"href":"https:\/\/fkpynappel.com\/en\/wp-json\/wp\/v2\/product_tag?post=32311"}],"curies":[{"name":"wp","href":"https:\/\/api.w.org\/{rel}","templated":true}]}}