{"id":32303,"date":"2026-03-08T20:25:17","date_gmt":"2026-03-08T20:25:17","guid":{"rendered":"https:\/\/fkpynappel.com\/?post_type=product&#038;p=32303"},"modified":"2026-04-14T15:42:27","modified_gmt":"2026-04-14T15:42:27","slug":"kuplu-bustiyer","status":"publish","type":"product","link":"https:\/\/fkpynappel.com\/en\/product\/kuplu-bustiyer\/","title":{"rendered":"KUPLU B\u00dcST\u0130YER"},"content":{"rendered":"<p><strong>3316- KUPLU B\u00dcST\u0130YER<\/strong><\/p>\n<p><strong>RENK: MOCHA-TEREYA\u011eI-EKRU-SARI<\/strong><\/p>\n<p><strong>KUMA\u015e KARI\u015eIMI: %100PES<\/strong><\/p>\n<p><strong>\u00dcR\u00dcN A\u00c7IKLAMASI: Kuplu, balenli, telal\u0131, metal fermuar kapamal\u0131 premium b\u00fcstiyer.<\/strong><\/p>\n<p><strong>\u00d6L\u00c7\u00dcLER:<\/strong><\/p>\n<p><strong>Boy: 177cm<\/strong><\/p>\n<p><strong>G\u00f6\u011f\u00fcs: 81cm<\/strong><\/p>\n<p><strong>Bel:65cm<\/strong><\/p>\n<p><strong>Kal\u00e7a: 89cm<\/strong><\/p>\n<p><strong>Beden Da\u011f\u0131l\u0131m\u0131: S2-M1-L1<\/strong><\/p>\n<p><strong>\u00dcretim \u00dclkesi: T\u00fcrkiye<\/strong><\/p>","protected":false},"excerpt":{"rendered":"<p>3316- KUPLU B\u00dcST\u0130YER RENK: MOCHA-TEREYA\u011eI-EKRU-SARI KUMA\u015e KARI\u015eIMI: %100PES \u00dcR\u00dcN A\u00c7IKLAMASI: Kuplu, balenli, telal\u0131, metal fermuar kapamal\u0131 premium b\u00fcstiyer. \u00d6L\u00c7\u00dcLER: Boy: 177cm G\u00f6\u011f\u00fcs: 81cm Bel:65cm Kal\u00e7a: 89cm Beden Da\u011f\u0131l\u0131m\u0131: S2-M1-L1 \u00dcretim \u00dclkesi: T\u00fcrkiye<\/p>","protected":false},"featured_media":32304,"template":"","meta":[],"product_brand":[],"product_cat":[46,42,45,30],"product_tag":[],"class_list":{"0":"post-32303","1":"product","2":"type-product","3":"status-publish","4":"has-post-thumbnail","6":"product_cat-2026-ilkbahar-yaz","7":"product_cat-bluz","8":"product_cat-bustiyer","9":"product_cat-yeni-gelenler","11":"first","12":"instock","13":"taxable","14":"shipping-taxable","15":"purchasable","16":"product-type-simple"},"_links":{"self":[{"href":"https:\/\/fkpynappel.com\/en\/wp-json\/wp\/v2\/product\/32303","targetHints":{"allow":["GET"]}}],"collection":[{"href":"https:\/\/fkpynappel.com\/en\/wp-json\/wp\/v2\/product"}],"about":[{"href":"https:\/\/fkpynappel.com\/en\/wp-json\/wp\/v2\/types\/product"}],"wp:featuredmedia":[{"embeddable":true,"href":"https:\/\/fkpynappel.com\/en\/wp-json\/wp\/v2\/media\/32304"}],"wp:attachment":[{"href":"https:\/\/fkpynappel.com\/en\/wp-json\/wp\/v2\/media?parent=32303"}],"wp:term":[{"taxonomy":"product_brand","embeddable":true,"href":"https:\/\/fkpynappel.com\/en\/wp-json\/wp\/v2\/product_brand?post=32303"},{"taxonomy":"product_cat","embeddable":true,"href":"https:\/\/fkpynappel.com\/en\/wp-json\/wp\/v2\/product_cat?post=32303"},{"taxonomy":"product_tag","embeddable":true,"href":"https:\/\/fkpynappel.com\/en\/wp-json\/wp\/v2\/product_tag?post=32303"}],"curies":[{"name":"wp","href":"https:\/\/api.w.org\/{rel}","templated":true}]}}