{"id":32290,"date":"2026-03-08T20:15:07","date_gmt":"2026-03-08T20:15:07","guid":{"rendered":"https:\/\/fkpynappel.com\/?post_type=product&#038;p=32290"},"modified":"2026-03-23T12:58:25","modified_gmt":"2026-03-23T12:58:25","slug":"baglama-detayli-parlak-bluz","status":"publish","type":"product","link":"https:\/\/fkpynappel.com\/en\/product\/baglama-detayli-parlak-bluz\/","title":{"rendered":"BA\u011eLAMA DETAYLI PARLAK BLUZ"},"content":{"rendered":"<p>&nbsp;<\/p>\n<p><strong>3309 BA\u011eLAMA DETAYLI PARLAK BLUZ<\/strong><\/p>\n<p><strong>RENK: G\u00dcM\u00dc\u015e-GOLD-BEJ<\/strong><\/p>\n<p><strong>KUMA\u015e KARI\u015eIMI: %92PES %8SP<\/strong><\/p>\n<p><strong>\u00dcR\u00dcN A\u00c7IKLAMASI: Boyundan ba\u011flamal\u0131,kolsuz, bol kesim parlak kuma\u015ftan bluz<\/strong><\/p>\n<p><strong>\u00d6L\u00c7\u00dcLER:<\/strong><\/p>\n<p><strong>Boy: 177cm<\/strong><\/p>\n<p><strong>G\u00f6\u011f\u00fcs: 81cm<\/strong><\/p>\n<p><strong>Bel:65cm<\/strong><\/p>\n<p><strong>Kal\u00e7a: 89cm<\/strong><\/p>\n<p><strong>Beden Da\u011f\u0131l\u0131m\u0131: S2-M1-L1<\/strong><\/p>\n<p><strong>\u00dcretim \u00dclkesi: T\u00fcrkiye<\/strong><\/p>","protected":false},"excerpt":{"rendered":"<p>&nbsp; 3309 BA\u011eLAMA DETAYLI PARLAK BLUZ RENK: G\u00dcM\u00dc\u015e-GOLD-BEJ KUMA\u015e KARI\u015eIMI: %92PES %8SP \u00dcR\u00dcN A\u00c7IKLAMASI: Boyundan ba\u011flamal\u0131,kolsuz, bol kesim parlak kuma\u015ftan bluz \u00d6L\u00c7\u00dcLER: Boy: 177cm G\u00f6\u011f\u00fcs: 81cm Bel:65cm Kal\u00e7a: 89cm Beden Da\u011f\u0131l\u0131m\u0131: S2-M1-L1 \u00dcretim \u00dclkesi: T\u00fcrkiye<\/p>","protected":false},"featured_media":32291,"template":"","meta":[],"product_brand":[],"product_cat":[46,42,45,30],"product_tag":[],"class_list":{"0":"post-32290","1":"product","2":"type-product","3":"status-publish","4":"has-post-thumbnail","6":"product_cat-2026-ilkbahar-yaz","7":"product_cat-bluz","8":"product_cat-bustiyer","9":"product_cat-yeni-gelenler","11":"first","12":"instock","13":"taxable","14":"shipping-taxable","15":"product-type-simple"},"_links":{"self":[{"href":"https:\/\/fkpynappel.com\/en\/wp-json\/wp\/v2\/product\/32290","targetHints":{"allow":["GET"]}}],"collection":[{"href":"https:\/\/fkpynappel.com\/en\/wp-json\/wp\/v2\/product"}],"about":[{"href":"https:\/\/fkpynappel.com\/en\/wp-json\/wp\/v2\/types\/product"}],"wp:featuredmedia":[{"embeddable":true,"href":"https:\/\/fkpynappel.com\/en\/wp-json\/wp\/v2\/media\/32291"}],"wp:attachment":[{"href":"https:\/\/fkpynappel.com\/en\/wp-json\/wp\/v2\/media?parent=32290"}],"wp:term":[{"taxonomy":"product_brand","embeddable":true,"href":"https:\/\/fkpynappel.com\/en\/wp-json\/wp\/v2\/product_brand?post=32290"},{"taxonomy":"product_cat","embeddable":true,"href":"https:\/\/fkpynappel.com\/en\/wp-json\/wp\/v2\/product_cat?post=32290"},{"taxonomy":"product_tag","embeddable":true,"href":"https:\/\/fkpynappel.com\/en\/wp-json\/wp\/v2\/product_tag?post=32290"}],"curies":[{"name":"wp","href":"https:\/\/api.w.org\/{rel}","templated":true}]}}