{"id":32274,"date":"2026-03-08T20:08:52","date_gmt":"2026-03-08T20:08:52","guid":{"rendered":"https:\/\/fkpynappel.com\/?post_type=product&#038;p=32274"},"modified":"2026-03-08T20:11:56","modified_gmt":"2026-03-08T20:11:56","slug":"fular-detayli-yelek","status":"publish","type":"product","link":"https:\/\/fkpynappel.com\/en\/product\/fular-detayli-yelek\/","title":{"rendered":"FULAR DETAYLI YELEK"},"content":{"rendered":"<p><strong>3314 FULAR DETAYLI YELEK<\/strong><\/p>\n<p><strong>RENK: BEYAZ-CAMEL-\u00c7A\u011eLA<\/strong><\/p>\n<p><strong>KUMA\u015e KARI\u015eIMI: %100COT<\/strong><\/p>\n<p><strong>\u00dcR\u00dcN A\u00c7IKLAMASI: Kendinden fularl\u0131, \u00f6n\u00fc d\u00fc\u011fme iliklemeli, astarl\u0131 tasar\u0131m yelek.<\/strong><\/p>\n<p><strong>\u00d6L\u00c7\u00dcLER:<\/strong><\/p>\n<p><strong>Boy: 177cm<\/strong><\/p>\n<p><strong>G\u00f6\u011f\u00fcs: 81cm<\/strong><\/p>\n<p><strong>Bel:65cm<\/strong><\/p>\n<p><strong>Kal\u00e7a: 89cm<\/strong><\/p>\n<p><strong>Beden Da\u011f\u0131l\u0131m\u0131: S2-M1-L1<\/strong><\/p>\n<p><strong>\u00dcretim \u00dclkesi: T\u00fcrkiye<\/strong><\/p>","protected":false},"excerpt":{"rendered":"<p>3314 FULAR DETAYLI YELEK RENK: BEYAZ-CAMEL-\u00c7A\u011eLA KUMA\u015e KARI\u015eIMI: %100COT \u00dcR\u00dcN A\u00c7IKLAMASI: Kendinden fularl\u0131, \u00f6n\u00fc d\u00fc\u011fme iliklemeli, astarl\u0131 tasar\u0131m yelek. \u00d6L\u00c7\u00dcLER: Boy: 177cm G\u00f6\u011f\u00fcs: 81cm Bel:65cm Kal\u00e7a: 89cm Beden Da\u011f\u0131l\u0131m\u0131: S2-M1-L1 \u00dcretim \u00dclkesi: T\u00fcrkiye<\/p>","protected":false},"featured_media":32275,"template":"","meta":[],"product_brand":[],"product_cat":[46,45,47,30],"product_tag":[],"class_list":{"0":"post-32274","1":"product","2":"type-product","3":"status-publish","4":"has-post-thumbnail","6":"product_cat-2026-ilkbahar-yaz","7":"product_cat-bustiyer","8":"product_cat-yelek","9":"product_cat-yeni-gelenler","11":"first","12":"instock","13":"taxable","14":"shipping-taxable","15":"purchasable","16":"product-type-simple"},"_links":{"self":[{"href":"https:\/\/fkpynappel.com\/en\/wp-json\/wp\/v2\/product\/32274","targetHints":{"allow":["GET"]}}],"collection":[{"href":"https:\/\/fkpynappel.com\/en\/wp-json\/wp\/v2\/product"}],"about":[{"href":"https:\/\/fkpynappel.com\/en\/wp-json\/wp\/v2\/types\/product"}],"wp:featuredmedia":[{"embeddable":true,"href":"https:\/\/fkpynappel.com\/en\/wp-json\/wp\/v2\/media\/32275"}],"wp:attachment":[{"href":"https:\/\/fkpynappel.com\/en\/wp-json\/wp\/v2\/media?parent=32274"}],"wp:term":[{"taxonomy":"product_brand","embeddable":true,"href":"https:\/\/fkpynappel.com\/en\/wp-json\/wp\/v2\/product_brand?post=32274"},{"taxonomy":"product_cat","embeddable":true,"href":"https:\/\/fkpynappel.com\/en\/wp-json\/wp\/v2\/product_cat?post=32274"},{"taxonomy":"product_tag","embeddable":true,"href":"https:\/\/fkpynappel.com\/en\/wp-json\/wp\/v2\/product_tag?post=32274"}],"curies":[{"name":"wp","href":"https:\/\/api.w.org\/{rel}","templated":true}]}}