{"id":32264,"date":"2026-03-08T20:00:30","date_gmt":"2026-03-08T20:00:30","guid":{"rendered":"https:\/\/fkpynappel.com\/?post_type=product&#038;p=32264"},"modified":"2026-03-08T20:06:57","modified_gmt":"2026-03-08T20:06:57","slug":"sal-yaka-tasarim-yelek-palazzo-pantolon","status":"publish","type":"product","link":"https:\/\/fkpynappel.com\/en\/product\/sal-yaka-tasarim-yelek-palazzo-pantolon\/","title":{"rendered":"\u015eAL YAKA TASARIM YELEK \u2013 PALAZZO PANTOLON"},"content":{"rendered":"<p><strong>5491 \u015eAL YAKA TASARIM YELEK \u2013 1453 PALAZZO PANTOLON<\/strong><\/p>\n<p><strong>RENK: HAK\u0130-L\u0130ME-V\u0130ZON-EKRU<\/strong><\/p>\n<p><strong>KUMA\u015e KARI\u015eIMI: %92 TENCEL %8PES<\/strong><\/p>\n<p><strong>\u00dcR\u00dcN A\u00c7IKLAMASI: \u015eal yaka, vatkal\u0131, apoletli, drape detayl\u0131, s\u00fcs cepli, kendi kuma\u015f\u0131ndan ku\u015fakl\u0131 ve ba\u011flamal\u0131 yelek. Metal kanca ve fermuar detayl\u0131bol kesim palazzo pantolon.<\/strong><\/p>\n<p><strong>\u00d6L\u00c7\u00dcLER:<\/strong><\/p>\n<p><strong>Boy: 177cm<\/strong><\/p>\n<p><strong>G\u00f6\u011f\u00fcs: 81cm<\/strong><\/p>\n<p><strong>Bel:65cm<\/strong><\/p>\n<p><strong>Kal\u00e7a: 89cm<\/strong><\/p>\n<p><strong>Beden Da\u011f\u0131l\u0131m\u0131: S2-M1-L1<\/strong><\/p>\n<p><strong>\u00dcretim \u00dclkesi: T\u00fcrkiye<\/strong><\/p>","protected":false},"excerpt":{"rendered":"<p>5491 \u015eAL YAKA TASARIM YELEK \u2013 1453 PALAZZO PANTOLON RENK: HAK\u0130-L\u0130ME-V\u0130ZON-EKRU KUMA\u015e KARI\u015eIMI: %92 TENCEL %8PES \u00dcR\u00dcN A\u00c7IKLAMASI: \u015eal yaka, vatkal\u0131, apoletli, drape detayl\u0131, s\u00fcs cepli, kendi kuma\u015f\u0131ndan ku\u015fakl\u0131 ve ba\u011flamal\u0131 yelek. Metal kanca ve fermuar detayl\u0131bol kesim palazzo pantolon. \u00d6L\u00c7\u00dcLER: Boy: 177cm G\u00f6\u011f\u00fcs: 81cm Bel:65cm Kal\u00e7a: 89cm Beden Da\u011f\u0131l\u0131m\u0131: S2-M1-L1 \u00dcretim \u00dclkesi: T\u00fcrkiye<\/p>","protected":false},"featured_media":32265,"template":"","meta":[],"product_brand":[],"product_cat":[46,21,40,47,30],"product_tag":[],"class_list":{"0":"post-32264","1":"product","2":"type-product","3":"status-publish","4":"has-post-thumbnail","6":"product_cat-2026-ilkbahar-yaz","7":"product_cat-pantolon","8":"product_cat-takim","9":"product_cat-yelek","10":"product_cat-yeni-gelenler","12":"first","13":"instock","14":"taxable","15":"shipping-taxable","16":"product-type-simple"},"_links":{"self":[{"href":"https:\/\/fkpynappel.com\/en\/wp-json\/wp\/v2\/product\/32264","targetHints":{"allow":["GET"]}}],"collection":[{"href":"https:\/\/fkpynappel.com\/en\/wp-json\/wp\/v2\/product"}],"about":[{"href":"https:\/\/fkpynappel.com\/en\/wp-json\/wp\/v2\/types\/product"}],"wp:featuredmedia":[{"embeddable":true,"href":"https:\/\/fkpynappel.com\/en\/wp-json\/wp\/v2\/media\/32265"}],"wp:attachment":[{"href":"https:\/\/fkpynappel.com\/en\/wp-json\/wp\/v2\/media?parent=32264"}],"wp:term":[{"taxonomy":"product_brand","embeddable":true,"href":"https:\/\/fkpynappel.com\/en\/wp-json\/wp\/v2\/product_brand?post=32264"},{"taxonomy":"product_cat","embeddable":true,"href":"https:\/\/fkpynappel.com\/en\/wp-json\/wp\/v2\/product_cat?post=32264"},{"taxonomy":"product_tag","embeddable":true,"href":"https:\/\/fkpynappel.com\/en\/wp-json\/wp\/v2\/product_tag?post=32264"}],"curies":[{"name":"wp","href":"https:\/\/api.w.org\/{rel}","templated":true}]}}