{"id":32164,"date":"2026-03-08T16:32:31","date_gmt":"2026-03-08T16:32:31","guid":{"rendered":"https:\/\/fkpynappel.com\/?post_type=product&#038;p=32164"},"modified":"2026-03-11T10:07:52","modified_gmt":"2026-03-11T10:07:52","slug":"cift-kemer-detayli-palazzo-pantolon","status":"publish","type":"product","link":"https:\/\/fkpynappel.com\/en\/product\/cift-kemer-detayli-palazzo-pantolon\/","title":{"rendered":"\u00c7\u0130FT KEMER DETAYLI PALAZZO PANTOLON"},"content":{"rendered":"<p><strong>1450 \u00c7\u0130FT KEMER DETAYLI PALAZZO PANTOLON<\/strong><\/p>\n<p><strong>RENK: S\u0130YAH-CAMEL-EKRU<\/strong><\/p>\n<p><strong>KUMA\u015e KARI\u015eIMI: %92 TENCEL %8PES<\/strong><\/p>\n<p><strong>\u00dcR\u00dcN A\u00c7IKLAMASI: \u00a0Beli \u00e7ift kemerli ve lastikli, \u00e7\u0131t\u00e7\u0131t ve fermuar kapamal\u0131, yanlar\u0131 cepli tasar\u0131m pantolon. 2 adet kemer ile birlikte.<\/strong><\/p>\n<p><strong>\u00d6L\u00c7\u00dcLER:<\/strong><\/p>\n<p><strong>Boy: 177cm<\/strong><\/p>\n<p><strong>G\u00f6\u011f\u00fcs: 81cm<\/strong><\/p>\n<p><strong>Bel:65cm<\/strong><\/p>\n<p><strong>Kal\u00e7a: 89cm<\/strong><\/p>\n<p><strong>Beden Da\u011f\u0131l\u0131m\u0131: S2-M2-L1<\/strong><\/p>\n<p><strong>\u00dcretim \u00dclkesi: T\u00fcrkiye<\/strong><\/p>","protected":false},"excerpt":{"rendered":"<p>1450 \u00c7\u0130FT KEMER DETAYLI PALAZZO PANTOLON RENK: S\u0130YAH-CAMEL-EKRU KUMA\u015e KARI\u015eIMI: %92 TENCEL %8PES \u00dcR\u00dcN A\u00c7IKLAMASI: \u00a0Beli \u00e7ift kemerli ve lastikli, \u00e7\u0131t\u00e7\u0131t ve fermuar kapamal\u0131, yanlar\u0131 cepli tasar\u0131m pantolon. 2 adet kemer ile birlikte. \u00d6L\u00c7\u00dcLER: Boy: 177cm G\u00f6\u011f\u00fcs: 81cm Bel:65cm Kal\u00e7a: 89cm Beden Da\u011f\u0131l\u0131m\u0131: S2-M2-L1 \u00dcretim \u00dclkesi: T\u00fcrkiye<\/p>","protected":false},"featured_media":32168,"template":"","meta":[],"product_brand":[],"product_cat":[46,21,30],"product_tag":[],"class_list":{"0":"post-32164","1":"product","2":"type-product","3":"status-publish","4":"has-post-thumbnail","6":"product_cat-2026-ilkbahar-yaz","7":"product_cat-pantolon","8":"product_cat-yeni-gelenler","10":"first","11":"instock","12":"taxable","13":"shipping-taxable","14":"product-type-simple"},"_links":{"self":[{"href":"https:\/\/fkpynappel.com\/en\/wp-json\/wp\/v2\/product\/32164","targetHints":{"allow":["GET"]}}],"collection":[{"href":"https:\/\/fkpynappel.com\/en\/wp-json\/wp\/v2\/product"}],"about":[{"href":"https:\/\/fkpynappel.com\/en\/wp-json\/wp\/v2\/types\/product"}],"wp:featuredmedia":[{"embeddable":true,"href":"https:\/\/fkpynappel.com\/en\/wp-json\/wp\/v2\/media\/32168"}],"wp:attachment":[{"href":"https:\/\/fkpynappel.com\/en\/wp-json\/wp\/v2\/media?parent=32164"}],"wp:term":[{"taxonomy":"product_brand","embeddable":true,"href":"https:\/\/fkpynappel.com\/en\/wp-json\/wp\/v2\/product_brand?post=32164"},{"taxonomy":"product_cat","embeddable":true,"href":"https:\/\/fkpynappel.com\/en\/wp-json\/wp\/v2\/product_cat?post=32164"},{"taxonomy":"product_tag","embeddable":true,"href":"https:\/\/fkpynappel.com\/en\/wp-json\/wp\/v2\/product_tag?post=32164"}],"curies":[{"name":"wp","href":"https:\/\/api.w.org\/{rel}","templated":true}]}}