{"id":32106,"date":"2026-03-08T14:39:25","date_gmt":"2026-03-08T14:39:25","guid":{"rendered":"https:\/\/fkpynappel.com\/?post_type=product&#038;p=32106"},"modified":"2026-03-08T14:43:41","modified_gmt":"2026-03-08T14:43:41","slug":"sifon-maksi-boy-etek","status":"publish","type":"product","link":"https:\/\/fkpynappel.com\/en\/product\/sifon-maksi-boy-etek\/","title":{"rendered":"\u015e\u0130FON MAKS\u0130 BOY ETEK"},"content":{"rendered":"<p><strong>4588 \u015e\u0130FON MAKS\u0130 BOY ETEK<\/strong><\/p>\n<p><strong>RENK: S\u0130YAH-BEYAZ<\/strong><\/p>\n<p><strong>KUMA\u015e KARI\u015eIMI: %100PES<\/strong><\/p>\n<p><strong>\u00dcR\u00dcN A\u00c7IKLAMASI: Astarl\u0131, par\u00e7al\u0131, fermuar kapamal\u0131, d\u00fc\u015f\u00fck bel \u015fifon maksi boy etek. \u00c7ift tokal\u0131 kemerli.<\/strong><\/p>\n<p><strong>\u00d6L\u00c7\u00dcLER:<\/strong><\/p>\n<p><strong>Boy: 177cm<\/strong><\/p>\n<p><strong>G\u00f6\u011f\u00fcs: 81cm<\/strong><\/p>\n<p><strong>Bel:65cm<\/strong><\/p>\n<p><strong>Kal\u00e7a: 89cm<\/strong><\/p>\n<p><strong>Beden Da\u011f\u0131l\u0131m\u0131: S2-M2-L1<\/strong><\/p>\n<p><strong>\u00dcretim \u00dclkesi: T\u00fcrkiye<\/strong><\/p>","protected":false},"excerpt":{"rendered":"<p>4588 \u015e\u0130FON MAKS\u0130 BOY ETEK RENK: S\u0130YAH-BEYAZ KUMA\u015e KARI\u015eIMI: %100PES \u00dcR\u00dcN A\u00c7IKLAMASI: Astarl\u0131, par\u00e7al\u0131, fermuar kapamal\u0131, d\u00fc\u015f\u00fck bel \u015fifon maksi boy etek. \u00c7ift tokal\u0131 kemerli. \u00d6L\u00c7\u00dcLER: Boy: 177cm G\u00f6\u011f\u00fcs: 81cm Bel:65cm Kal\u00e7a: 89cm Beden Da\u011f\u0131l\u0131m\u0131: S2-M2-L1 \u00dcretim \u00dclkesi: T\u00fcrkiye<\/p>","protected":false},"featured_media":32107,"template":"","meta":[],"product_brand":[],"product_cat":[46,34,30],"product_tag":[],"class_list":{"0":"post-32106","1":"product","2":"type-product","3":"status-publish","4":"has-post-thumbnail","6":"product_cat-2026-ilkbahar-yaz","7":"product_cat-etek","8":"product_cat-yeni-gelenler","10":"first","11":"instock","12":"taxable","13":"shipping-taxable","14":"purchasable","15":"product-type-simple"},"_links":{"self":[{"href":"https:\/\/fkpynappel.com\/en\/wp-json\/wp\/v2\/product\/32106","targetHints":{"allow":["GET"]}}],"collection":[{"href":"https:\/\/fkpynappel.com\/en\/wp-json\/wp\/v2\/product"}],"about":[{"href":"https:\/\/fkpynappel.com\/en\/wp-json\/wp\/v2\/types\/product"}],"wp:featuredmedia":[{"embeddable":true,"href":"https:\/\/fkpynappel.com\/en\/wp-json\/wp\/v2\/media\/32107"}],"wp:attachment":[{"href":"https:\/\/fkpynappel.com\/en\/wp-json\/wp\/v2\/media?parent=32106"}],"wp:term":[{"taxonomy":"product_brand","embeddable":true,"href":"https:\/\/fkpynappel.com\/en\/wp-json\/wp\/v2\/product_brand?post=32106"},{"taxonomy":"product_cat","embeddable":true,"href":"https:\/\/fkpynappel.com\/en\/wp-json\/wp\/v2\/product_cat?post=32106"},{"taxonomy":"product_tag","embeddable":true,"href":"https:\/\/fkpynappel.com\/en\/wp-json\/wp\/v2\/product_tag?post=32106"}],"curies":[{"name":"wp","href":"https:\/\/api.w.org\/{rel}","templated":true}]}}