{"id":32096,"date":"2026-03-08T14:34:25","date_gmt":"2026-03-08T14:34:25","guid":{"rendered":"https:\/\/fkpynappel.com\/?post_type=product&#038;p=32096"},"modified":"2026-03-24T08:46:02","modified_gmt":"2026-03-24T08:46:02","slug":"kuplu-straplez-bustiyer-bol-kesim-pantolon","status":"publish","type":"product","link":"https:\/\/fkpynappel.com\/en\/product\/kuplu-straplez-bustiyer-bol-kesim-pantolon\/","title":{"rendered":"KUPLU STRAPLEZ B\u00dcST\u0130YER-BOL KES\u0130M PANTOLON"},"content":{"rendered":"<p><strong>3310 KUPLU STRAPLEZ B\u00dcST\u0130YER- 1449 BOL KES\u0130M PANTOLON<\/strong><\/p>\n<p><strong>RENK: TA\u015e-CAMEL-\u00c7A\u011eLA<\/strong><\/p>\n<p><strong>KUMA\u015e KARI\u015eIMI: %100COT<\/strong><\/p>\n<p><strong>\u00dcR\u00dcN A\u00c7IKLAMASI: Straplez yaka, \u00f6n\u00fc gizli d\u00fc\u011fme iliklemeli, s\u0131rt\u0131 fermuar kapamal\u0131 straplez b\u00fcstiyer. Metal kanca ve fermuar kapamal\u0131 bol kesim pantolon.<\/strong><\/p>\n<p><strong>\u00d6L\u00c7\u00dcLER:<\/strong><\/p>\n<p><strong>Boy: 177cm<\/strong><\/p>\n<p><strong>G\u00f6\u011f\u00fcs: 81cm<\/strong><\/p>\n<p><strong>Bel:65cm<\/strong><\/p>\n<p><strong>Kal\u00e7a: 89cm<\/strong><\/p>\n<p><strong>Beden Da\u011f\u0131l\u0131m\u0131: S2-M2-L1<\/strong><\/p>\n<p><strong>\u00dcretim \u00dclkesi: T\u00fcrkiye<\/strong><\/p>","protected":false},"excerpt":{"rendered":"<p>3310 KUPLU STRAPLEZ B\u00dcST\u0130YER- 1449 BOL KES\u0130M PANTOLON RENK: TA\u015e-CAMEL-\u00c7A\u011eLA KUMA\u015e KARI\u015eIMI: %100COT \u00dcR\u00dcN A\u00c7IKLAMASI: Straplez yaka, \u00f6n\u00fc gizli d\u00fc\u011fme iliklemeli, s\u0131rt\u0131 fermuar kapamal\u0131 straplez b\u00fcstiyer. Metal kanca ve fermuar kapamal\u0131 bol kesim pantolon. \u00d6L\u00c7\u00dcLER: Boy: 177cm G\u00f6\u011f\u00fcs: 81cm Bel:65cm Kal\u00e7a: 89cm Beden Da\u011f\u0131l\u0131m\u0131: S2-M2-L1 \u00dcretim \u00dclkesi: T\u00fcrkiye<\/p>","protected":false},"featured_media":32097,"template":"","meta":[],"product_brand":[],"product_cat":[46,42,45,21,40,30],"product_tag":[],"class_list":{"0":"post-32096","1":"product","2":"type-product","3":"status-publish","4":"has-post-thumbnail","6":"product_cat-2026-ilkbahar-yaz","7":"product_cat-bluz","8":"product_cat-bustiyer","9":"product_cat-pantolon","10":"product_cat-takim","11":"product_cat-yeni-gelenler","13":"first","14":"instock","15":"taxable","16":"shipping-taxable","17":"product-type-simple"},"_links":{"self":[{"href":"https:\/\/fkpynappel.com\/en\/wp-json\/wp\/v2\/product\/32096","targetHints":{"allow":["GET"]}}],"collection":[{"href":"https:\/\/fkpynappel.com\/en\/wp-json\/wp\/v2\/product"}],"about":[{"href":"https:\/\/fkpynappel.com\/en\/wp-json\/wp\/v2\/types\/product"}],"wp:featuredmedia":[{"embeddable":true,"href":"https:\/\/fkpynappel.com\/en\/wp-json\/wp\/v2\/media\/32097"}],"wp:attachment":[{"href":"https:\/\/fkpynappel.com\/en\/wp-json\/wp\/v2\/media?parent=32096"}],"wp:term":[{"taxonomy":"product_brand","embeddable":true,"href":"https:\/\/fkpynappel.com\/en\/wp-json\/wp\/v2\/product_brand?post=32096"},{"taxonomy":"product_cat","embeddable":true,"href":"https:\/\/fkpynappel.com\/en\/wp-json\/wp\/v2\/product_cat?post=32096"},{"taxonomy":"product_tag","embeddable":true,"href":"https:\/\/fkpynappel.com\/en\/wp-json\/wp\/v2\/product_tag?post=32096"}],"curies":[{"name":"wp","href":"https:\/\/api.w.org\/{rel}","templated":true}]}}