{"id":32074,"date":"2026-03-08T14:25:29","date_gmt":"2026-03-08T14:25:29","guid":{"rendered":"https:\/\/fkpynappel.com\/?post_type=product&#038;p=32074"},"modified":"2026-03-08T14:28:11","modified_gmt":"2026-03-08T14:28:11","slug":"gogus-buzgu-detayli-saten-elbise","status":"publish","type":"product","link":"https:\/\/fkpynappel.com\/en\/product\/gogus-buzgu-detayli-saten-elbise\/","title":{"rendered":"G\u00d6\u011e\u00dcS B\u00dcZG\u00dc DETAYLI SATEN ELB\u0130SE"},"content":{"rendered":"<p><strong>12416 G\u00d6\u011e\u00dcS B\u00dcZG\u00dc DETAYLI SATEN ELB\u0130SE<\/strong><\/p>\n<p><strong>RENK: KAHVE-S\u0130YAH-GECE MAV\u0130-TA\u015e<\/strong><\/p>\n<p><strong>KUMA\u015e KARI\u015eIMI: %100V\u0130S<\/strong><\/p>\n<p><strong>\u00dcR\u00dcN A\u00c7IKLAMASI: V yaka ve yakas\u0131nda b\u00fczg\u00fc detayl\u0131, kendi kuma\u015f\u0131ndan ayarlanabilir ask\u0131l\u0131, balenli, fermuar kapamal\u0131 saten midi boy elbise<\/strong><\/p>\n<p><strong>\u00d6L\u00c7\u00dcLER:<\/strong><\/p>\n<p><strong>Boy: 177cm<\/strong><\/p>\n<p><strong>G\u00f6\u011f\u00fcs: 81cm<\/strong><\/p>\n<p><strong>Bel:65cm<\/strong><\/p>\n<p><strong>Kal\u00e7a: 89cm<\/strong><\/p>\n<p><strong>Beden Da\u011f\u0131l\u0131m\u0131: S2-M1-L1<\/strong><\/p>\n<p><strong>\u00dcretim \u00dclkesi: T\u00fcrkiye<\/strong><\/p>","protected":false},"excerpt":{"rendered":"<p>12416 G\u00d6\u011e\u00dcS B\u00dcZG\u00dc DETAYLI SATEN ELB\u0130SE RENK: KAHVE-S\u0130YAH-GECE MAV\u0130-TA\u015e KUMA\u015e KARI\u015eIMI: %100V\u0130S \u00dcR\u00dcN A\u00c7IKLAMASI: V yaka ve yakas\u0131nda b\u00fczg\u00fc detayl\u0131, kendi kuma\u015f\u0131ndan ayarlanabilir ask\u0131l\u0131, balenli, fermuar kapamal\u0131 saten midi boy elbise \u00d6L\u00c7\u00dcLER: Boy: 177cm G\u00f6\u011f\u00fcs: 81cm Bel:65cm Kal\u00e7a: 89cm Beden Da\u011f\u0131l\u0131m\u0131: S2-M1-L1 \u00dcretim \u00dclkesi: T\u00fcrkiye<\/p>","protected":false},"featured_media":32075,"template":"","meta":[],"product_brand":[],"product_cat":[46,25,30],"product_tag":[],"class_list":{"0":"post-32074","1":"product","2":"type-product","3":"status-publish","4":"has-post-thumbnail","6":"product_cat-2026-ilkbahar-yaz","7":"product_cat-elbise","8":"product_cat-yeni-gelenler","10":"first","11":"instock","12":"taxable","13":"shipping-taxable","14":"purchasable","15":"product-type-simple"},"_links":{"self":[{"href":"https:\/\/fkpynappel.com\/en\/wp-json\/wp\/v2\/product\/32074","targetHints":{"allow":["GET"]}}],"collection":[{"href":"https:\/\/fkpynappel.com\/en\/wp-json\/wp\/v2\/product"}],"about":[{"href":"https:\/\/fkpynappel.com\/en\/wp-json\/wp\/v2\/types\/product"}],"wp:featuredmedia":[{"embeddable":true,"href":"https:\/\/fkpynappel.com\/en\/wp-json\/wp\/v2\/media\/32075"}],"wp:attachment":[{"href":"https:\/\/fkpynappel.com\/en\/wp-json\/wp\/v2\/media?parent=32074"}],"wp:term":[{"taxonomy":"product_brand","embeddable":true,"href":"https:\/\/fkpynappel.com\/en\/wp-json\/wp\/v2\/product_brand?post=32074"},{"taxonomy":"product_cat","embeddable":true,"href":"https:\/\/fkpynappel.com\/en\/wp-json\/wp\/v2\/product_cat?post=32074"},{"taxonomy":"product_tag","embeddable":true,"href":"https:\/\/fkpynappel.com\/en\/wp-json\/wp\/v2\/product_tag?post=32074"}],"curies":[{"name":"wp","href":"https:\/\/api.w.org\/{rel}","templated":true}]}}