{"id":32062,"date":"2026-03-08T14:10:34","date_gmt":"2026-03-08T14:10:34","guid":{"rendered":"https:\/\/fkpynappel.com\/?post_type=product&#038;p=32062"},"modified":"2026-03-08T14:17:40","modified_gmt":"2026-03-08T14:17:40","slug":"saten-oversize-gomlek-beli-lastikli-saten-pantolon","status":"publish","type":"product","link":"https:\/\/fkpynappel.com\/en\/product\/saten-oversize-gomlek-beli-lastikli-saten-pantolon\/","title":{"rendered":"SATEN OVERS\u0130ZE G\u00d6MLEK \u2013 BEL\u0130 LAST\u0130KL\u0130 SATEN PANTOLON"},"content":{"rendered":"<p><strong>2469 SATEN OVERS\u0130ZE G\u00d6MLEK \u2013 1458 BEL\u0130 LAST\u0130KL\u0130 SATEN PANTOLON<\/strong><\/p>\n<p><strong>RENK: S\u0130YAH-LAC\u0130VERT-ACI KAHVE- TURKUAZ<\/strong><\/p>\n<p><strong>KUMA\u015e KARI\u015eIMI: %100PES<\/strong><\/p>\n<p><strong>\u00dcR\u00dcN A\u00c7IKLAMASI: G\u00f6mlek yaka, \u00f6n\u00fc d\u00fc\u011fme iliklemeli, uzun kollu ve man\u015fetli, robal\u0131, oversize kesim saten g\u00f6mlek. Beli s\u0131k lastik detayl\u0131 saten pantolon.<\/strong><\/p>\n<p><strong>\u00d6L\u00c7\u00dcLER:<\/strong><\/p>\n<p><strong>Boy: 177cm<\/strong><\/p>\n<p><strong>G\u00f6\u011f\u00fcs: 81cm<\/strong><\/p>\n<p><strong>Bel:65cm<\/strong><\/p>\n<p><strong>Kal\u00e7a: 89cm<\/strong><\/p>\n<p><strong>Beden Da\u011f\u0131l\u0131m\u0131: S2-M2-L1<\/strong><\/p>\n<p><strong>\u00dcretim \u00dclkesi: T\u00fcrkiye<\/strong><\/p>","protected":false},"excerpt":{"rendered":"<p>2469 SATEN OVERS\u0130ZE G\u00d6MLEK \u2013 1458 BEL\u0130 LAST\u0130KL\u0130 SATEN PANTOLON RENK: S\u0130YAH-LAC\u0130VERT-ACI KAHVE- TURKUAZ KUMA\u015e KARI\u015eIMI: %100PES \u00dcR\u00dcN A\u00c7IKLAMASI: G\u00f6mlek yaka, \u00f6n\u00fc d\u00fc\u011fme iliklemeli, uzun kollu ve man\u015fetli, robal\u0131, oversize kesim saten g\u00f6mlek. Beli s\u0131k lastik detayl\u0131 saten pantolon. \u00d6L\u00c7\u00dcLER: Boy: 177cm G\u00f6\u011f\u00fcs: 81cm Bel:65cm Kal\u00e7a: 89cm Beden Da\u011f\u0131l\u0131m\u0131: S2-M2-L1 \u00dcretim \u00dclkesi: T\u00fcrkiye<\/p>","protected":false},"featured_media":32063,"template":"","meta":[],"product_brand":[],"product_cat":[46,32,21,40,30],"product_tag":[],"class_list":{"0":"post-32062","1":"product","2":"type-product","3":"status-publish","4":"has-post-thumbnail","6":"product_cat-2026-ilkbahar-yaz","7":"product_cat-gomlek","8":"product_cat-pantolon","9":"product_cat-takim","10":"product_cat-yeni-gelenler","12":"first","13":"instock","14":"taxable","15":"shipping-taxable","16":"purchasable","17":"product-type-simple"},"_links":{"self":[{"href":"https:\/\/fkpynappel.com\/en\/wp-json\/wp\/v2\/product\/32062","targetHints":{"allow":["GET"]}}],"collection":[{"href":"https:\/\/fkpynappel.com\/en\/wp-json\/wp\/v2\/product"}],"about":[{"href":"https:\/\/fkpynappel.com\/en\/wp-json\/wp\/v2\/types\/product"}],"wp:featuredmedia":[{"embeddable":true,"href":"https:\/\/fkpynappel.com\/en\/wp-json\/wp\/v2\/media\/32063"}],"wp:attachment":[{"href":"https:\/\/fkpynappel.com\/en\/wp-json\/wp\/v2\/media?parent=32062"}],"wp:term":[{"taxonomy":"product_brand","embeddable":true,"href":"https:\/\/fkpynappel.com\/en\/wp-json\/wp\/v2\/product_brand?post=32062"},{"taxonomy":"product_cat","embeddable":true,"href":"https:\/\/fkpynappel.com\/en\/wp-json\/wp\/v2\/product_cat?post=32062"},{"taxonomy":"product_tag","embeddable":true,"href":"https:\/\/fkpynappel.com\/en\/wp-json\/wp\/v2\/product_tag?post=32062"}],"curies":[{"name":"wp","href":"https:\/\/api.w.org\/{rel}","templated":true}]}}