{"id":31977,"date":"2025-12-02T08:26:48","date_gmt":"2025-12-02T08:26:48","guid":{"rendered":"https:\/\/fkpynappel.com\/?post_type=product&#038;p=31977"},"modified":"2026-02-13T10:39:59","modified_gmt":"2026-02-13T10:39:59","slug":"sirt-dekolteli-bodysuit-2","status":"publish","type":"product","link":"https:\/\/fkpynappel.com\/en\/product\/sirt-dekolteli-bodysuit-2\/","title":{"rendered":"SIRT DEKOLTEL\u0130 BODYSU\u0130T"},"content":{"rendered":"<p><strong><span style=\"font-size: 10.0pt; font-family: 'Arial',sans-serif; color: #111111; letter-spacing: -.1pt;\">3303 SIRT DEKOLTEL\u0130 BODYSU\u0130T<\/span><\/strong><\/p>\n<p><strong><span style=\"font-size: 10.0pt; font-family: 'Arial',sans-serif; color: #111111; letter-spacing: -.1pt;\">RENK: S\u0130YAH<\/span><\/strong><\/p>\n<p><strong><span style=\"font-size: 10.0pt; font-family: 'Arial',sans-serif; color: #111111; letter-spacing: -.1pt;\">KUMA\u015e KARI\u015eIMI: %100PES<\/span><\/strong><\/p>\n<p><strong><span style=\"font-size: 10.0pt; font-family: 'Arial',sans-serif; color: #111111; letter-spacing: -.1pt;\">\u00dcR\u00dcN A\u00c7IKLAMASI: Y\u00fcksek yakal\u0131, metalik aksesuarl\u0131 ve drapeli, uzun kollu, s\u0131rt dekolteli, alttan \u00e7\u0131t\u00e7\u0131tl\u0131 bodysuit.<\/span><\/strong><\/p>\n<p><strong><span style=\"font-size: 10.0pt; font-family: 'Arial',sans-serif; color: #111111; letter-spacing: -.1pt;\">\u00d6L\u00c7\u00dcLER:<\/span><\/strong><\/p>\n<p><strong><span style=\"font-size: 10.0pt; font-family: 'Arial',sans-serif; color: #111111; letter-spacing: -.1pt;\">Boy: 180cm<\/span><\/strong><\/p>\n<p><strong><span style=\"font-size: 10.0pt; font-family: 'Arial',sans-serif; color: #111111; letter-spacing: -.1pt;\">G\u00f6\u011f\u00fcs: 86cm<\/span><\/strong><\/p>\n<p><strong><span style=\"font-size: 10.0pt; font-family: 'Arial',sans-serif; color: #111111; letter-spacing: -.1pt;\">Bel:60cm<\/span><\/strong><\/p>\n<p><strong><span style=\"font-size: 10.0pt; font-family: 'Arial',sans-serif; color: #111111; letter-spacing: -.1pt;\">Kal\u00e7a: 94cm<\/span><\/strong><\/p>\n<p><strong><span style=\"font-size: 10.0pt; font-family: 'Arial',sans-serif; color: #111111; letter-spacing: -.1pt;\">Beden Da\u011f\u0131l\u0131m\u0131: S2-M1-L1<\/span><\/strong><\/p>\n<p><strong><span style=\"font-size: 10.0pt; font-family: 'Arial',sans-serif; color: #111111; letter-spacing: -.1pt;\">\u00dcretim \u00dclkesi: T\u00fcrkiye<\/span><\/strong><\/p>","protected":false},"excerpt":{"rendered":"<p>3303 SIRT DEKOLTEL\u0130 BODYSU\u0130T RENK: S\u0130YAH KUMA\u015e KARI\u015eIMI: %100PES \u00dcR\u00dcN A\u00c7IKLAMASI: Y\u00fcksek yakal\u0131, metalik aksesuarl\u0131 ve drapeli, uzun kollu, s\u0131rt dekolteli, alttan \u00e7\u0131t\u00e7\u0131tl\u0131 bodysuit. \u00d6L\u00c7\u00dcLER: Boy: 180cm G\u00f6\u011f\u00fcs: 86cm Bel:60cm Kal\u00e7a: 94cm Beden Da\u011f\u0131l\u0131m\u0131: S2-M1-L1 \u00dcretim \u00dclkesi: T\u00fcrkiye<\/p>","protected":false},"featured_media":31978,"template":"","meta":[],"product_brand":[],"product_cat":[43,44],"product_tag":[],"class_list":{"0":"post-31977","1":"product","2":"type-product","3":"status-publish","4":"has-post-thumbnail","6":"product_cat-2025-2026-sonbaharkis","7":"product_cat-body-suit","9":"first","10":"instock","11":"taxable","12":"shipping-taxable","13":"product-type-simple"},"_links":{"self":[{"href":"https:\/\/fkpynappel.com\/en\/wp-json\/wp\/v2\/product\/31977","targetHints":{"allow":["GET"]}}],"collection":[{"href":"https:\/\/fkpynappel.com\/en\/wp-json\/wp\/v2\/product"}],"about":[{"href":"https:\/\/fkpynappel.com\/en\/wp-json\/wp\/v2\/types\/product"}],"wp:featuredmedia":[{"embeddable":true,"href":"https:\/\/fkpynappel.com\/en\/wp-json\/wp\/v2\/media\/31978"}],"wp:attachment":[{"href":"https:\/\/fkpynappel.com\/en\/wp-json\/wp\/v2\/media?parent=31977"}],"wp:term":[{"taxonomy":"product_brand","embeddable":true,"href":"https:\/\/fkpynappel.com\/en\/wp-json\/wp\/v2\/product_brand?post=31977"},{"taxonomy":"product_cat","embeddable":true,"href":"https:\/\/fkpynappel.com\/en\/wp-json\/wp\/v2\/product_cat?post=31977"},{"taxonomy":"product_tag","embeddable":true,"href":"https:\/\/fkpynappel.com\/en\/wp-json\/wp\/v2\/product_tag?post=31977"}],"curies":[{"name":"wp","href":"https:\/\/api.w.org\/{rel}","templated":true}]}}