{"id":31967,"date":"2025-12-02T08:15:27","date_gmt":"2025-12-02T08:15:27","guid":{"rendered":"https:\/\/fkpynappel.com\/?post_type=product&#038;p=31967"},"modified":"2026-02-13T11:35:49","modified_gmt":"2026-02-13T11:35:49","slug":"kemer-detayli-yelek-ispanyol-paca-pantolon","status":"publish","type":"product","link":"https:\/\/fkpynappel.com\/en\/product\/kemer-detayli-yelek-ispanyol-paca-pantolon\/","title":{"rendered":"KEMER DETAYLI YELEK &#8211; \u0130SPANYOL PA\u00c7A PANTOLON"},"content":{"rendered":"<p><strong><span style=\"font-size: 10.0pt; font-family: 'Arial',sans-serif; color: #111111; letter-spacing: -.1pt;\">\u00a0<\/span><\/strong><\/p>\n<p><strong><span style=\"font-size: 10.0pt; font-family: 'Arial',sans-serif; color: #111111; letter-spacing: -.1pt;\">5477-1436<\/span><\/strong><\/p>\n<p><strong><span style=\"font-size: 10.0pt; font-family: 'Arial',sans-serif; color: #111111; letter-spacing: -.1pt;\"> KEMER DETAYLI YELEK &#8211; \u0130SPANYOL PA\u00c7A PANTOLON<\/span><\/strong><\/p>\n<p><strong><span style=\"font-size: 10.0pt; font-family: 'Arial',sans-serif; color: #111111; letter-spacing: -.1pt;\">RENK: S\u0130YAH- BORDO<\/span><\/strong><\/p>\n<p><strong><span style=\"font-size: 10.0pt; font-family: 'Arial',sans-serif; color: #111111; letter-spacing: -.1pt;\">KUMA\u015e KARI\u015eIMI: <\/span><span style=\"font-size: 10.0pt; font-family: 'Arial',sans-serif;\">%88PES %12EA<\/span><\/strong><\/p>\n<p><strong><span style=\"font-size: 10.0pt; font-family: 'Arial',sans-serif; color: #111111; letter-spacing: -.1pt;\">\u00dcR\u00dcN A\u00c7IKLAMASI: Bisiklet yaka, \u00f6n\u00fc d\u00fc\u011fme iliklemeli,cepli,s\u0131f\u0131r kollu,deri kemer detayl\u0131 yelek. Metal kanca ve fermuar kapamal\u0131 \u0130spanyol kesim pantolon.<\/span><\/strong><\/p>\n<p><strong><span style=\"font-size: 10.0pt; font-family: 'Arial',sans-serif; color: #111111; letter-spacing: -.1pt;\">\u00d6L\u00c7\u00dcLER:<\/span><\/strong><\/p>\n<p><strong><span style=\"font-size: 10.0pt; font-family: 'Arial',sans-serif; color: #111111; letter-spacing: -.1pt;\">Boy: 180cm<\/span><\/strong><\/p>\n<p><strong><span style=\"font-size: 10.0pt; font-family: 'Arial',sans-serif; color: #111111; letter-spacing: -.1pt;\">G\u00f6\u011f\u00fcs: 86cm<\/span><\/strong><\/p>\n<p><strong><span style=\"font-size: 10.0pt; font-family: 'Arial',sans-serif; color: #111111; letter-spacing: -.1pt;\">Bel:60cm<\/span><\/strong><\/p>\n<p><strong><span style=\"font-size: 10.0pt; font-family: 'Arial',sans-serif; color: #111111; letter-spacing: -.1pt;\">Kal\u00e7a: 94cm<\/span><\/strong><\/p>\n<p><strong><span style=\"font-size: 10.0pt; font-family: 'Arial',sans-serif; color: #111111; letter-spacing: -.1pt;\">Beden Da\u011f\u0131l\u0131m\u0131: S2-M2-L1<\/span><\/strong><\/p>\n<p><strong><span style=\"font-size: 10.0pt; font-family: 'Arial',sans-serif; color: #111111; letter-spacing: -.1pt;\">\u00dcretim \u00dclkesi: T\u00fcrkiye<\/span><\/strong><\/p>","protected":false},"excerpt":{"rendered":"<p>\u00a0 5477-1436 KEMER DETAYLI YELEK &#8211; \u0130SPANYOL PA\u00c7A PANTOLON RENK: S\u0130YAH- BORDO KUMA\u015e KARI\u015eIMI: %88PES %12EA \u00dcR\u00dcN A\u00c7IKLAMASI: Bisiklet yaka, \u00f6n\u00fc d\u00fc\u011fme iliklemeli,cepli,s\u0131f\u0131r kollu,deri kemer detayl\u0131 yelek. Metal kanca ve fermuar kapamal\u0131 \u0130spanyol kesim pantolon. \u00d6L\u00c7\u00dcLER: Boy: 180cm G\u00f6\u011f\u00fcs: 86cm Bel:60cm Kal\u00e7a: 94cm Beden Da\u011f\u0131l\u0131m\u0131: S2-M2-L1 \u00dcretim \u00dclkesi: T\u00fcrkiye<\/p>","protected":false},"featured_media":31968,"template":"","meta":[],"product_brand":[],"product_cat":[43,40],"product_tag":[],"class_list":{"0":"post-31967","1":"product","2":"type-product","3":"status-publish","4":"has-post-thumbnail","6":"product_cat-2025-2026-sonbaharkis","7":"product_cat-takim","9":"first","10":"instock","11":"taxable","12":"shipping-taxable","13":"purchasable","14":"product-type-simple"},"_links":{"self":[{"href":"https:\/\/fkpynappel.com\/en\/wp-json\/wp\/v2\/product\/31967","targetHints":{"allow":["GET"]}}],"collection":[{"href":"https:\/\/fkpynappel.com\/en\/wp-json\/wp\/v2\/product"}],"about":[{"href":"https:\/\/fkpynappel.com\/en\/wp-json\/wp\/v2\/types\/product"}],"wp:featuredmedia":[{"embeddable":true,"href":"https:\/\/fkpynappel.com\/en\/wp-json\/wp\/v2\/media\/31968"}],"wp:attachment":[{"href":"https:\/\/fkpynappel.com\/en\/wp-json\/wp\/v2\/media?parent=31967"}],"wp:term":[{"taxonomy":"product_brand","embeddable":true,"href":"https:\/\/fkpynappel.com\/en\/wp-json\/wp\/v2\/product_brand?post=31967"},{"taxonomy":"product_cat","embeddable":true,"href":"https:\/\/fkpynappel.com\/en\/wp-json\/wp\/v2\/product_cat?post=31967"},{"taxonomy":"product_tag","embeddable":true,"href":"https:\/\/fkpynappel.com\/en\/wp-json\/wp\/v2\/product_tag?post=31967"}],"curies":[{"name":"wp","href":"https:\/\/api.w.org\/{rel}","templated":true}]}}