{"id":31962,"date":"2025-12-02T08:10:57","date_gmt":"2025-12-02T08:10:57","guid":{"rendered":"https:\/\/fkpynappel.com\/?post_type=product&#038;p=31962"},"modified":"2026-02-13T11:36:02","modified_gmt":"2026-02-13T11:36:02","slug":"gul-detayli-dantel-bluz","status":"publish","type":"product","link":"https:\/\/fkpynappel.com\/en\/product\/gul-detayli-dantel-bluz\/","title":{"rendered":"G\u00dcL DETAYLI DANTEL BLUZ"},"content":{"rendered":"<p><strong><span style=\"font-size: 10.0pt; font-family: 'Arial',sans-serif; color: #111111; letter-spacing: -.1pt;\">3306 G\u00dcL DETAYLI DANTEL BLUZ<\/span><\/strong><\/p>\n<p><strong><span style=\"font-size: 10.0pt; font-family: 'Arial',sans-serif; color: #111111; letter-spacing: -.1pt;\">RENK: S\u0130YAH-BORDO-EKRU-KAHVE<\/span><\/strong><\/p>\n<p><strong><span style=\"font-size: 10.0pt; font-family: 'Arial',sans-serif; color: #111111; letter-spacing: -.1pt;\">KUMA\u015e KARI\u015eIMI: %99PES %1EA<\/span><\/strong><\/p>\n<p><strong><span style=\"font-size: 10.0pt; font-family: 'Arial',sans-serif; color: #111111; letter-spacing: -.1pt;\">\u00dcR\u00dcN A\u00c7IKLAMASI: Kendi kuma\u015f\u0131ndan b\u00fcstiyerli,bol kesim,yarasa kollu, kendi kuma\u015f\u0131ndan g\u00fcl detayl\u0131 dantel bluz.<\/span><\/strong><\/p>\n<p><strong><span style=\"font-size: 10.0pt; font-family: 'Arial',sans-serif; color: #111111; letter-spacing: -.1pt;\">\u00d6L\u00c7\u00dcLER:<\/span><\/strong><\/p>\n<p><strong><span style=\"font-size: 10.0pt; font-family: 'Arial',sans-serif; color: #111111; letter-spacing: -.1pt;\">Boy: 180cm<\/span><\/strong><\/p>\n<p><strong><span style=\"font-size: 10.0pt; font-family: 'Arial',sans-serif; color: #111111; letter-spacing: -.1pt;\">G\u00f6\u011f\u00fcs: 86cm<\/span><\/strong><\/p>\n<p><strong><span style=\"font-size: 10.0pt; font-family: 'Arial',sans-serif; color: #111111; letter-spacing: -.1pt;\">Bel:60cm<\/span><\/strong><\/p>\n<p><strong><span style=\"font-size: 10.0pt; font-family: 'Arial',sans-serif; color: #111111; letter-spacing: -.1pt;\">Kal\u00e7a: 94cm<\/span><\/strong><\/p>\n<p><strong><span style=\"font-size: 10.0pt; font-family: 'Arial',sans-serif; color: #111111; letter-spacing: -.1pt;\">Beden Da\u011f\u0131l\u0131m\u0131: S2-M1-L1<\/span><\/strong><\/p>\n<p><strong><span style=\"font-size: 10.0pt; font-family: 'Arial',sans-serif; color: #111111; letter-spacing: -.1pt;\">\u00dcretim \u00dclkesi: T\u00fcrkiye<\/span><\/strong><\/p>","protected":false},"excerpt":{"rendered":"<p>3306 G\u00dcL DETAYLI DANTEL BLUZ RENK: S\u0130YAH-BORDO-EKRU-KAHVE KUMA\u015e KARI\u015eIMI: %99PES %1EA \u00dcR\u00dcN A\u00c7IKLAMASI: Kendi kuma\u015f\u0131ndan b\u00fcstiyerli,bol kesim,yarasa kollu, kendi kuma\u015f\u0131ndan g\u00fcl detayl\u0131 dantel bluz. \u00d6L\u00c7\u00dcLER: Boy: 180cm G\u00f6\u011f\u00fcs: 86cm Bel:60cm Kal\u00e7a: 94cm Beden Da\u011f\u0131l\u0131m\u0131: S2-M1-L1 \u00dcretim \u00dclkesi: T\u00fcrkiye<\/p>","protected":false},"featured_media":31963,"template":"","meta":[],"product_brand":[],"product_cat":[43,42],"product_tag":[],"class_list":{"0":"post-31962","1":"product","2":"type-product","3":"status-publish","4":"has-post-thumbnail","6":"product_cat-2025-2026-sonbaharkis","7":"product_cat-bluz","9":"first","10":"instock","11":"taxable","12":"shipping-taxable","13":"purchasable","14":"product-type-simple"},"_links":{"self":[{"href":"https:\/\/fkpynappel.com\/en\/wp-json\/wp\/v2\/product\/31962","targetHints":{"allow":["GET"]}}],"collection":[{"href":"https:\/\/fkpynappel.com\/en\/wp-json\/wp\/v2\/product"}],"about":[{"href":"https:\/\/fkpynappel.com\/en\/wp-json\/wp\/v2\/types\/product"}],"wp:featuredmedia":[{"embeddable":true,"href":"https:\/\/fkpynappel.com\/en\/wp-json\/wp\/v2\/media\/31963"}],"wp:attachment":[{"href":"https:\/\/fkpynappel.com\/en\/wp-json\/wp\/v2\/media?parent=31962"}],"wp:term":[{"taxonomy":"product_brand","embeddable":true,"href":"https:\/\/fkpynappel.com\/en\/wp-json\/wp\/v2\/product_brand?post=31962"},{"taxonomy":"product_cat","embeddable":true,"href":"https:\/\/fkpynappel.com\/en\/wp-json\/wp\/v2\/product_cat?post=31962"},{"taxonomy":"product_tag","embeddable":true,"href":"https:\/\/fkpynappel.com\/en\/wp-json\/wp\/v2\/product_tag?post=31962"}],"curies":[{"name":"wp","href":"https:\/\/api.w.org\/{rel}","templated":true}]}}