{"id":31953,"date":"2025-12-02T07:56:35","date_gmt":"2025-12-02T07:56:35","guid":{"rendered":"https:\/\/fkpynappel.com\/?post_type=product&#038;p=31953"},"modified":"2026-02-13T11:31:30","modified_gmt":"2026-02-13T11:31:30","slug":"suet-bomber-ceket","status":"publish","type":"product","link":"https:\/\/fkpynappel.com\/en\/product\/suet-bomber-ceket\/","title":{"rendered":"S\u00dcET BOMBER CEKET"},"content":{"rendered":"<p><strong><span style=\"font-size: 10.0pt; font-family: 'Arial',sans-serif; color: #111111; letter-spacing: -.1pt;\">5482 S\u00dcET BOMBER CEKET<\/span><\/strong><\/p>\n<p><strong><span style=\"font-size: 10.0pt; font-family: 'Arial',sans-serif; color: #111111; letter-spacing: -.1pt;\">RENK: KAHVE-HAK\u0130-TABA<\/span><\/strong><\/p>\n<p><strong><span style=\"font-size: 10.0pt; font-family: 'Arial',sans-serif; color: #111111; letter-spacing: -.1pt;\">KUMA\u015e KARI\u015eIMI:\u00a0%100PES<\/span><\/strong><\/p>\n<p><strong><span style=\"font-size: 10.0pt; font-family: 'Arial',sans-serif; color: #111111; letter-spacing: -.1pt;\">\u00dcR\u00dcN A\u00c7IKLAMASI: Dik yakal\u0131,\u00f6n\u00fc fermuar kapamal\u0131, apoletli,uzun kollu ve man\u015fetli, yanlar\u0131 cepli, astarl\u0131 s\u00fcet bomber ceket.<\/span><\/strong><\/p>\n<p><strong><span style=\"font-size: 10.0pt; font-family: 'Arial',sans-serif; color: #111111; letter-spacing: -.1pt;\">\u00d6L\u00c7\u00dcLER:<\/span><\/strong><\/p>\n<p><strong><span style=\"font-size: 10.0pt; font-family: 'Arial',sans-serif; color: #111111; letter-spacing: -.1pt;\">Boy: 180cm<\/span><\/strong><\/p>\n<p><strong><span style=\"font-size: 10.0pt; font-family: 'Arial',sans-serif; color: #111111; letter-spacing: -.1pt;\">G\u00f6\u011f\u00fcs: 86cm<\/span><\/strong><\/p>\n<p><strong><span style=\"font-size: 10.0pt; font-family: 'Arial',sans-serif; color: #111111; letter-spacing: -.1pt;\">Bel:60cm<\/span><\/strong><\/p>\n<p><strong><span style=\"font-size: 10.0pt; font-family: 'Arial',sans-serif; color: #111111; letter-spacing: -.1pt;\">Kal\u00e7a: 94cm<\/span><\/strong><\/p>\n<p><strong><span style=\"font-size: 10.0pt; font-family: 'Arial',sans-serif; color: #111111; letter-spacing: -.1pt;\">Beden Da\u011f\u0131l\u0131m\u0131: S2-M2-L1<\/span><\/strong><\/p>\n<p><strong><span style=\"font-size: 10.0pt; font-family: 'Arial',sans-serif; color: #111111; letter-spacing: -.1pt;\">\u00dcretim \u00dclkesi: T\u00fcrkiye<\/span><\/strong><\/p>","protected":false},"excerpt":{"rendered":"<p>5482 S\u00dcET BOMBER CEKET RENK: KAHVE-HAK\u0130-TABA KUMA\u015e KARI\u015eIMI:\u00a0%100PES \u00dcR\u00dcN A\u00c7IKLAMASI: Dik yakal\u0131,\u00f6n\u00fc fermuar kapamal\u0131, apoletli,uzun kollu ve man\u015fetli, yanlar\u0131 cepli, astarl\u0131 s\u00fcet bomber ceket. \u00d6L\u00c7\u00dcLER: Boy: 180cm G\u00f6\u011f\u00fcs: 86cm Bel:60cm Kal\u00e7a: 94cm Beden Da\u011f\u0131l\u0131m\u0131: S2-M2-L1 \u00dcretim \u00dclkesi: T\u00fcrkiye<\/p>","protected":false},"featured_media":31954,"template":"","meta":[],"product_brand":[],"product_cat":[43,31],"product_tag":[],"class_list":{"0":"post-31953","1":"product","2":"type-product","3":"status-publish","4":"has-post-thumbnail","6":"product_cat-2025-2026-sonbaharkis","7":"product_cat-ceket","9":"first","10":"instock","11":"taxable","12":"shipping-taxable","13":"purchasable","14":"product-type-simple"},"_links":{"self":[{"href":"https:\/\/fkpynappel.com\/en\/wp-json\/wp\/v2\/product\/31953","targetHints":{"allow":["GET"]}}],"collection":[{"href":"https:\/\/fkpynappel.com\/en\/wp-json\/wp\/v2\/product"}],"about":[{"href":"https:\/\/fkpynappel.com\/en\/wp-json\/wp\/v2\/types\/product"}],"wp:featuredmedia":[{"embeddable":true,"href":"https:\/\/fkpynappel.com\/en\/wp-json\/wp\/v2\/media\/31954"}],"wp:attachment":[{"href":"https:\/\/fkpynappel.com\/en\/wp-json\/wp\/v2\/media?parent=31953"}],"wp:term":[{"taxonomy":"product_brand","embeddable":true,"href":"https:\/\/fkpynappel.com\/en\/wp-json\/wp\/v2\/product_brand?post=31953"},{"taxonomy":"product_cat","embeddable":true,"href":"https:\/\/fkpynappel.com\/en\/wp-json\/wp\/v2\/product_cat?post=31953"},{"taxonomy":"product_tag","embeddable":true,"href":"https:\/\/fkpynappel.com\/en\/wp-json\/wp\/v2\/product_tag?post=31953"}],"curies":[{"name":"wp","href":"https:\/\/api.w.org\/{rel}","templated":true}]}}