{"id":31947,"date":"2025-12-02T07:51:18","date_gmt":"2025-12-02T07:51:18","guid":{"rendered":"https:\/\/fkpynappel.com\/?post_type=product&#038;p=31947"},"modified":"2026-02-13T11:31:40","modified_gmt":"2026-02-13T11:31:40","slug":"kusakli-kisa-trenckot-2","status":"publish","type":"product","link":"https:\/\/fkpynappel.com\/en\/product\/kusakli-kisa-trenckot-2\/","title":{"rendered":"KU\u015eAKLI KISA TREN\u00c7KOT"},"content":{"rendered":"<p>&nbsp;<\/p>\n<p><strong>5473 KU\u015eAKLI KISA TREN\u00c7KOT<\/strong><\/p>\n<p><strong>RENK: MOCHA-TEREYA\u011eI- \u0130ND\u0130GO- BEJ<\/strong><\/p>\n<p><strong>KUMA\u015e KARI\u015eIMI: \u00a0%72COT %26PES %2EA<\/strong><\/p>\n<p><strong>\u00dcR\u00dcN A\u00c7IKLAMASI: Klapa yakal\u0131, kendi kuma\u015f\u0131ndan ku\u015fakl\u0131, kruvaze kapama, r\u00fczgarl\u0131kl\u0131, k\u0131sa tren\u00e7kot.<\/strong><\/p>\n<p><strong>\u00d6L\u00c7\u00dcLER:<\/strong><\/p>\n<p><strong>Boy: 180cm<\/strong><\/p>\n<p><strong>G\u00f6\u011f\u00fcs: 86cm<\/strong><\/p>\n<p><strong>Bel:60cm<\/strong><\/p>\n<p><strong>Kal\u00e7a: 94cm<\/strong><\/p>\n<p><strong>Beden Da\u011f\u0131l\u0131m\u0131: S2-M2-L1<\/strong><\/p>\n<p><strong>\u00dcretim \u00dclkesi: T\u00fcrkiye<\/strong><\/p>","protected":false},"excerpt":{"rendered":"<p>&nbsp; 5473 KU\u015eAKLI KISA TREN\u00c7KOT RENK: MOCHA-TEREYA\u011eI- \u0130ND\u0130GO- BEJ KUMA\u015e KARI\u015eIMI: \u00a0%72COT %26PES %2EA \u00dcR\u00dcN A\u00c7IKLAMASI: Klapa yakal\u0131, kendi kuma\u015f\u0131ndan ku\u015fakl\u0131, kruvaze kapama, r\u00fczgarl\u0131kl\u0131, k\u0131sa tren\u00e7kot. \u00d6L\u00c7\u00dcLER: Boy: 180cm G\u00f6\u011f\u00fcs: 86cm Bel:60cm Kal\u00e7a: 94cm Beden Da\u011f\u0131l\u0131m\u0131: S2-M2-L1 \u00dcretim \u00dclkesi: T\u00fcrkiye<\/p>","protected":false},"featured_media":31948,"template":"","meta":[],"product_brand":[],"product_cat":[43,31,28,21,40],"product_tag":[],"class_list":{"0":"post-31947","1":"product","2":"type-product","3":"status-publish","4":"has-post-thumbnail","6":"product_cat-2025-2026-sonbaharkis","7":"product_cat-ceket","8":"product_cat-kaban-trenckot-ceket","9":"product_cat-pantolon","10":"product_cat-takim","12":"first","13":"instock","14":"taxable","15":"shipping-taxable","16":"purchasable","17":"product-type-simple"},"_links":{"self":[{"href":"https:\/\/fkpynappel.com\/en\/wp-json\/wp\/v2\/product\/31947","targetHints":{"allow":["GET"]}}],"collection":[{"href":"https:\/\/fkpynappel.com\/en\/wp-json\/wp\/v2\/product"}],"about":[{"href":"https:\/\/fkpynappel.com\/en\/wp-json\/wp\/v2\/types\/product"}],"wp:featuredmedia":[{"embeddable":true,"href":"https:\/\/fkpynappel.com\/en\/wp-json\/wp\/v2\/media\/31948"}],"wp:attachment":[{"href":"https:\/\/fkpynappel.com\/en\/wp-json\/wp\/v2\/media?parent=31947"}],"wp:term":[{"taxonomy":"product_brand","embeddable":true,"href":"https:\/\/fkpynappel.com\/en\/wp-json\/wp\/v2\/product_brand?post=31947"},{"taxonomy":"product_cat","embeddable":true,"href":"https:\/\/fkpynappel.com\/en\/wp-json\/wp\/v2\/product_cat?post=31947"},{"taxonomy":"product_tag","embeddable":true,"href":"https:\/\/fkpynappel.com\/en\/wp-json\/wp\/v2\/product_tag?post=31947"}],"curies":[{"name":"wp","href":"https:\/\/api.w.org\/{rel}","templated":true}]}}