{"id":31940,"date":"2025-12-02T07:44:15","date_gmt":"2025-12-02T07:44:15","guid":{"rendered":"https:\/\/fkpynappel.com\/?post_type=product&#038;p=31940"},"modified":"2026-02-13T11:31:52","modified_gmt":"2026-02-13T11:31:52","slug":"kisa-kruvaze-blazer-ceket-zincirli-kemerli-crop-pantolon-2","status":"publish","type":"product","link":"https:\/\/fkpynappel.com\/en\/product\/kisa-kruvaze-blazer-ceket-zincirli-kemerli-crop-pantolon-2\/","title":{"rendered":"KISA KRUVAZE BLAZER CEKET &#8211; Z\u0130NC\u0130RL\u0130 KEMERL\u0130 CROP PANTOLON"},"content":{"rendered":"<p><strong><span style=\"font-size: 10.0pt; font-family: 'Arial',sans-serif; color: #111111; letter-spacing: -.1pt;\">5476-1435<\/span><\/strong><\/p>\n<p><strong><span style=\"font-size: 10.0pt; font-family: 'Arial',sans-serif; color: #111111; letter-spacing: -.1pt;\"> KISA KRUVAZE BLAZER CEKET &#8211; <\/span><span style=\"font-size: 10.0pt; font-family: 'Arial',sans-serif; color: #111111; letter-spacing: -.1pt;\">Z\u0130NC\u0130RL\u0130 KEMERL\u0130 CROP PANTOLON<\/span><\/strong><\/p>\n<p><strong><span style=\"font-size: 10.0pt; font-family: 'Arial',sans-serif; color: #111111; letter-spacing: -.1pt;\">RENK: KAHVE- S\u0130YAH<\/span><\/strong><\/p>\n<p><strong><span style=\"font-size: 10.0pt; font-family: 'Arial',sans-serif; color: #111111; letter-spacing: -.1pt;\">KUMA\u015e KARI\u015eIMI: %64PES %33V\u0130S %3LYC<\/span><\/strong><\/p>\n<p><strong><span style=\"font-size: 10.0pt; font-family: 'Arial',sans-serif; color: #111111; letter-spacing: -.1pt;\">\u00dcR\u00dcN A\u00c7IKLAMASI: Bisiklet yaka, kruvaze kapama, uzun kollu, metalik d\u00fc\u011fme detayl\u0131 blazer. <\/span><\/strong><\/p>\n<p><strong><span style=\"font-size: 10.0pt; font-family: 'Arial',sans-serif; color: #111111; letter-spacing: -.1pt;\">Zincirli kemerli, y\u00fcksek bel, bilekte biten pantolon. Arkada kapakl\u0131, yalanc\u0131 cepli. D\u00fcz pa\u00e7a. <\/span><\/strong><\/p>\n<p><strong><span style=\"font-size: 10.0pt; font-family: 'Arial',sans-serif; color: #111111; letter-spacing: -.1pt;\">Yan diki\u015fte gizli fermuarl\u0131 kapama.<\/span><\/strong><\/p>\n<p><strong><span style=\"font-size: 10.0pt; font-family: 'Arial',sans-serif; color: #111111; letter-spacing: -.1pt;\">\u00d6L\u00c7\u00dcLER:<\/span><\/strong><\/p>\n<p><strong><span style=\"font-size: 10.0pt; font-family: 'Arial',sans-serif; color: #111111; letter-spacing: -.1pt;\">Boy: 180cm<\/span><\/strong><\/p>\n<p><strong><span style=\"font-size: 10.0pt; font-family: 'Arial',sans-serif; color: #111111; letter-spacing: -.1pt;\">G\u00f6\u011f\u00fcs: 86cm<\/span><\/strong><\/p>\n<p><strong><span style=\"font-size: 10.0pt; font-family: 'Arial',sans-serif; color: #111111; letter-spacing: -.1pt;\">Bel:62cm<\/span><\/strong><\/p>\n<p><strong><span style=\"font-size: 10.0pt; font-family: 'Arial',sans-serif; color: #111111; letter-spacing: -.1pt;\">Kal\u00e7a: 94cm<\/span><\/strong><\/p>\n<p><strong><span style=\"font-size: 10.0pt; font-family: 'Arial',sans-serif; color: #111111; letter-spacing: -.1pt;\">Beden Da\u011f\u0131l\u0131m\u0131: S2-M2-L1<\/span><\/strong><\/p>\n<p><strong><span style=\"font-size: 10.0pt; font-family: 'Arial',sans-serif; color: #111111; letter-spacing: -.1pt;\">\u00dcretim \u00dclkesi: T\u00fcrkiye<\/span><\/strong><\/p>","protected":false},"excerpt":{"rendered":"<p>5476-1435 KISA KRUVAZE BLAZER CEKET &#8211; Z\u0130NC\u0130RL\u0130 KEMERL\u0130 CROP PANTOLON RENK: KAHVE- S\u0130YAH KUMA\u015e KARI\u015eIMI: %64PES %33V\u0130S %3LYC \u00dcR\u00dcN A\u00c7IKLAMASI: Bisiklet yaka, kruvaze kapama, uzun kollu, metalik d\u00fc\u011fme detayl\u0131 blazer. Zincirli kemerli, y\u00fcksek bel, bilekte biten pantolon. Arkada kapakl\u0131, yalanc\u0131 cepli. D\u00fcz pa\u00e7a. Yan diki\u015fte gizli fermuarl\u0131 kapama. \u00d6L\u00c7\u00dcLER: Boy: 180cm G\u00f6\u011f\u00fcs: 86cm Bel:62cm Kal\u00e7a: [&hellip;]<\/p>\n","protected":false},"featured_media":31941,"template":"","meta":[],"product_brand":[],"product_cat":[43,31,21,40],"product_tag":[],"class_list":{"0":"post-31940","1":"product","2":"type-product","3":"status-publish","4":"has-post-thumbnail","6":"product_cat-2025-2026-sonbaharkis","7":"product_cat-ceket","8":"product_cat-pantolon","9":"product_cat-takim","11":"first","12":"instock","13":"taxable","14":"shipping-taxable","15":"purchasable","16":"product-type-simple"},"_links":{"self":[{"href":"https:\/\/fkpynappel.com\/en\/wp-json\/wp\/v2\/product\/31940","targetHints":{"allow":["GET"]}}],"collection":[{"href":"https:\/\/fkpynappel.com\/en\/wp-json\/wp\/v2\/product"}],"about":[{"href":"https:\/\/fkpynappel.com\/en\/wp-json\/wp\/v2\/types\/product"}],"wp:featuredmedia":[{"embeddable":true,"href":"https:\/\/fkpynappel.com\/en\/wp-json\/wp\/v2\/media\/31941"}],"wp:attachment":[{"href":"https:\/\/fkpynappel.com\/en\/wp-json\/wp\/v2\/media?parent=31940"}],"wp:term":[{"taxonomy":"product_brand","embeddable":true,"href":"https:\/\/fkpynappel.com\/en\/wp-json\/wp\/v2\/product_brand?post=31940"},{"taxonomy":"product_cat","embeddable":true,"href":"https:\/\/fkpynappel.com\/en\/wp-json\/wp\/v2\/product_cat?post=31940"},{"taxonomy":"product_tag","embeddable":true,"href":"https:\/\/fkpynappel.com\/en\/wp-json\/wp\/v2\/product_tag?post=31940"}],"curies":[{"name":"wp","href":"https:\/\/api.w.org\/{rel}","templated":true}]}}