{"id":31935,"date":"2025-12-02T07:35:43","date_gmt":"2025-12-02T07:35:43","guid":{"rendered":"https:\/\/fkpynappel.com\/?post_type=product&#038;p=31935"},"modified":"2026-02-13T11:36:22","modified_gmt":"2026-02-13T11:36:22","slug":"straight-fit-blazer","status":"publish","type":"product","link":"https:\/\/fkpynappel.com\/en\/product\/straight-fit-blazer\/","title":{"rendered":"STRAIGHT FIT BLAZER"},"content":{"rendered":"<p><strong>5474 STRAIGHT FIT BLAZER<\/strong><\/p>\n<p><strong>RENK: LAC\u0130VERT-ANTRAS\u0130T-S\u0130YAH<\/strong><\/p>\n<p><strong>KUMA\u015e KARI\u015eIMI: %88PES %12EA<\/strong><\/p>\n<p><strong>\u00dcR\u00dcN A\u00c7IKLAMASI: Katl\u0131 yakal\u0131, \u00f6n\u00fc d\u00fc\u011fme kapamal\u0131, yanlar\u0131 cepli, vatkal\u0131 ve astarl\u0131 blazer ceket.<\/strong><\/p>\n<p><strong>\u00d6L\u00c7\u00dcLER:<\/strong><\/p>\n<p><strong>Boy: 180cm<\/strong><\/p>\n<p><strong>G\u00f6\u011f\u00fcs: 86cm<\/strong><\/p>\n<p><strong>Bel:60cm<\/strong><\/p>\n<p><strong>Kal\u00e7a: 94cm<\/strong><\/p>\n<p><strong>Beden Da\u011f\u0131l\u0131m\u0131: S2-M2-L1<\/strong><\/p>\n<p><strong>\u00dcretim \u00dclkesi: T\u00fcrkiye<\/strong><\/p>","protected":false},"excerpt":{"rendered":"<p>5474 STRAIGHT FIT BLAZER RENK: LAC\u0130VERT-ANTRAS\u0130T-S\u0130YAH KUMA\u015e KARI\u015eIMI: %88PES %12EA \u00dcR\u00dcN A\u00c7IKLAMASI: Katl\u0131 yakal\u0131, \u00f6n\u00fc d\u00fc\u011fme kapamal\u0131, yanlar\u0131 cepli, vatkal\u0131 ve astarl\u0131 blazer ceket. \u00d6L\u00c7\u00dcLER: Boy: 180cm G\u00f6\u011f\u00fcs: 86cm Bel:60cm Kal\u00e7a: 94cm Beden Da\u011f\u0131l\u0131m\u0131: S2-M2-L1 \u00dcretim \u00dclkesi: T\u00fcrkiye<\/p>","protected":false},"featured_media":31936,"template":"","meta":[],"product_brand":[],"product_cat":[43,31],"product_tag":[],"class_list":{"0":"post-31935","1":"product","2":"type-product","3":"status-publish","4":"has-post-thumbnail","6":"product_cat-2025-2026-sonbaharkis","7":"product_cat-ceket","9":"first","10":"instock","11":"taxable","12":"shipping-taxable","13":"purchasable","14":"product-type-simple"},"_links":{"self":[{"href":"https:\/\/fkpynappel.com\/en\/wp-json\/wp\/v2\/product\/31935","targetHints":{"allow":["GET"]}}],"collection":[{"href":"https:\/\/fkpynappel.com\/en\/wp-json\/wp\/v2\/product"}],"about":[{"href":"https:\/\/fkpynappel.com\/en\/wp-json\/wp\/v2\/types\/product"}],"wp:featuredmedia":[{"embeddable":true,"href":"https:\/\/fkpynappel.com\/en\/wp-json\/wp\/v2\/media\/31936"}],"wp:attachment":[{"href":"https:\/\/fkpynappel.com\/en\/wp-json\/wp\/v2\/media?parent=31935"}],"wp:term":[{"taxonomy":"product_brand","embeddable":true,"href":"https:\/\/fkpynappel.com\/en\/wp-json\/wp\/v2\/product_brand?post=31935"},{"taxonomy":"product_cat","embeddable":true,"href":"https:\/\/fkpynappel.com\/en\/wp-json\/wp\/v2\/product_cat?post=31935"},{"taxonomy":"product_tag","embeddable":true,"href":"https:\/\/fkpynappel.com\/en\/wp-json\/wp\/v2\/product_tag?post=31935"}],"curies":[{"name":"wp","href":"https:\/\/api.w.org\/{rel}","templated":true}]}}