{"id":31924,"date":"2025-12-02T07:21:02","date_gmt":"2025-12-02T07:21:02","guid":{"rendered":"https:\/\/fkpynappel.com\/?post_type=product&#038;p=31924"},"modified":"2026-02-13T11:32:01","modified_gmt":"2026-02-13T11:32:01","slug":"kemerli-deri-ceket","status":"publish","type":"product","link":"https:\/\/fkpynappel.com\/en\/product\/kemerli-deri-ceket\/","title":{"rendered":"KEMERL\u0130 DER\u0130 CEKET"},"content":{"rendered":"<p><strong>5487 KEMERL\u0130 DER\u0130 CEKETRENK: S\u0130YAH-BEJ<\/strong><\/p>\n<p><strong>KUMA\u015e KARI\u015eIMI: %100PES<\/strong><\/p>\n<p><strong>\u00dcR\u00dcN A\u00c7IKLAMASI: Yakal\u0131,r\u00fczgarl\u0131kl\u0131,uzun kollu,kaplama tokal\u0131 ve kemerli deri ceket.<\/strong><\/p>\n<p><strong>\u00d6L\u00c7\u00dcLER:<\/strong><\/p>\n<p><strong>Boy: 180cm<\/strong><\/p>\n<p><strong>G\u00f6\u011f\u00fcs: 86cm<\/strong><\/p>\n<p><strong>Bel:60cm<\/strong><\/p>\n<p><strong>Kal\u00e7a: 94cm<\/strong><\/p>\n<p><strong>Beden Da\u011f\u0131l\u0131m\u0131: S2-M2-L1<\/strong><\/p>\n<p><strong>\u00dcretim \u00dclkesi: T\u00fcrkiye<\/strong><\/p>","protected":false},"excerpt":{"rendered":"<p>5487 KEMERL\u0130 DER\u0130 CEKETRENK: S\u0130YAH-BEJ KUMA\u015e KARI\u015eIMI: %100PES \u00dcR\u00dcN A\u00c7IKLAMASI: Yakal\u0131,r\u00fczgarl\u0131kl\u0131,uzun kollu,kaplama tokal\u0131 ve kemerli deri ceket. \u00d6L\u00c7\u00dcLER: Boy: 180cm G\u00f6\u011f\u00fcs: 86cm Bel:60cm Kal\u00e7a: 94cm Beden Da\u011f\u0131l\u0131m\u0131: S2-M2-L1 \u00dcretim \u00dclkesi: T\u00fcrkiye<\/p>","protected":false},"featured_media":31925,"template":"","meta":[],"product_brand":[],"product_cat":[43,31],"product_tag":[],"class_list":{"0":"post-31924","1":"product","2":"type-product","3":"status-publish","4":"has-post-thumbnail","6":"product_cat-2025-2026-sonbaharkis","7":"product_cat-ceket","9":"first","10":"instock","11":"taxable","12":"shipping-taxable","13":"purchasable","14":"product-type-simple"},"_links":{"self":[{"href":"https:\/\/fkpynappel.com\/en\/wp-json\/wp\/v2\/product\/31924","targetHints":{"allow":["GET"]}}],"collection":[{"href":"https:\/\/fkpynappel.com\/en\/wp-json\/wp\/v2\/product"}],"about":[{"href":"https:\/\/fkpynappel.com\/en\/wp-json\/wp\/v2\/types\/product"}],"wp:featuredmedia":[{"embeddable":true,"href":"https:\/\/fkpynappel.com\/en\/wp-json\/wp\/v2\/media\/31925"}],"wp:attachment":[{"href":"https:\/\/fkpynappel.com\/en\/wp-json\/wp\/v2\/media?parent=31924"}],"wp:term":[{"taxonomy":"product_brand","embeddable":true,"href":"https:\/\/fkpynappel.com\/en\/wp-json\/wp\/v2\/product_brand?post=31924"},{"taxonomy":"product_cat","embeddable":true,"href":"https:\/\/fkpynappel.com\/en\/wp-json\/wp\/v2\/product_cat?post=31924"},{"taxonomy":"product_tag","embeddable":true,"href":"https:\/\/fkpynappel.com\/en\/wp-json\/wp\/v2\/product_tag?post=31924"}],"curies":[{"name":"wp","href":"https:\/\/api.w.org\/{rel}","templated":true}]}}