{"id":31916,"date":"2025-12-02T07:16:13","date_gmt":"2025-12-02T07:16:13","guid":{"rendered":"https:\/\/fkpynappel.com\/?post_type=product&#038;p=31916"},"modified":"2026-02-13T11:32:10","modified_gmt":"2026-02-13T11:32:10","slug":"deri-kemerli-midi-boy-etek","status":"publish","type":"product","link":"https:\/\/fkpynappel.com\/en\/product\/deri-kemerli-midi-boy-etek\/","title":{"rendered":"DER\u0130 KEMERL\u0130 M\u0130D\u0130 BOY ETEK"},"content":{"rendered":"<p><strong>4576 DER\u0130 KEMERL\u0130 M\u0130D\u0130 BOY ETEK<\/strong><\/p>\n<p><strong>RENK: S\u0130YAH-BORDO-KAHVE-ANTRAS\u0130T<\/strong><\/p>\n<p><strong>KUMA\u015e KARI\u015eIMI: %64PES %33V\u0130S %3LYC<\/strong><\/p>\n<p><strong>\u00dcR\u00dcN A\u00c7IKLAMASI: Fermuar kapatmal\u0131, pileli, \u00f6nden y\u0131rtma\u00e7l\u0131 midi etek. Belinde deri kemerli.<\/strong><\/p>\n<p><strong>\u00d6L\u00c7\u00dcLER:<\/strong><\/p>\n<p><strong>Boy: 180cm<\/strong><\/p>\n<p><strong>G\u00f6\u011f\u00fcs: 86cm<\/strong><\/p>\n<p><strong>Bel:60cm<\/strong><\/p>\n<p><strong>Kal\u00e7a: 94cm<\/strong><\/p>\n<p><strong>Beden Da\u011f\u0131l\u0131m\u0131: S2-M2-L1<\/strong><\/p>\n<p><strong>\u00dcretim \u00dclkesi: T\u00fcrkiye<\/strong><\/p>","protected":false},"excerpt":{"rendered":"<p>4576 DER\u0130 KEMERL\u0130 M\u0130D\u0130 BOY ETEK RENK: S\u0130YAH-BORDO-KAHVE-ANTRAS\u0130T KUMA\u015e KARI\u015eIMI: %64PES %33V\u0130S %3LYC \u00dcR\u00dcN A\u00c7IKLAMASI: Fermuar kapatmal\u0131, pileli, \u00f6nden y\u0131rtma\u00e7l\u0131 midi etek. Belinde deri kemerli. \u00d6L\u00c7\u00dcLER: Boy: 180cm G\u00f6\u011f\u00fcs: 86cm Bel:60cm Kal\u00e7a: 94cm Beden Da\u011f\u0131l\u0131m\u0131: S2-M2-L1 \u00dcretim \u00dclkesi: T\u00fcrkiye<\/p>","protected":false},"featured_media":31922,"template":"","meta":[],"product_brand":[],"product_cat":[43,34],"product_tag":[],"class_list":{"0":"post-31916","1":"product","2":"type-product","3":"status-publish","4":"has-post-thumbnail","6":"product_cat-2025-2026-sonbaharkis","7":"product_cat-etek","9":"first","10":"instock","11":"taxable","12":"shipping-taxable","13":"purchasable","14":"product-type-simple"},"_links":{"self":[{"href":"https:\/\/fkpynappel.com\/en\/wp-json\/wp\/v2\/product\/31916","targetHints":{"allow":["GET"]}}],"collection":[{"href":"https:\/\/fkpynappel.com\/en\/wp-json\/wp\/v2\/product"}],"about":[{"href":"https:\/\/fkpynappel.com\/en\/wp-json\/wp\/v2\/types\/product"}],"wp:featuredmedia":[{"embeddable":true,"href":"https:\/\/fkpynappel.com\/en\/wp-json\/wp\/v2\/media\/31922"}],"wp:attachment":[{"href":"https:\/\/fkpynappel.com\/en\/wp-json\/wp\/v2\/media?parent=31916"}],"wp:term":[{"taxonomy":"product_brand","embeddable":true,"href":"https:\/\/fkpynappel.com\/en\/wp-json\/wp\/v2\/product_brand?post=31916"},{"taxonomy":"product_cat","embeddable":true,"href":"https:\/\/fkpynappel.com\/en\/wp-json\/wp\/v2\/product_cat?post=31916"},{"taxonomy":"product_tag","embeddable":true,"href":"https:\/\/fkpynappel.com\/en\/wp-json\/wp\/v2\/product_tag?post=31916"}],"curies":[{"name":"wp","href":"https:\/\/api.w.org\/{rel}","templated":true}]}}