{"id":31824,"date":"2025-10-11T07:26:52","date_gmt":"2025-10-11T07:26:52","guid":{"rendered":"https:\/\/fkpynappel.com\/?post_type=product&#038;p=31824"},"modified":"2026-02-13T11:32:41","modified_gmt":"2026-02-13T11:32:41","slug":"dar-kesim-midi-elbise-kopya","status":"publish","type":"product","link":"https:\/\/fkpynappel.com\/en\/product\/dar-kesim-midi-elbise-kopya\/","title":{"rendered":"SUEDE MINI SKIRT WITH POCKET DETAILS"},"content":{"rendered":"<p><strong>4566 CEP DETAYLI S\u00dcET M\u0130N\u0130 ETEK<\/strong><\/p>\n<p><strong>RENK: HARDAL-KAHVE-TABA<\/strong><\/p>\n<p><strong>KUMA\u015e KARI\u015eIMI:%95 PES %5 EA<\/strong><\/p>\n<p><strong>\u00dcR\u00dcN A\u00c7IKLAMASI: \u00d6N\u00dc D\u00dc\u011eMEL\u0130,CEP KAPAKLI,S\u00dcET KUMA\u015e KARI\u015eIMI,YIRTMA\u00c7SIZ KEMER DETAYLI M\u0130N\u0130 ETEK<\/strong><\/p>\n<p><strong>\u00d6L\u00c7\u00dcLER:<\/strong><\/p>\n<p><strong>Boy: 176cm<\/strong><\/p>\n<p><strong>G\u00f6\u011f\u00fcs: 83cm<\/strong><\/p>\n<p><strong>Bel:60cm<\/strong><\/p>\n<p><strong>Kal\u00e7a: 90cm<\/strong><\/p>\n<p><strong>Beden Da\u011f\u0131l\u0131m\u0131:S2-M2-L1<\/strong><\/p>\n<p><strong>\u00dcretim \u00dclkesi: T\u00fcrkiye<\/strong><\/p>","protected":false},"excerpt":{"rendered":"<p>4566 CEP DETAYLI S\u00dcET M\u0130N\u0130 ETEK RENK: HARDAL-KAHVE-TABA KUMA\u015e KARI\u015eIMI:%95 PES %5 EA \u00dcR\u00dcN A\u00c7IKLAMASI: \u00d6N\u00dc D\u00dc\u011eMEL\u0130,CEP KAPAKLI,S\u00dcET KUMA\u015e KARI\u015eIMI,YIRTMA\u00c7SIZ KEMER DETAYLI M\u0130N\u0130 ETEK \u00d6L\u00c7\u00dcLER: Boy: 176cm G\u00f6\u011f\u00fcs: 83cm Bel:60cm Kal\u00e7a: 90cm Beden Da\u011f\u0131l\u0131m\u0131:S2-M2-L1 \u00dcretim \u00dclkesi: T\u00fcrkiye<\/p>","protected":false},"featured_media":31825,"template":"","meta":[],"product_brand":[],"product_cat":[43,34],"product_tag":[],"class_list":{"0":"post-31824","1":"product","2":"type-product","3":"status-publish","4":"has-post-thumbnail","6":"product_cat-2025-2026-sonbaharkis","7":"product_cat-etek","9":"first","10":"instock","11":"taxable","12":"shipping-taxable","13":"purchasable","14":"product-type-simple"},"_links":{"self":[{"href":"https:\/\/fkpynappel.com\/en\/wp-json\/wp\/v2\/product\/31824","targetHints":{"allow":["GET"]}}],"collection":[{"href":"https:\/\/fkpynappel.com\/en\/wp-json\/wp\/v2\/product"}],"about":[{"href":"https:\/\/fkpynappel.com\/en\/wp-json\/wp\/v2\/types\/product"}],"wp:featuredmedia":[{"embeddable":true,"href":"https:\/\/fkpynappel.com\/en\/wp-json\/wp\/v2\/media\/31825"}],"wp:attachment":[{"href":"https:\/\/fkpynappel.com\/en\/wp-json\/wp\/v2\/media?parent=31824"}],"wp:term":[{"taxonomy":"product_brand","embeddable":true,"href":"https:\/\/fkpynappel.com\/en\/wp-json\/wp\/v2\/product_brand?post=31824"},{"taxonomy":"product_cat","embeddable":true,"href":"https:\/\/fkpynappel.com\/en\/wp-json\/wp\/v2\/product_cat?post=31824"},{"taxonomy":"product_tag","embeddable":true,"href":"https:\/\/fkpynappel.com\/en\/wp-json\/wp\/v2\/product_tag?post=31824"}],"curies":[{"name":"wp","href":"https:\/\/api.w.org\/{rel}","templated":true}]}}