{"id":31776,"date":"2025-10-11T07:07:00","date_gmt":"2025-10-11T07:07:00","guid":{"rendered":"https:\/\/fkpynappel.com\/?post_type=product&#038;p=31776"},"modified":"2026-02-13T11:32:50","modified_gmt":"2026-02-13T11:32:50","slug":"dar-kesim-midi-elbise","status":"publish","type":"product","link":"https:\/\/fkpynappel.com\/en\/product\/dar-kesim-midi-elbise\/","title":{"rendered":"DAR KES\u0130M M\u0130D\u0130 ELB\u0130SE"},"content":{"rendered":"<p><strong>12396 DAR KES\u0130M M\u0130D\u0130 ELB\u0130SE<\/strong><\/p>\n<p><strong>RENK: S\u0130YAH<\/strong><\/p>\n<p><strong>KUMA\u015e KARI\u015eIMI:%55 V\u0130SKON %37 NYL %8 EA<\/strong><\/p>\n<p><strong>\u00dcR\u00dcN A\u00c7IKLAMASI: UZUN DAR KES\u0130M \u00d6N\u00dc FERMUARLI,KOLLARI \u00c7\u0130FT MAN\u015eET,YIRMA\u00c7SIZ,YAKALI ELB\u0130SE<\/strong><\/p>\n<p><strong>\u00d6L\u00c7\u00dcLER:<\/strong><\/p>\n<p><strong>Boy: 176cm<\/strong><\/p>\n<p><strong>G\u00f6\u011f\u00fcs: 83cm<\/strong><\/p>\n<p><strong>Bel:60cm<\/strong><\/p>\n<p><strong>Kal\u00e7a: 90cm<\/strong><\/p>\n<p><strong>Beden Da\u011f\u0131l\u0131m\u0131: S2-M1-L1<\/strong><\/p>\n<p><strong>\u00dcretim \u00dclkesi: T\u00fcrkiye<\/strong><\/p>","protected":false},"excerpt":{"rendered":"<p>12396 DAR KES\u0130M M\u0130D\u0130 ELB\u0130SE RENK: S\u0130YAH KUMA\u015e KARI\u015eIMI:%55 V\u0130SKON %37 NYL %8 EA \u00dcR\u00dcN A\u00c7IKLAMASI: UZUN DAR KES\u0130M \u00d6N\u00dc FERMUARLI,KOLLARI \u00c7\u0130FT MAN\u015eET,YIRMA\u00c7SIZ,YAKALI ELB\u0130SE \u00d6L\u00c7\u00dcLER: Boy: 176cm G\u00f6\u011f\u00fcs: 83cm Bel:60cm Kal\u00e7a: 90cm Beden Da\u011f\u0131l\u0131m\u0131: S2-M1-L1 \u00dcretim \u00dclkesi: T\u00fcrkiye<\/p>","protected":false},"featured_media":31777,"template":"","meta":[],"product_brand":[],"product_cat":[43,25],"product_tag":[],"class_list":{"0":"post-31776","1":"product","2":"type-product","3":"status-publish","4":"has-post-thumbnail","6":"product_cat-2025-2026-sonbaharkis","7":"product_cat-elbise","9":"first","10":"instock","11":"taxable","12":"shipping-taxable","13":"purchasable","14":"product-type-simple"},"_links":{"self":[{"href":"https:\/\/fkpynappel.com\/en\/wp-json\/wp\/v2\/product\/31776","targetHints":{"allow":["GET"]}}],"collection":[{"href":"https:\/\/fkpynappel.com\/en\/wp-json\/wp\/v2\/product"}],"about":[{"href":"https:\/\/fkpynappel.com\/en\/wp-json\/wp\/v2\/types\/product"}],"wp:featuredmedia":[{"embeddable":true,"href":"https:\/\/fkpynappel.com\/en\/wp-json\/wp\/v2\/media\/31777"}],"wp:attachment":[{"href":"https:\/\/fkpynappel.com\/en\/wp-json\/wp\/v2\/media?parent=31776"}],"wp:term":[{"taxonomy":"product_brand","embeddable":true,"href":"https:\/\/fkpynappel.com\/en\/wp-json\/wp\/v2\/product_brand?post=31776"},{"taxonomy":"product_cat","embeddable":true,"href":"https:\/\/fkpynappel.com\/en\/wp-json\/wp\/v2\/product_cat?post=31776"},{"taxonomy":"product_tag","embeddable":true,"href":"https:\/\/fkpynappel.com\/en\/wp-json\/wp\/v2\/product_tag?post=31776"}],"curies":[{"name":"wp","href":"https:\/\/api.w.org\/{rel}","templated":true}]}}