{"id":31759,"date":"2025-10-11T06:55:19","date_gmt":"2025-10-11T06:55:19","guid":{"rendered":"https:\/\/fkpynappel.com\/?post_type=product&#038;p=31759"},"modified":"2026-02-13T11:33:17","modified_gmt":"2026-02-13T11:33:17","slug":"fkparis-glam-long-jean","status":"publish","type":"product","link":"https:\/\/fkpynappel.com\/en\/product\/fkparis-glam-long-jean\/","title":{"rendered":"FKPAR\u0130S GLAM LONG JEAN"},"content":{"rendered":"<p><strong>1422 FKPAR\u0130S GLAM LONG JEAN<\/strong><\/p>\n<p><strong>RENK: LAC\u0130VERT<\/strong><\/p>\n<p><strong>KUMA\u015e KARI\u015eIMI: %98COT %3EA<\/strong><\/p>\n<p><strong>\u00dcR\u00dcN A\u00c7IKLAMASI: Y\u00fcksek belli, be\u015f cepli jean. Beli kemer k\u00f6pr\u00fcl\u00fc. Geni\u015f, uzun pa\u00e7al\u0131. Fermuar ve metal d\u00fc\u011fme ile kapan\u0131r.<\/strong><\/p>\n<p><strong>\u00d6L\u00c7\u00dcLER:<\/strong><\/p>\n<p><strong>Boy: 176cm<\/strong><\/p>\n<p><strong>G\u00f6\u011f\u00fcs: 83cm<\/strong><\/p>\n<p><strong>Bel:60cm<\/strong><\/p>\n<p><strong>Kal\u00e7a: 90cm<\/strong><\/p>\n<p><strong>Beden Da\u011f\u0131l\u0131m\u0131: 34(1)-36(2)-38(2)-40(1)<\/strong><\/p>\n<p><strong>\u00dcretim \u00dclkesi: T\u00fcrkiye<\/strong><\/p>","protected":false},"excerpt":{"rendered":"<p>1422 FKPAR\u0130S GLAM LONG JEAN RENK: LAC\u0130VERT KUMA\u015e KARI\u015eIMI: %98COT %3EA \u00dcR\u00dcN A\u00c7IKLAMASI: Y\u00fcksek belli, be\u015f cepli jean. Beli kemer k\u00f6pr\u00fcl\u00fc. Geni\u015f, uzun pa\u00e7al\u0131. Fermuar ve metal d\u00fc\u011fme ile kapan\u0131r. \u00d6L\u00c7\u00dcLER: Boy: 176cm G\u00f6\u011f\u00fcs: 83cm Bel:60cm Kal\u00e7a: 90cm Beden Da\u011f\u0131l\u0131m\u0131: 34(1)-36(2)-38(2)-40(1) \u00dcretim \u00dclkesi: T\u00fcrkiye<\/p>","protected":false},"featured_media":31760,"template":"","meta":[],"product_brand":[],"product_cat":[43,20,21],"product_tag":[],"class_list":{"0":"post-31759","1":"product","2":"type-product","3":"status-publish","4":"has-post-thumbnail","6":"product_cat-2025-2026-sonbaharkis","7":"product_cat-denim","8":"product_cat-pantolon","10":"first","11":"instock","12":"taxable","13":"shipping-taxable","14":"purchasable","15":"product-type-simple"},"_links":{"self":[{"href":"https:\/\/fkpynappel.com\/en\/wp-json\/wp\/v2\/product\/31759","targetHints":{"allow":["GET"]}}],"collection":[{"href":"https:\/\/fkpynappel.com\/en\/wp-json\/wp\/v2\/product"}],"about":[{"href":"https:\/\/fkpynappel.com\/en\/wp-json\/wp\/v2\/types\/product"}],"wp:featuredmedia":[{"embeddable":true,"href":"https:\/\/fkpynappel.com\/en\/wp-json\/wp\/v2\/media\/31760"}],"wp:attachment":[{"href":"https:\/\/fkpynappel.com\/en\/wp-json\/wp\/v2\/media?parent=31759"}],"wp:term":[{"taxonomy":"product_brand","embeddable":true,"href":"https:\/\/fkpynappel.com\/en\/wp-json\/wp\/v2\/product_brand?post=31759"},{"taxonomy":"product_cat","embeddable":true,"href":"https:\/\/fkpynappel.com\/en\/wp-json\/wp\/v2\/product_cat?post=31759"},{"taxonomy":"product_tag","embeddable":true,"href":"https:\/\/fkpynappel.com\/en\/wp-json\/wp\/v2\/product_tag?post=31759"}],"curies":[{"name":"wp","href":"https:\/\/api.w.org\/{rel}","templated":true}]}}