{"id":31727,"date":"2025-10-11T06:45:14","date_gmt":"2025-10-11T06:45:14","guid":{"rendered":"https:\/\/fkpynappel.com\/?post_type=product&#038;p=31727"},"modified":"2026-02-13T11:33:48","modified_gmt":"2026-02-13T11:33:48","slug":"arkasi-baglama-detayli-gomlek","status":"publish","type":"product","link":"https:\/\/fkpynappel.com\/en\/product\/arkasi-baglama-detayli-gomlek\/","title":{"rendered":"ARKASI BA\u011eLAMA DETAYLI G\u00d6MLEK"},"content":{"rendered":"<p>2453 ARKASI BA\u011eLAMA DETAYLI G\u00d6MLEK<\/p>\n<p>RENK: S\u0130YAH-BEYAZ-B.MAV\u0130-PEMBE<\/p>\n<p>KUMA\u015e KARI\u015eIMI: %100COT<\/p>\n<p>\u00dcR\u00dcN A\u00c7IKLAMASI: G\u00f6mlek yaka, \u00f6n\u00fc d\u00fc\u011fme iliklemeli, uzun kollu ve geni\u015f man\u015fetli, arkas\u0131 kendi kuma\u015f\u0131ndan biyeli ve ba\u011flamal\u0131 g\u00f6mlek.<\/p>\n<p>\u00d6L\u00c7\u00dcLER:<\/p>\n<p>Boy: 176cm<\/p>\n<p>G\u00f6\u011f\u00fcs: 83cm<\/p>\n<p>Bel:60cm<\/p>\n<p>Kal\u00e7a: 90cm<\/p>\n<p>Beden Da\u011f\u0131l\u0131m\u0131: S2-M1-L1<\/p>\n<p>\u00dcretim \u00dclkesi: T\u00fcrkiye<\/p>","protected":false},"excerpt":{"rendered":"<p>2453 ARKASI BA\u011eLAMA DETAYLI G\u00d6MLEK RENK: S\u0130YAH-BEYAZ-B.MAV\u0130-PEMBE KUMA\u015e KARI\u015eIMI: %100COT \u00dcR\u00dcN A\u00c7IKLAMASI: G\u00f6mlek yaka, \u00f6n\u00fc d\u00fc\u011fme iliklemeli, uzun kollu ve geni\u015f man\u015fetli, arkas\u0131 kendi kuma\u015f\u0131ndan biyeli ve ba\u011flamal\u0131 g\u00f6mlek. \u00d6L\u00c7\u00dcLER: Boy: 176cm G\u00f6\u011f\u00fcs: 83cm Bel:60cm Kal\u00e7a: 90cm Beden Da\u011f\u0131l\u0131m\u0131: S2-M1-L1 \u00dcretim \u00dclkesi: T\u00fcrkiye<\/p>","protected":false},"featured_media":31728,"template":"","meta":[],"product_brand":[],"product_cat":[43,32],"product_tag":[],"class_list":{"0":"post-31727","1":"product","2":"type-product","3":"status-publish","4":"has-post-thumbnail","6":"product_cat-2025-2026-sonbaharkis","7":"product_cat-gomlek","9":"first","10":"instock","11":"taxable","12":"shipping-taxable","13":"purchasable","14":"product-type-simple"},"_links":{"self":[{"href":"https:\/\/fkpynappel.com\/en\/wp-json\/wp\/v2\/product\/31727","targetHints":{"allow":["GET"]}}],"collection":[{"href":"https:\/\/fkpynappel.com\/en\/wp-json\/wp\/v2\/product"}],"about":[{"href":"https:\/\/fkpynappel.com\/en\/wp-json\/wp\/v2\/types\/product"}],"wp:featuredmedia":[{"embeddable":true,"href":"https:\/\/fkpynappel.com\/en\/wp-json\/wp\/v2\/media\/31728"}],"wp:attachment":[{"href":"https:\/\/fkpynappel.com\/en\/wp-json\/wp\/v2\/media?parent=31727"}],"wp:term":[{"taxonomy":"product_brand","embeddable":true,"href":"https:\/\/fkpynappel.com\/en\/wp-json\/wp\/v2\/product_brand?post=31727"},{"taxonomy":"product_cat","embeddable":true,"href":"https:\/\/fkpynappel.com\/en\/wp-json\/wp\/v2\/product_cat?post=31727"},{"taxonomy":"product_tag","embeddable":true,"href":"https:\/\/fkpynappel.com\/en\/wp-json\/wp\/v2\/product_tag?post=31727"}],"curies":[{"name":"wp","href":"https:\/\/api.w.org\/{rel}","templated":true}]}}