{"id":31674,"date":"2025-10-10T07:06:54","date_gmt":"2025-10-10T07:06:54","guid":{"rendered":"https:\/\/fkpynappel.com\/?post_type=product&#038;p=31674"},"modified":"2026-02-13T11:37:23","modified_gmt":"2026-02-13T11:37:23","slug":"cok-parcali-saten-etek","status":"publish","type":"product","link":"https:\/\/fkpynappel.com\/en\/product\/cok-parcali-saten-etek\/","title":{"rendered":"\u00c7OK PAR\u00c7ALI SATEN ETEK"},"content":{"rendered":"<p>4571 \u00c7OK PAR\u00c7ALI SATEN ETEK<\/p>\n<p>RENK: S\u0130YAH-BORDO-KAHVE<\/p>\n<p>KUMA\u015e KARI\u015eIMI: %100POLY<\/p>\n<p>\u00dcR\u00dcN A\u00c7IKLAMASI: Fermuar kapamal\u0131, \u00f6n\u00fc f\u0131rf\u0131r detayl\u0131, par\u00e7al\u0131 ve volanl\u0131 maksi boy saten etek.<\/p>\n<p>Boy: 176cm<\/p>\n<p>G\u00f6\u011f\u00fcs: 83cm<\/p>\n<p>Bel:60cm<\/p>\n<p>Kal\u00e7a: 90cm<\/p>\n<p>Beden Da\u011f\u0131l\u0131m\u0131: S2-M2<\/p>\n<p>\u00dcretim \u00dclkesi: T\u00fcrkiye<\/p>","protected":false},"excerpt":{"rendered":"<p>4571 \u00c7OK PAR\u00c7ALI SATEN ETEK RENK: S\u0130YAH-BORDO-KAHVE KUMA\u015e KARI\u015eIMI: %100POLY \u00dcR\u00dcN A\u00c7IKLAMASI: Fermuar kapamal\u0131, \u00f6n\u00fc f\u0131rf\u0131r detayl\u0131, par\u00e7al\u0131 ve volanl\u0131 maksi boy saten etek. Boy: 176cm G\u00f6\u011f\u00fcs: 83cm Bel:60cm Kal\u00e7a: 90cm Beden Da\u011f\u0131l\u0131m\u0131: S2-M2 \u00dcretim \u00dclkesi: T\u00fcrkiye<\/p>","protected":false},"featured_media":31675,"template":"","meta":[],"product_brand":[],"product_cat":[43,34],"product_tag":[],"class_list":{"0":"post-31674","1":"product","2":"type-product","3":"status-publish","4":"has-post-thumbnail","6":"product_cat-2025-2026-sonbaharkis","7":"product_cat-etek","9":"first","10":"instock","11":"taxable","12":"shipping-taxable","13":"purchasable","14":"product-type-simple"},"_links":{"self":[{"href":"https:\/\/fkpynappel.com\/en\/wp-json\/wp\/v2\/product\/31674","targetHints":{"allow":["GET"]}}],"collection":[{"href":"https:\/\/fkpynappel.com\/en\/wp-json\/wp\/v2\/product"}],"about":[{"href":"https:\/\/fkpynappel.com\/en\/wp-json\/wp\/v2\/types\/product"}],"wp:featuredmedia":[{"embeddable":true,"href":"https:\/\/fkpynappel.com\/en\/wp-json\/wp\/v2\/media\/31675"}],"wp:attachment":[{"href":"https:\/\/fkpynappel.com\/en\/wp-json\/wp\/v2\/media?parent=31674"}],"wp:term":[{"taxonomy":"product_brand","embeddable":true,"href":"https:\/\/fkpynappel.com\/en\/wp-json\/wp\/v2\/product_brand?post=31674"},{"taxonomy":"product_cat","embeddable":true,"href":"https:\/\/fkpynappel.com\/en\/wp-json\/wp\/v2\/product_cat?post=31674"},{"taxonomy":"product_tag","embeddable":true,"href":"https:\/\/fkpynappel.com\/en\/wp-json\/wp\/v2\/product_tag?post=31674"}],"curies":[{"name":"wp","href":"https:\/\/api.w.org\/{rel}","templated":true}]}}