{"id":31625,"date":"2025-10-10T06:40:32","date_gmt":"2025-10-10T06:40:32","guid":{"rendered":"https:\/\/fkpynappel.com\/?post_type=product&#038;p=31625"},"modified":"2026-02-13T11:36:49","modified_gmt":"2026-02-13T11:36:49","slug":"payet-detayli-mini-etek","status":"publish","type":"product","link":"https:\/\/fkpynappel.com\/en\/product\/payet-detayli-mini-etek\/","title":{"rendered":"PAYET DETAYLI M\u0130N\u0130 ETEK"},"content":{"rendered":"<p>4573 PAYET DETAYLI M\u0130N\u0130 ETEK<\/p>\n<p>RENK: V\u0130\u015eNE \u00c7\u00dcR\u00dc\u011e\u00dc- BORDO-TA\u015e-ANTRAS\u0130T-S\u0130YAH<\/p>\n<p>KUMA\u015e KARI\u015eIMI: %65PES %32V\u0130S %3EA<\/p>\n<p>\u00dcR\u00dcN A\u00c7IKLAMASI: Fermuar kapamal\u0131, \u00f6n\u00fc kapakl\u0131 payet detayl\u0131 mini etek.<\/p>\n<p>Boy: 176cm<\/p>\n<p>G\u00f6\u011f\u00fcs: 83cm<\/p>\n<p>Bel:60cm<\/p>\n<p>Kal\u00e7a: 90cm<\/p>\n<p>Beden Da\u011f\u0131l\u0131m\u0131: S2-M2-L1<\/p>\n<p>\u00dcretim \u00dclkesi: T\u00fcrkiye<\/p>","protected":false},"excerpt":{"rendered":"<p>4573 PAYET DETAYLI M\u0130N\u0130 ETEK RENK: V\u0130\u015eNE \u00c7\u00dcR\u00dc\u011e\u00dc- BORDO-TA\u015e-ANTRAS\u0130T-S\u0130YAH KUMA\u015e KARI\u015eIMI: %65PES %32V\u0130S %3EA \u00dcR\u00dcN A\u00c7IKLAMASI: Fermuar kapamal\u0131, \u00f6n\u00fc kapakl\u0131 payet detayl\u0131 mini etek. Boy: 176cm G\u00f6\u011f\u00fcs: 83cm Bel:60cm Kal\u00e7a: 90cm Beden Da\u011f\u0131l\u0131m\u0131: S2-M2-L1 \u00dcretim \u00dclkesi: T\u00fcrkiye<\/p>","protected":false},"featured_media":31626,"template":"","meta":[],"product_brand":[],"product_cat":[43,34],"product_tag":[],"class_list":{"0":"post-31625","1":"product","2":"type-product","3":"status-publish","4":"has-post-thumbnail","6":"product_cat-2025-2026-sonbaharkis","7":"product_cat-etek","9":"first","10":"instock","11":"taxable","12":"shipping-taxable","13":"purchasable","14":"product-type-simple"},"_links":{"self":[{"href":"https:\/\/fkpynappel.com\/en\/wp-json\/wp\/v2\/product\/31625","targetHints":{"allow":["GET"]}}],"collection":[{"href":"https:\/\/fkpynappel.com\/en\/wp-json\/wp\/v2\/product"}],"about":[{"href":"https:\/\/fkpynappel.com\/en\/wp-json\/wp\/v2\/types\/product"}],"wp:featuredmedia":[{"embeddable":true,"href":"https:\/\/fkpynappel.com\/en\/wp-json\/wp\/v2\/media\/31626"}],"wp:attachment":[{"href":"https:\/\/fkpynappel.com\/en\/wp-json\/wp\/v2\/media?parent=31625"}],"wp:term":[{"taxonomy":"product_brand","embeddable":true,"href":"https:\/\/fkpynappel.com\/en\/wp-json\/wp\/v2\/product_brand?post=31625"},{"taxonomy":"product_cat","embeddable":true,"href":"https:\/\/fkpynappel.com\/en\/wp-json\/wp\/v2\/product_cat?post=31625"},{"taxonomy":"product_tag","embeddable":true,"href":"https:\/\/fkpynappel.com\/en\/wp-json\/wp\/v2\/product_tag?post=31625"}],"curies":[{"name":"wp","href":"https:\/\/api.w.org\/{rel}","templated":true}]}}