{"id":31605,"date":"2025-10-10T06:26:10","date_gmt":"2025-10-10T06:26:10","guid":{"rendered":"https:\/\/fkpynappel.com\/?post_type=product&#038;p=31605"},"modified":"2026-02-13T11:38:03","modified_gmt":"2026-02-13T11:38:03","slug":"baliksirti-ceket-baliksirti-sort-etek","status":"publish","type":"product","link":"https:\/\/fkpynappel.com\/en\/product\/baliksirti-ceket-baliksirti-sort-etek\/","title":{"rendered":"BALIKSIRTI CEKET-BALIKSIRTI \u015eORT ETEK"},"content":{"rendered":"<p>5469 BALIKSIRTI CEKET-9077 BALIKSIRTI \u015eORT ETEK<\/p>\n<p>RENK: BALIKSIRTI<\/p>\n<p>KUMA\u015e KARI\u015eIMI: %50ACR %30COT %20PES<\/p>\n<p>\u00dcR\u00dcN A\u00c7IKLAMASI: G\u00f6mlek yaka, vatkal\u0131, \u00f6n\u00fc d\u00fc\u011fme iliklemeli, uzun kollu bal\u0131ks\u0131rt\u0131 ceket.-Fermuar kapamal\u0131, kendi kuma\u015f\u0131ndan kapakl\u0131 \u015fort etek.<\/p>\n<p>\u00d6L\u00c7\u00dcLER:<\/p>\n<p>Boy: 176cm<\/p>\n<p>G\u00f6\u011f\u00fcs: 83cm<\/p>\n<p>Bel:60cm<\/p>\n<p>Kal\u00e7a: 90cm<\/p>\n<p>Beden Da\u011f\u0131l\u0131m\u0131: S2-M2-L1<\/p>\n<p>\u00dcretim \u00dclkesi: T\u00fcrkiye<\/p>","protected":false},"excerpt":{"rendered":"<p>5469 BALIKSIRTI CEKET-9077 BALIKSIRTI \u015eORT ETEK RENK: BALIKSIRTI KUMA\u015e KARI\u015eIMI: %50ACR %30COT %20PES \u00dcR\u00dcN A\u00c7IKLAMASI: G\u00f6mlek yaka, vatkal\u0131, \u00f6n\u00fc d\u00fc\u011fme iliklemeli, uzun kollu bal\u0131ks\u0131rt\u0131 ceket.-Fermuar kapamal\u0131, kendi kuma\u015f\u0131ndan kapakl\u0131 \u015fort etek. \u00d6L\u00c7\u00dcLER: Boy: 176cm G\u00f6\u011f\u00fcs: 83cm Bel:60cm Kal\u00e7a: 90cm Beden Da\u011f\u0131l\u0131m\u0131: S2-M2-L1 \u00dcretim \u00dclkesi: T\u00fcrkiye<\/p>","protected":false},"featured_media":31606,"template":"","meta":[],"product_brand":[],"product_cat":[43,31,34,27,40],"product_tag":[],"class_list":{"0":"post-31605","1":"product","2":"type-product","3":"status-publish","4":"has-post-thumbnail","6":"product_cat-2025-2026-sonbaharkis","7":"product_cat-ceket","8":"product_cat-etek","9":"product_cat-sort","10":"product_cat-takim","12":"first","13":"instock","14":"taxable","15":"shipping-taxable","16":"purchasable","17":"product-type-simple"},"_links":{"self":[{"href":"https:\/\/fkpynappel.com\/en\/wp-json\/wp\/v2\/product\/31605","targetHints":{"allow":["GET"]}}],"collection":[{"href":"https:\/\/fkpynappel.com\/en\/wp-json\/wp\/v2\/product"}],"about":[{"href":"https:\/\/fkpynappel.com\/en\/wp-json\/wp\/v2\/types\/product"}],"wp:featuredmedia":[{"embeddable":true,"href":"https:\/\/fkpynappel.com\/en\/wp-json\/wp\/v2\/media\/31606"}],"wp:attachment":[{"href":"https:\/\/fkpynappel.com\/en\/wp-json\/wp\/v2\/media?parent=31605"}],"wp:term":[{"taxonomy":"product_brand","embeddable":true,"href":"https:\/\/fkpynappel.com\/en\/wp-json\/wp\/v2\/product_brand?post=31605"},{"taxonomy":"product_cat","embeddable":true,"href":"https:\/\/fkpynappel.com\/en\/wp-json\/wp\/v2\/product_cat?post=31605"},{"taxonomy":"product_tag","embeddable":true,"href":"https:\/\/fkpynappel.com\/en\/wp-json\/wp\/v2\/product_tag?post=31605"}],"curies":[{"name":"wp","href":"https:\/\/api.w.org\/{rel}","templated":true}]}}