{"id":31599,"date":"2025-10-10T06:19:44","date_gmt":"2025-10-10T06:19:44","guid":{"rendered":"https:\/\/fkpynappel.com\/?post_type=product&#038;p=31599"},"modified":"2026-02-13T11:38:11","modified_gmt":"2026-02-13T11:38:11","slug":"yirtmac-detayli-tasarim-gomlek","status":"publish","type":"product","link":"https:\/\/fkpynappel.com\/en\/product\/yirtmac-detayli-tasarim-gomlek\/","title":{"rendered":"YIRTMA\u00c7 DETAYLI TASARIM G\u00d6MLEK"},"content":{"rendered":"<p>2460 YIRTMA\u00c7 DETAYLI TASARIM G\u00d6MLEK<\/p>\n<p>RENK: S\u0130YAH-K\u0130REM\u0130T-EKRU-B.MAV\u0130<\/p>\n<p>KUMA\u015e KARI\u015eIMI:<\/p>\n<p>\u00dcR\u00dcN A\u00c7IKLAMASI: G\u00f6mlek yaka, \u00f6n\u00fc d\u00fc\u011fme iliklemeli, uzun kollu ve man\u015fetli, s\u00fcs cepli, y\u0131rtma\u00e7 detayl\u0131 tasar\u0131m g\u00f6mlek.<\/p>\n<p>\u00d6L\u00c7\u00dcLER:<\/p>\n<p>Boy: 176cm<\/p>\n<p>G\u00f6\u011f\u00fcs: 83cm<\/p>\n<p>Bel:60cm<\/p>\n<p>Kal\u00e7a: 90cm<\/p>\n<p>Beden Da\u011f\u0131l\u0131m\u0131: S2-M1-L1<\/p>\n<p>\u00dcretim \u00dclkesi: T\u00fcrkiye<\/p>","protected":false},"excerpt":{"rendered":"<p>2460 YIRTMA\u00c7 DETAYLI TASARIM G\u00d6MLEK RENK: S\u0130YAH-K\u0130REM\u0130T-EKRU-B.MAV\u0130 KUMA\u015e KARI\u015eIMI: \u00dcR\u00dcN A\u00c7IKLAMASI: G\u00f6mlek yaka, \u00f6n\u00fc d\u00fc\u011fme iliklemeli, uzun kollu ve man\u015fetli, s\u00fcs cepli, y\u0131rtma\u00e7 detayl\u0131 tasar\u0131m g\u00f6mlek. \u00d6L\u00c7\u00dcLER: Boy: 176cm G\u00f6\u011f\u00fcs: 83cm Bel:60cm Kal\u00e7a: 90cm Beden Da\u011f\u0131l\u0131m\u0131: S2-M1-L1 \u00dcretim \u00dclkesi: T\u00fcrkiye<\/p>","protected":false},"featured_media":31600,"template":"","meta":[],"product_brand":[],"product_cat":[43,32],"product_tag":[],"class_list":{"0":"post-31599","1":"product","2":"type-product","3":"status-publish","4":"has-post-thumbnail","6":"product_cat-2025-2026-sonbaharkis","7":"product_cat-gomlek","9":"first","10":"instock","11":"taxable","12":"shipping-taxable","13":"purchasable","14":"product-type-simple"},"_links":{"self":[{"href":"https:\/\/fkpynappel.com\/en\/wp-json\/wp\/v2\/product\/31599","targetHints":{"allow":["GET"]}}],"collection":[{"href":"https:\/\/fkpynappel.com\/en\/wp-json\/wp\/v2\/product"}],"about":[{"href":"https:\/\/fkpynappel.com\/en\/wp-json\/wp\/v2\/types\/product"}],"wp:featuredmedia":[{"embeddable":true,"href":"https:\/\/fkpynappel.com\/en\/wp-json\/wp\/v2\/media\/31600"}],"wp:attachment":[{"href":"https:\/\/fkpynappel.com\/en\/wp-json\/wp\/v2\/media?parent=31599"}],"wp:term":[{"taxonomy":"product_brand","embeddable":true,"href":"https:\/\/fkpynappel.com\/en\/wp-json\/wp\/v2\/product_brand?post=31599"},{"taxonomy":"product_cat","embeddable":true,"href":"https:\/\/fkpynappel.com\/en\/wp-json\/wp\/v2\/product_cat?post=31599"},{"taxonomy":"product_tag","embeddable":true,"href":"https:\/\/fkpynappel.com\/en\/wp-json\/wp\/v2\/product_tag?post=31599"}],"curies":[{"name":"wp","href":"https:\/\/api.w.org\/{rel}","templated":true}]}}