{"id":31597,"date":"2025-10-10T06:17:29","date_gmt":"2025-10-10T06:17:29","guid":{"rendered":"https:\/\/fkpynappel.com\/?post_type=product&#038;p=31597"},"modified":"2026-02-13T11:38:23","modified_gmt":"2026-02-13T11:38:23","slug":"cizgili-bustiyer-top-2","status":"publish","type":"product","link":"https:\/\/fkpynappel.com\/en\/product\/cizgili-bustiyer-top-2\/","title":{"rendered":"\u00c7\u0130ZG\u0130L\u0130 B\u00dcST\u0130YER TOP"},"content":{"rendered":"<p>3298 \u00c7\u0130ZG\u0130L\u0130 B\u00dcST\u0130YER TOP<\/p>\n<p>RENK: LAC\u0130VERT<\/p>\n<p>KUMA\u015e KARI\u015eIMI: %91PES %9EA<\/p>\n<p>\u00dcR\u00dcN A\u00c7IKLAMASI: Kupl\u0131, yandan gizli fermuar kapamal\u0131, balenli, s\u0131rt\u0131nda ku\u015fg\u00f6z\u00fc ve ba\u011flama detayl\u0131 korse top.<\/p>\n<p>\u00d6L\u00c7\u00dcLER:<\/p>\n<p>Boy: 176cm<\/p>\n<p>G\u00f6\u011f\u00fcs: 83cm<\/p>\n<p>Bel:60cm<\/p>\n<p>Kal\u00e7a: 90cm<\/p>\n<p>Beden Da\u011f\u0131l\u0131m\u0131: S2-M2-L1<\/p>\n<p>\u00dcretim \u00dclkesi: T\u00fcrkiye<\/p>","protected":false},"excerpt":{"rendered":"<p>3298 \u00c7\u0130ZG\u0130L\u0130 B\u00dcST\u0130YER TOP RENK: LAC\u0130VERT KUMA\u015e KARI\u015eIMI: %91PES %9EA \u00dcR\u00dcN A\u00c7IKLAMASI: Kupl\u0131, yandan gizli fermuar kapamal\u0131, balenli, s\u0131rt\u0131nda ku\u015fg\u00f6z\u00fc ve ba\u011flama detayl\u0131 korse top. \u00d6L\u00c7\u00dcLER: Boy: 176cm G\u00f6\u011f\u00fcs: 83cm Bel:60cm Kal\u00e7a: 90cm Beden Da\u011f\u0131l\u0131m\u0131: S2-M2-L1 \u00dcretim \u00dclkesi: T\u00fcrkiye<\/p>","protected":false},"featured_media":31591,"template":"","meta":[],"product_brand":[],"product_cat":[43,42,45],"product_tag":[],"class_list":{"0":"post-31597","1":"product","2":"type-product","3":"status-publish","4":"has-post-thumbnail","6":"product_cat-2025-2026-sonbaharkis","7":"product_cat-bluz","8":"product_cat-bustiyer","10":"first","11":"instock","12":"taxable","13":"shipping-taxable","14":"product-type-simple"},"_links":{"self":[{"href":"https:\/\/fkpynappel.com\/en\/wp-json\/wp\/v2\/product\/31597","targetHints":{"allow":["GET"]}}],"collection":[{"href":"https:\/\/fkpynappel.com\/en\/wp-json\/wp\/v2\/product"}],"about":[{"href":"https:\/\/fkpynappel.com\/en\/wp-json\/wp\/v2\/types\/product"}],"wp:featuredmedia":[{"embeddable":true,"href":"https:\/\/fkpynappel.com\/en\/wp-json\/wp\/v2\/media\/31591"}],"wp:attachment":[{"href":"https:\/\/fkpynappel.com\/en\/wp-json\/wp\/v2\/media?parent=31597"}],"wp:term":[{"taxonomy":"product_brand","embeddable":true,"href":"https:\/\/fkpynappel.com\/en\/wp-json\/wp\/v2\/product_brand?post=31597"},{"taxonomy":"product_cat","embeddable":true,"href":"https:\/\/fkpynappel.com\/en\/wp-json\/wp\/v2\/product_cat?post=31597"},{"taxonomy":"product_tag","embeddable":true,"href":"https:\/\/fkpynappel.com\/en\/wp-json\/wp\/v2\/product_tag?post=31597"}],"curies":[{"name":"wp","href":"https:\/\/api.w.org\/{rel}","templated":true}]}}