{"id":31569,"date":"2025-10-10T06:04:18","date_gmt":"2025-10-10T06:04:18","guid":{"rendered":"https:\/\/fkpynappel.com\/?post_type=product&#038;p=31569"},"modified":"2026-02-13T11:40:14","modified_gmt":"2026-02-13T11:40:14","slug":"deri-bomber-ceket","status":"publish","type":"product","link":"https:\/\/fkpynappel.com\/en\/product\/deri-bomber-ceket\/","title":{"rendered":"DER\u0130 BOMBER CEKET"},"content":{"rendered":"<p>5320 DER\u0130 BOMBER CEKET<\/p>\n<p>RENK:S\u0130YAH-HAK\u0130<\/p>\n<p>KUMA\u015e KARI\u015eIMI:%61 POL\u0130\u00dcRETAN %39 POLYS.<\/p>\n<p>\u00dcR\u00dcN A\u00c7IKLAMASI: G\u00f6mlek yaka, vatkal\u0131, \u00f6n\u00fc metal fermuar kapamal\u0131, belinde lastikli, uzun kollu ve man\u015fetli.<\/p>\n<p>\u00d6L\u00c7\u00dcLER:<\/p>\n<p>Boy: 176cm<\/p>\n<p>G\u00f6\u011f\u00fcs: 83cm<\/p>\n<p>Bel:60cm<\/p>\n<p>Kal\u00e7a: 90cm<\/p>\n<p>Beden Da\u011f\u0131l\u0131m\u0131: S2-M2-L1<\/p>\n<p>\u00dcretim \u00dclkesi: T\u00fcrkiye<\/p>","protected":false},"excerpt":{"rendered":"<p>5320 DER\u0130 BOMBER CEKET RENK:S\u0130YAH-HAK\u0130 KUMA\u015e KARI\u015eIMI:%61 POL\u0130\u00dcRETAN %39 POLYS. \u00dcR\u00dcN A\u00c7IKLAMASI: G\u00f6mlek yaka, vatkal\u0131, \u00f6n\u00fc metal fermuar kapamal\u0131, belinde lastikli, uzun kollu ve man\u015fetli. \u00d6L\u00c7\u00dcLER: Boy: 176cm G\u00f6\u011f\u00fcs: 83cm Bel:60cm Kal\u00e7a: 90cm Beden Da\u011f\u0131l\u0131m\u0131: S2-M2-L1 \u00dcretim \u00dclkesi: T\u00fcrkiye<\/p>","protected":false},"featured_media":31561,"template":"","meta":[],"product_brand":[],"product_cat":[43,31,28],"product_tag":[],"class_list":{"0":"post-31569","1":"product","2":"type-product","3":"status-publish","4":"has-post-thumbnail","6":"product_cat-2025-2026-sonbaharkis","7":"product_cat-ceket","8":"product_cat-kaban-trenckot-ceket","10":"first","11":"instock","12":"taxable","13":"shipping-taxable","14":"purchasable","15":"product-type-simple"},"_links":{"self":[{"href":"https:\/\/fkpynappel.com\/en\/wp-json\/wp\/v2\/product\/31569","targetHints":{"allow":["GET"]}}],"collection":[{"href":"https:\/\/fkpynappel.com\/en\/wp-json\/wp\/v2\/product"}],"about":[{"href":"https:\/\/fkpynappel.com\/en\/wp-json\/wp\/v2\/types\/product"}],"wp:featuredmedia":[{"embeddable":true,"href":"https:\/\/fkpynappel.com\/en\/wp-json\/wp\/v2\/media\/31561"}],"wp:attachment":[{"href":"https:\/\/fkpynappel.com\/en\/wp-json\/wp\/v2\/media?parent=31569"}],"wp:term":[{"taxonomy":"product_brand","embeddable":true,"href":"https:\/\/fkpynappel.com\/en\/wp-json\/wp\/v2\/product_brand?post=31569"},{"taxonomy":"product_cat","embeddable":true,"href":"https:\/\/fkpynappel.com\/en\/wp-json\/wp\/v2\/product_cat?post=31569"},{"taxonomy":"product_tag","embeddable":true,"href":"https:\/\/fkpynappel.com\/en\/wp-json\/wp\/v2\/product_tag?post=31569"}],"curies":[{"name":"wp","href":"https:\/\/api.w.org\/{rel}","templated":true}]}}