{"id":31536,"date":"2025-10-10T05:40:21","date_gmt":"2025-10-10T05:40:21","guid":{"rendered":"https:\/\/fkpynappel.com\/?post_type=product&#038;p=31536"},"modified":"2026-02-13T11:40:59","modified_gmt":"2026-02-13T11:40:59","slug":"leopar-desenli-trenckot","status":"publish","type":"product","link":"https:\/\/fkpynappel.com\/en\/product\/leopar-desenli-trenckot\/","title":{"rendered":"LEOPAR DESENL\u0130 TREN\u00c7KOT"},"content":{"rendered":"<p>5470 LEOPAR DESENL\u0130 TREN\u00c7KOT<\/p>\n<p>RENK: LEOPAR<\/p>\n<p>KUMA\u015e KARI\u015eIMI: %100 COT<\/p>\n<p>\u00dcR\u00dcN A\u00c7IKLAMASI: Yakas\u0131 ve uzun kollar\u0131 apoletlerle ayarlanabilen tren\u00e7kot. \u00d6n cepli. Kuma\u015f\u0131yla ayn\u0131 kemerli. Ton s\u00fcr ton belirgin diki\u015f detayl\u0131. \u00d6n\u00fc kruvaze d\u00fc\u011fmeli.<\/p>\n<p>\u00d6L\u00c7\u00dcLER:<\/p>\n<p>Boy: 176cm<\/p>\n<p>G\u00f6\u011f\u00fcs: 83cm<\/p>\n<p>Bel:60cm<\/p>\n<p>Kal\u00e7a: 90cm<\/p>\n<p>Beden Da\u011f\u0131l\u0131m\u0131: S2-M2-L1<\/p>\n<p>\u00dcretim \u00dclkesi: T\u00fcrkiye<\/p>","protected":false},"excerpt":{"rendered":"<p>5470 LEOPAR DESENL\u0130 TREN\u00c7KOT RENK: LEOPAR KUMA\u015e KARI\u015eIMI: %100 COT \u00dcR\u00dcN A\u00c7IKLAMASI: Yakas\u0131 ve uzun kollar\u0131 apoletlerle ayarlanabilen tren\u00e7kot. \u00d6n cepli. Kuma\u015f\u0131yla ayn\u0131 kemerli. Ton s\u00fcr ton belirgin diki\u015f detayl\u0131. \u00d6n\u00fc kruvaze d\u00fc\u011fmeli. \u00d6L\u00c7\u00dcLER: Boy: 176cm G\u00f6\u011f\u00fcs: 83cm Bel:60cm Kal\u00e7a: 90cm Beden Da\u011f\u0131l\u0131m\u0131: S2-M2-L1 \u00dcretim \u00dclkesi: T\u00fcrkiye<\/p>","protected":false},"featured_media":31538,"template":"","meta":[],"product_brand":[],"product_cat":[43,31,28],"product_tag":[],"class_list":{"0":"post-31536","1":"product","2":"type-product","3":"status-publish","4":"has-post-thumbnail","6":"product_cat-2025-2026-sonbaharkis","7":"product_cat-ceket","8":"product_cat-kaban-trenckot-ceket","10":"first","11":"instock","12":"taxable","13":"shipping-taxable","14":"purchasable","15":"product-type-simple"},"_links":{"self":[{"href":"https:\/\/fkpynappel.com\/en\/wp-json\/wp\/v2\/product\/31536","targetHints":{"allow":["GET"]}}],"collection":[{"href":"https:\/\/fkpynappel.com\/en\/wp-json\/wp\/v2\/product"}],"about":[{"href":"https:\/\/fkpynappel.com\/en\/wp-json\/wp\/v2\/types\/product"}],"wp:featuredmedia":[{"embeddable":true,"href":"https:\/\/fkpynappel.com\/en\/wp-json\/wp\/v2\/media\/31538"}],"wp:attachment":[{"href":"https:\/\/fkpynappel.com\/en\/wp-json\/wp\/v2\/media?parent=31536"}],"wp:term":[{"taxonomy":"product_brand","embeddable":true,"href":"https:\/\/fkpynappel.com\/en\/wp-json\/wp\/v2\/product_brand?post=31536"},{"taxonomy":"product_cat","embeddable":true,"href":"https:\/\/fkpynappel.com\/en\/wp-json\/wp\/v2\/product_cat?post=31536"},{"taxonomy":"product_tag","embeddable":true,"href":"https:\/\/fkpynappel.com\/en\/wp-json\/wp\/v2\/product_tag?post=31536"}],"curies":[{"name":"wp","href":"https:\/\/api.w.org\/{rel}","templated":true}]}}