{"id":31504,"date":"2025-10-01T13:10:31","date_gmt":"2025-10-01T13:10:31","guid":{"rendered":"https:\/\/fkpynappel.com\/?post_type=product&#038;p=31504"},"modified":"2026-02-13T11:41:14","modified_gmt":"2026-02-13T11:41:14","slug":"sirt-dekolteli-bodysuit","status":"publish","type":"product","link":"https:\/\/fkpynappel.com\/en\/product\/sirt-dekolteli-bodysuit\/","title":{"rendered":"SIRT DEKOLTEL\u0130 BODYSU\u0130T"},"content":{"rendered":"<p>3303 SIRT DEKOLTEL\u0130 BODYSU\u0130T<\/p>\n<p>RENK: S\u0130YAH<\/p>\n<p>KUMA\u015e KARI\u015eIMI: %100PES<\/p>\n<p>\u00dcR\u00dcN A\u00c7IKLAMASI: Y\u00fcksek yakal\u0131, metalik aksesuarl\u0131 ve drapeli, uzun kollu, s\u0131rt dekolteli, alttan \u00e7\u0131t\u00e7\u0131tl\u0131 bodysuit.<\/p>\n<p>\u00d6L\u00c7\u00dcLER:<\/p>\n<p>Boy: 177cm<\/p>\n<p>G\u00f6\u011f\u00fcs: 82cm<\/p>\n<p>Bel:62cm<\/p>\n<p>Kal\u00e7a: 90cm<\/p>\n<p>Beden Da\u011f\u0131l\u0131m\u0131: S2-M1-L1<\/p>\n<p>\u00dcretim \u00dclkesi: T\u00fcrkiye<\/p>","protected":false},"excerpt":{"rendered":"<p>3303 SIRT DEKOLTEL\u0130 BODYSU\u0130T RENK: S\u0130YAH KUMA\u015e KARI\u015eIMI: %100PES \u00dcR\u00dcN A\u00c7IKLAMASI: Y\u00fcksek yakal\u0131, metalik aksesuarl\u0131 ve drapeli, uzun kollu, s\u0131rt dekolteli, alttan \u00e7\u0131t\u00e7\u0131tl\u0131 bodysuit. \u00d6L\u00c7\u00dcLER: Boy: 177cm G\u00f6\u011f\u00fcs: 82cm Bel:62cm Kal\u00e7a: 90cm Beden Da\u011f\u0131l\u0131m\u0131: S2-M1-L1 \u00dcretim \u00dclkesi: T\u00fcrkiye<\/p>","protected":false},"featured_media":31505,"template":"","meta":[],"product_brand":[],"product_cat":[43,44],"product_tag":[],"class_list":{"0":"post-31504","1":"product","2":"type-product","3":"status-publish","4":"has-post-thumbnail","6":"product_cat-2025-2026-sonbaharkis","7":"product_cat-body-suit","9":"first","10":"instock","11":"taxable","12":"shipping-taxable","13":"purchasable","14":"product-type-simple"},"_links":{"self":[{"href":"https:\/\/fkpynappel.com\/en\/wp-json\/wp\/v2\/product\/31504","targetHints":{"allow":["GET"]}}],"collection":[{"href":"https:\/\/fkpynappel.com\/en\/wp-json\/wp\/v2\/product"}],"about":[{"href":"https:\/\/fkpynappel.com\/en\/wp-json\/wp\/v2\/types\/product"}],"wp:featuredmedia":[{"embeddable":true,"href":"https:\/\/fkpynappel.com\/en\/wp-json\/wp\/v2\/media\/31505"}],"wp:attachment":[{"href":"https:\/\/fkpynappel.com\/en\/wp-json\/wp\/v2\/media?parent=31504"}],"wp:term":[{"taxonomy":"product_brand","embeddable":true,"href":"https:\/\/fkpynappel.com\/en\/wp-json\/wp\/v2\/product_brand?post=31504"},{"taxonomy":"product_cat","embeddable":true,"href":"https:\/\/fkpynappel.com\/en\/wp-json\/wp\/v2\/product_cat?post=31504"},{"taxonomy":"product_tag","embeddable":true,"href":"https:\/\/fkpynappel.com\/en\/wp-json\/wp\/v2\/product_tag?post=31504"}],"curies":[{"name":"wp","href":"https:\/\/api.w.org\/{rel}","templated":true}]}}