{"id":31503,"date":"2025-10-01T13:06:48","date_gmt":"2025-10-01T13:06:48","guid":{"rendered":"https:\/\/fkpynappel.com\/?post_type=product&#038;p=31503"},"modified":"2026-02-13T11:41:37","modified_gmt":"2026-02-13T11:41:37","slug":"palazzo-pantolon","status":"publish","type":"product","link":"https:\/\/fkpynappel.com\/en\/product\/palazzo-pantolon\/","title":{"rendered":"PALAZZO PANTOLON"},"content":{"rendered":"<p>1437 PALAZZO PANTOLON<\/p>\n<p>RENK: KAHVE-LAC\u0130VERT-S\u0130YAH<\/p>\n<p>KUMA\u015e KARI\u015eIMI: %63POLY %4V\u0130S %3EA<\/p>\n<p>\u00dcR\u00dcN A\u00c7IKLAMASI: Metal kanca ve fermuar kapamal\u0131, pileli yanlar\u0131 cepli straight palazzo pantolon.<\/p>\n<p>\u00d6L\u00c7\u00dcLER:<\/p>\n<p>Boy: 177cm<\/p>\n<p>G\u00f6\u011f\u00fcs: 82cm<\/p>\n<p>Bel:62cm<\/p>\n<p>Kal\u00e7a: 90cm<\/p>\n<p>Beden Da\u011f\u0131l\u0131m\u0131: S2-M2-L1<\/p>\n<p>\u00dcretim \u00dclkesi: T\u00fcrkiye<\/p>\n<p>&nbsp;<\/p>","protected":false},"excerpt":{"rendered":"<p>1437 PALAZZO PANTOLON RENK: KAHVE-LAC\u0130VERT-S\u0130YAH KUMA\u015e KARI\u015eIMI: %63POLY %4V\u0130S %3EA \u00dcR\u00dcN A\u00c7IKLAMASI: Metal kanca ve fermuar kapamal\u0131, pileli yanlar\u0131 cepli straight palazzo pantolon. \u00d6L\u00c7\u00dcLER: Boy: 177cm G\u00f6\u011f\u00fcs: 82cm Bel:62cm Kal\u00e7a: 90cm Beden Da\u011f\u0131l\u0131m\u0131: S2-M2-L1 \u00dcretim \u00dclkesi: T\u00fcrkiye &nbsp;<\/p>","protected":false},"featured_media":31501,"template":"","meta":[],"product_brand":[],"product_cat":[43,21],"product_tag":[],"class_list":{"0":"post-31503","1":"product","2":"type-product","3":"status-publish","4":"has-post-thumbnail","6":"product_cat-2025-2026-sonbaharkis","7":"product_cat-pantolon","9":"first","10":"instock","11":"taxable","12":"shipping-taxable","13":"purchasable","14":"product-type-simple"},"_links":{"self":[{"href":"https:\/\/fkpynappel.com\/en\/wp-json\/wp\/v2\/product\/31503","targetHints":{"allow":["GET"]}}],"collection":[{"href":"https:\/\/fkpynappel.com\/en\/wp-json\/wp\/v2\/product"}],"about":[{"href":"https:\/\/fkpynappel.com\/en\/wp-json\/wp\/v2\/types\/product"}],"wp:featuredmedia":[{"embeddable":true,"href":"https:\/\/fkpynappel.com\/en\/wp-json\/wp\/v2\/media\/31501"}],"wp:attachment":[{"href":"https:\/\/fkpynappel.com\/en\/wp-json\/wp\/v2\/media?parent=31503"}],"wp:term":[{"taxonomy":"product_brand","embeddable":true,"href":"https:\/\/fkpynappel.com\/en\/wp-json\/wp\/v2\/product_brand?post=31503"},{"taxonomy":"product_cat","embeddable":true,"href":"https:\/\/fkpynappel.com\/en\/wp-json\/wp\/v2\/product_cat?post=31503"},{"taxonomy":"product_tag","embeddable":true,"href":"https:\/\/fkpynappel.com\/en\/wp-json\/wp\/v2\/product_tag?post=31503"}],"curies":[{"name":"wp","href":"https:\/\/api.w.org\/{rel}","templated":true}]}}