{"id":31494,"date":"2025-10-01T12:54:23","date_gmt":"2025-10-01T12:54:23","guid":{"rendered":"https:\/\/fkpynappel.com\/?post_type=product&#038;p=31494"},"modified":"2026-02-13T11:34:20","modified_gmt":"2026-02-13T11:34:20","slug":"beli-ipli-denim-pantolon","status":"publish","type":"product","link":"https:\/\/fkpynappel.com\/en\/product\/beli-ipli-denim-pantolon\/","title":{"rendered":"BEL\u0130 \u0130PL\u0130 DEN\u0130M PANTOLON"},"content":{"rendered":"<p>1426 BEL\u0130 \u0130PL\u0130 DEN\u0130M PANTOLON<\/p>\n<p>RENK: ANTRAS\u0130T<\/p>\n<p>KUMA\u015e KARI\u015eIMI:<\/p>\n<p>\u00dcR\u00dcN A\u00c7IKLAMASI: Metal kanca ve fermuar kapamal\u0131, pileli yanlar\u0131 cepli straight palazzo pantolon.<\/p>\n<p>\u00d6L\u00c7\u00dcLER:<\/p>\n<p>Boy: 177cm<\/p>\n<p>G\u00f6\u011f\u00fcs: 82cm<\/p>\n<p>Bel:62cm<\/p>\n<p>Kal\u00e7a: 90cm<\/p>\n<p>Beden Da\u011f\u0131l\u0131m\u0131: (1)34-(2)36-(2)38-(1)40<\/p>\n<p>\u00dcretim \u00dclkesi: T\u00fcrkiye<\/p>","protected":false},"excerpt":{"rendered":"<p>1426 BEL\u0130 \u0130PL\u0130 DEN\u0130M PANTOLON RENK: ANTRAS\u0130T KUMA\u015e KARI\u015eIMI: \u00dcR\u00dcN A\u00c7IKLAMASI: Metal kanca ve fermuar kapamal\u0131, pileli yanlar\u0131 cepli straight palazzo pantolon. \u00d6L\u00c7\u00dcLER: Boy: 177cm G\u00f6\u011f\u00fcs: 82cm Bel:62cm Kal\u00e7a: 90cm Beden Da\u011f\u0131l\u0131m\u0131: (1)34-(2)36-(2)38-(1)40 \u00dcretim \u00dclkesi: T\u00fcrkiye<\/p>","protected":false},"featured_media":31497,"template":"","meta":[],"product_brand":[],"product_cat":[43,20,21],"product_tag":[],"class_list":{"0":"post-31494","1":"product","2":"type-product","3":"status-publish","4":"has-post-thumbnail","6":"product_cat-2025-2026-sonbaharkis","7":"product_cat-denim","8":"product_cat-pantolon","10":"first","11":"instock","12":"taxable","13":"shipping-taxable","14":"purchasable","15":"product-type-simple"},"_links":{"self":[{"href":"https:\/\/fkpynappel.com\/en\/wp-json\/wp\/v2\/product\/31494","targetHints":{"allow":["GET"]}}],"collection":[{"href":"https:\/\/fkpynappel.com\/en\/wp-json\/wp\/v2\/product"}],"about":[{"href":"https:\/\/fkpynappel.com\/en\/wp-json\/wp\/v2\/types\/product"}],"wp:featuredmedia":[{"embeddable":true,"href":"https:\/\/fkpynappel.com\/en\/wp-json\/wp\/v2\/media\/31497"}],"wp:attachment":[{"href":"https:\/\/fkpynappel.com\/en\/wp-json\/wp\/v2\/media?parent=31494"}],"wp:term":[{"taxonomy":"product_brand","embeddable":true,"href":"https:\/\/fkpynappel.com\/en\/wp-json\/wp\/v2\/product_brand?post=31494"},{"taxonomy":"product_cat","embeddable":true,"href":"https:\/\/fkpynappel.com\/en\/wp-json\/wp\/v2\/product_cat?post=31494"},{"taxonomy":"product_tag","embeddable":true,"href":"https:\/\/fkpynappel.com\/en\/wp-json\/wp\/v2\/product_tag?post=31494"}],"curies":[{"name":"wp","href":"https:\/\/api.w.org\/{rel}","templated":true}]}}