{"id":31486,"date":"2025-10-01T12:43:42","date_gmt":"2025-10-01T12:43:42","guid":{"rendered":"https:\/\/fkpynappel.com\/?post_type=product&#038;p=31486"},"modified":"2026-02-13T11:34:37","modified_gmt":"2026-02-13T11:34:37","slug":"metal-dugmeli-yelek-culotte-pantolon","status":"publish","type":"product","link":"https:\/\/fkpynappel.com\/en\/product\/metal-dugmeli-yelek-culotte-pantolon\/","title":{"rendered":"METAL D\u00dc\u011eMEL\u0130 YELEK-CULOTTE PANTOLON"},"content":{"rendered":"<p>5478 METAL D\u00dc\u011eMEL\u0130 YELEK- 1439 CULOTTE PANTOLON<\/p>\n<p>RENK: KAHVE- S\u0130YAH &#8211; BORDO<\/p>\n<p>KUMA\u015e KARI\u015eIMI: %86PES %14LYC<\/p>\n<p>\u00dcR\u00dcN A\u00c7IKLAMASI: Ayarlanabilir ince ask\u0131l\u0131, V yaka top. Etek ucu klo\u015f ve \u00f6n\u00fc y\u0131rtma\u00e7l\u0131. \u00d6nden \u00e7apraz d\u00fc\u011fme kapamal\u0131.\u00d6n cepli, y\u00fcksek belli pantolon. Geni\u015f ve k\u0131sa pa\u00e7al\u0131. Yan diki\u015fte gizli fermuarl\u0131.<\/p>\n<p>\u00d6L\u00c7\u00dcLER:<\/p>\n<p>Boy: 177cm<\/p>\n<p>G\u00f6\u011f\u00fcs: 82cm<\/p>\n<p>Bel:62cm<\/p>\n<p>Kal\u00e7a: 90cm<\/p>\n<p>Beden Da\u011f\u0131l\u0131m\u0131: S2-M2-L1<\/p>\n<p>\u00dcretim \u00dclkesi: T\u00fcrkiye<\/p>","protected":false},"excerpt":{"rendered":"<p>5478 METAL D\u00dc\u011eMEL\u0130 YELEK- 1439 CULOTTE PANTOLON RENK: KAHVE- S\u0130YAH &#8211; BORDO KUMA\u015e KARI\u015eIMI: %86PES %14LYC \u00dcR\u00dcN A\u00c7IKLAMASI: Ayarlanabilir ince ask\u0131l\u0131, V yaka top. Etek ucu klo\u015f ve \u00f6n\u00fc y\u0131rtma\u00e7l\u0131. \u00d6nden \u00e7apraz d\u00fc\u011fme kapamal\u0131.\u00d6n cepli, y\u00fcksek belli pantolon. Geni\u015f ve k\u0131sa pa\u00e7al\u0131. Yan diki\u015fte gizli fermuarl\u0131. \u00d6L\u00c7\u00dcLER: Boy: 177cm G\u00f6\u011f\u00fcs: 82cm Bel:62cm Kal\u00e7a: 90cm Beden [&hellip;]<\/p>\n","protected":false},"featured_media":31487,"template":"","meta":[],"product_brand":[],"product_cat":[43,40],"product_tag":[],"class_list":{"0":"post-31486","1":"product","2":"type-product","3":"status-publish","4":"has-post-thumbnail","6":"product_cat-2025-2026-sonbaharkis","7":"product_cat-takim","9":"first","10":"instock","11":"taxable","12":"shipping-taxable","13":"purchasable","14":"product-type-simple"},"_links":{"self":[{"href":"https:\/\/fkpynappel.com\/en\/wp-json\/wp\/v2\/product\/31486","targetHints":{"allow":["GET"]}}],"collection":[{"href":"https:\/\/fkpynappel.com\/en\/wp-json\/wp\/v2\/product"}],"about":[{"href":"https:\/\/fkpynappel.com\/en\/wp-json\/wp\/v2\/types\/product"}],"wp:featuredmedia":[{"embeddable":true,"href":"https:\/\/fkpynappel.com\/en\/wp-json\/wp\/v2\/media\/31487"}],"wp:attachment":[{"href":"https:\/\/fkpynappel.com\/en\/wp-json\/wp\/v2\/media?parent=31486"}],"wp:term":[{"taxonomy":"product_brand","embeddable":true,"href":"https:\/\/fkpynappel.com\/en\/wp-json\/wp\/v2\/product_brand?post=31486"},{"taxonomy":"product_cat","embeddable":true,"href":"https:\/\/fkpynappel.com\/en\/wp-json\/wp\/v2\/product_cat?post=31486"},{"taxonomy":"product_tag","embeddable":true,"href":"https:\/\/fkpynappel.com\/en\/wp-json\/wp\/v2\/product_tag?post=31486"}],"curies":[{"name":"wp","href":"https:\/\/api.w.org\/{rel}","templated":true}]}}