{"id":31481,"date":"2025-10-01T12:37:35","date_gmt":"2025-10-01T12:37:35","guid":{"rendered":"https:\/\/fkpynappel.com\/?post_type=product&#038;p=31481"},"modified":"2026-02-13T11:34:47","modified_gmt":"2026-02-13T11:34:47","slug":"baglama-detayli-saten-gomlek-saten-mini-etek","status":"publish","type":"product","link":"https:\/\/fkpynappel.com\/en\/product\/baglama-detayli-saten-gomlek-saten-mini-etek\/","title":{"rendered":"BA\u011eLAMA DETAYLI SATEN G\u00d6MLEK-SATEN M\u0130N\u0130 ETEK"},"content":{"rendered":"<p>2456 BA\u011eLAMA DETAYLI SATEN G\u00d6MLEK-4568 SATEN M\u0130N\u0130 ETEK<\/p>\n<p>RENK: S\u0130YAH-EKRU<\/p>\n<p>KUMA\u015e KARI\u015eIMI: %100PES<\/p>\n<p>\u00dcR\u00dcN A\u00c7IKLAMASI: Yakal\u0131, \u00f6n\u00fc metal tutturmal\u0131, uzun kollu ve man\u015fetli, s\u0131rt k\u0131sm\u0131 kendi kuma\u015f\u0131ndan ku\u015fakl\u0131 ve ayarlamal\u0131 g\u00f6mlek. Astarl\u0131, fermuar kapamal\u0131 mini etek.<\/p>\n<p>\u00d6L\u00c7\u00dcLER:<\/p>\n<p>Boy: 177cm<\/p>\n<p>G\u00f6\u011f\u00fcs: 82cm<\/p>\n<p>Bel:62cm<\/p>\n<p>Kal\u00e7a: 90cm<\/p>\n<p>Beden Da\u011f\u0131l\u0131m\u0131: S2-M2-L1<\/p>\n<p>\u00dcretim \u00dclkesi: T\u00fcrkiye<\/p>","protected":false},"excerpt":{"rendered":"<p>2456 BA\u011eLAMA DETAYLI SATEN G\u00d6MLEK-4568 SATEN M\u0130N\u0130 ETEK RENK: S\u0130YAH-EKRU KUMA\u015e KARI\u015eIMI: %100PES \u00dcR\u00dcN A\u00c7IKLAMASI: Yakal\u0131, \u00f6n\u00fc metal tutturmal\u0131, uzun kollu ve man\u015fetli, s\u0131rt k\u0131sm\u0131 kendi kuma\u015f\u0131ndan ku\u015fakl\u0131 ve ayarlamal\u0131 g\u00f6mlek. Astarl\u0131, fermuar kapamal\u0131 mini etek. \u00d6L\u00c7\u00dcLER: Boy: 177cm G\u00f6\u011f\u00fcs: 82cm Bel:62cm Kal\u00e7a: 90cm Beden Da\u011f\u0131l\u0131m\u0131: S2-M2-L1 \u00dcretim \u00dclkesi: T\u00fcrkiye<\/p>","protected":false},"featured_media":31483,"template":"","meta":[],"product_brand":[],"product_cat":[43,34,32,40],"product_tag":[],"class_list":{"0":"post-31481","1":"product","2":"type-product","3":"status-publish","4":"has-post-thumbnail","6":"product_cat-2025-2026-sonbaharkis","7":"product_cat-etek","8":"product_cat-gomlek","9":"product_cat-takim","11":"first","12":"instock","13":"taxable","14":"shipping-taxable","15":"purchasable","16":"product-type-simple"},"_links":{"self":[{"href":"https:\/\/fkpynappel.com\/en\/wp-json\/wp\/v2\/product\/31481","targetHints":{"allow":["GET"]}}],"collection":[{"href":"https:\/\/fkpynappel.com\/en\/wp-json\/wp\/v2\/product"}],"about":[{"href":"https:\/\/fkpynappel.com\/en\/wp-json\/wp\/v2\/types\/product"}],"wp:featuredmedia":[{"embeddable":true,"href":"https:\/\/fkpynappel.com\/en\/wp-json\/wp\/v2\/media\/31483"}],"wp:attachment":[{"href":"https:\/\/fkpynappel.com\/en\/wp-json\/wp\/v2\/media?parent=31481"}],"wp:term":[{"taxonomy":"product_brand","embeddable":true,"href":"https:\/\/fkpynappel.com\/en\/wp-json\/wp\/v2\/product_brand?post=31481"},{"taxonomy":"product_cat","embeddable":true,"href":"https:\/\/fkpynappel.com\/en\/wp-json\/wp\/v2\/product_cat?post=31481"},{"taxonomy":"product_tag","embeddable":true,"href":"https:\/\/fkpynappel.com\/en\/wp-json\/wp\/v2\/product_tag?post=31481"}],"curies":[{"name":"wp","href":"https:\/\/api.w.org\/{rel}","templated":true}]}}