{"id":31476,"date":"2025-10-01T12:31:00","date_gmt":"2025-10-01T12:31:00","guid":{"rendered":"https:\/\/fkpynappel.com\/?post_type=product&#038;p=31476"},"modified":"2026-02-13T11:35:00","modified_gmt":"2026-02-13T11:35:00","slug":"kisa-kruvaze-blazer-ceket-zincirli-kemerli-crop-pantolon","status":"publish","type":"product","link":"https:\/\/fkpynappel.com\/en\/product\/kisa-kruvaze-blazer-ceket-zincirli-kemerli-crop-pantolon\/","title":{"rendered":"KISA KRUVAZE BLAZER CEKET \u2013 Z\u0130NC\u0130RL\u0130 KEMERL\u0130 CROP PANTOLON"},"content":{"rendered":"<p>5476 KISA KRUVAZE BLAZER CEKET \u2013 1435 Z\u0130NC\u0130RL\u0130 KEMERL\u0130 CROP PANTOLON<\/p>\n<p>RENK: KAHVE- S\u0130YAH<\/p>\n<p>KUMA\u015e KARI\u015eIMI: %64PES %33V\u0130S %3LYC<\/p>\n<p>\u00dcR\u00dcN A\u00c7IKLAMASI: Bisiklet yaka, kruvaze kapama, uzun kollu, metalik d\u00fc\u011fme detayl\u0131 blazer. Zincirli kemerli, y\u00fcksek bel, bilekte biten pantolon. Arkada kapakl\u0131, yalanc\u0131 cepli. D\u00fcz pa\u00e7a. Yan diki\u015fte gizli fermuarl\u0131 kapama.<\/p>\n<p>\u00d6L\u00c7\u00dcLER:<\/p>\n<p>Boy: 177cm<\/p>\n<p>G\u00f6\u011f\u00fcs: 82cm<\/p>\n<p>Bel:62cm<\/p>\n<p>Kal\u00e7a: 90cm<\/p>\n<p>Beden Da\u011f\u0131l\u0131m\u0131: S2-M2-L1<\/p>\n<p>\u00dcretim \u00dclkesi: T\u00fcrkiye<\/p>","protected":false},"excerpt":{"rendered":"<p>5476 KISA KRUVAZE BLAZER CEKET \u2013 1435 Z\u0130NC\u0130RL\u0130 KEMERL\u0130 CROP PANTOLON RENK: KAHVE- S\u0130YAH KUMA\u015e KARI\u015eIMI: %64PES %33V\u0130S %3LYC \u00dcR\u00dcN A\u00c7IKLAMASI: Bisiklet yaka, kruvaze kapama, uzun kollu, metalik d\u00fc\u011fme detayl\u0131 blazer. Zincirli kemerli, y\u00fcksek bel, bilekte biten pantolon. Arkada kapakl\u0131, yalanc\u0131 cepli. D\u00fcz pa\u00e7a. Yan diki\u015fte gizli fermuarl\u0131 kapama. \u00d6L\u00c7\u00dcLER: Boy: 177cm G\u00f6\u011f\u00fcs: 82cm Bel:62cm [&hellip;]<\/p>\n","protected":false},"featured_media":31477,"template":"","meta":[],"product_brand":[],"product_cat":[43,31,21,40],"product_tag":[],"class_list":{"0":"post-31476","1":"product","2":"type-product","3":"status-publish","4":"has-post-thumbnail","6":"product_cat-2025-2026-sonbaharkis","7":"product_cat-ceket","8":"product_cat-pantolon","9":"product_cat-takim","11":"first","12":"instock","13":"taxable","14":"shipping-taxable","15":"purchasable","16":"product-type-simple"},"_links":{"self":[{"href":"https:\/\/fkpynappel.com\/en\/wp-json\/wp\/v2\/product\/31476","targetHints":{"allow":["GET"]}}],"collection":[{"href":"https:\/\/fkpynappel.com\/en\/wp-json\/wp\/v2\/product"}],"about":[{"href":"https:\/\/fkpynappel.com\/en\/wp-json\/wp\/v2\/types\/product"}],"wp:featuredmedia":[{"embeddable":true,"href":"https:\/\/fkpynappel.com\/en\/wp-json\/wp\/v2\/media\/31477"}],"wp:attachment":[{"href":"https:\/\/fkpynappel.com\/en\/wp-json\/wp\/v2\/media?parent=31476"}],"wp:term":[{"taxonomy":"product_brand","embeddable":true,"href":"https:\/\/fkpynappel.com\/en\/wp-json\/wp\/v2\/product_brand?post=31476"},{"taxonomy":"product_cat","embeddable":true,"href":"https:\/\/fkpynappel.com\/en\/wp-json\/wp\/v2\/product_cat?post=31476"},{"taxonomy":"product_tag","embeddable":true,"href":"https:\/\/fkpynappel.com\/en\/wp-json\/wp\/v2\/product_tag?post=31476"}],"curies":[{"name":"wp","href":"https:\/\/api.w.org\/{rel}","templated":true}]}}