{"id":31474,"date":"2025-10-01T12:25:27","date_gmt":"2025-10-01T12:25:27","guid":{"rendered":"https:\/\/fkpynappel.com\/?post_type=product&#038;p=31474"},"modified":"2026-03-11T13:45:26","modified_gmt":"2026-03-11T13:45:26","slug":"vatkali-ince-kemerli-ceket-cift-pileli-kapakli-pantolon","status":"publish","type":"product","link":"https:\/\/fkpynappel.com\/en\/product\/vatkali-ince-kemerli-ceket-cift-pileli-kapakli-pantolon\/","title":{"rendered":"VATKALI \u0130NCE KEMERL\u0130 CEKET \u2013 \u00c7\u0130FT P\u0130LEL\u0130 KAPAKLI PANTOLON"},"content":{"rendered":"<p>5479 VATKALI \u0130NCE KEMERL\u0130 CEKET \u2013 1440 \u00c7\u0130FT P\u0130LEL\u0130 KAPAKLI PANTOLON<\/p>\n<p>RENK: T\u00dcT\u00dcN-CAMEL-HAK\u0130<\/p>\n<p>KUMA\u015e KARI\u015eIMI: \u00a0%89CLY %11PES<\/p>\n<p>\u00dcR\u00dcN A\u00c7IKLAMASI: Katl\u0131 yakal\u0131, \u00f6n\u00fc d\u00fc\u011fme iliklemeli, vatkal\u0131, astars\u0131z, kendi kuma\u015f\u0131ndan biyeli ceket. Pileli, yanlar\u0131 cepli, fermuar ve metal kanca kapamal\u0131 bol kesim palazzo pantolon.<\/p>\n<p>\u00d6L\u00c7\u00dcLER:<\/p>\n<p>Boy: 177cm<\/p>\n<p>G\u00f6\u011f\u00fcs: 82cm<\/p>\n<p>Bel:62cm<\/p>\n<p>Kal\u00e7a: 90cm<\/p>\n<p>Beden Da\u011f\u0131l\u0131m\u0131: S2-M2-L1<\/p>\n<p>\u00dcretim \u00dclkesi: T\u00fcrkiye<\/p>\n<p>&nbsp;<\/p>","protected":false},"excerpt":{"rendered":"<p>5479 VATKALI \u0130NCE KEMERL\u0130 CEKET \u2013 1440 \u00c7\u0130FT P\u0130LEL\u0130 KAPAKLI PANTOLON RENK: T\u00dcT\u00dcN-CAMEL-HAK\u0130 KUMA\u015e KARI\u015eIMI: \u00a0%89CLY %11PES \u00dcR\u00dcN A\u00c7IKLAMASI: Katl\u0131 yakal\u0131, \u00f6n\u00fc d\u00fc\u011fme iliklemeli, vatkal\u0131, astars\u0131z, kendi kuma\u015f\u0131ndan biyeli ceket. Pileli, yanlar\u0131 cepli, fermuar ve metal kanca kapamal\u0131 bol kesim palazzo pantolon. \u00d6L\u00c7\u00dcLER: Boy: 177cm G\u00f6\u011f\u00fcs: 82cm Bel:62cm Kal\u00e7a: 90cm Beden Da\u011f\u0131l\u0131m\u0131: S2-M2-L1 \u00dcretim \u00dclkesi: [&hellip;]<\/p>\n","protected":false},"featured_media":31473,"template":"","meta":[],"product_brand":[],"product_cat":[43,31,21,40],"product_tag":[],"class_list":{"0":"post-31474","1":"product","2":"type-product","3":"status-publish","4":"has-post-thumbnail","6":"product_cat-2025-2026-sonbaharkis","7":"product_cat-ceket","8":"product_cat-pantolon","9":"product_cat-takim","11":"first","12":"instock","13":"taxable","14":"shipping-taxable","15":"product-type-simple"},"_links":{"self":[{"href":"https:\/\/fkpynappel.com\/en\/wp-json\/wp\/v2\/product\/31474","targetHints":{"allow":["GET"]}}],"collection":[{"href":"https:\/\/fkpynappel.com\/en\/wp-json\/wp\/v2\/product"}],"about":[{"href":"https:\/\/fkpynappel.com\/en\/wp-json\/wp\/v2\/types\/product"}],"wp:featuredmedia":[{"embeddable":true,"href":"https:\/\/fkpynappel.com\/en\/wp-json\/wp\/v2\/media\/31473"}],"wp:attachment":[{"href":"https:\/\/fkpynappel.com\/en\/wp-json\/wp\/v2\/media?parent=31474"}],"wp:term":[{"taxonomy":"product_brand","embeddable":true,"href":"https:\/\/fkpynappel.com\/en\/wp-json\/wp\/v2\/product_brand?post=31474"},{"taxonomy":"product_cat","embeddable":true,"href":"https:\/\/fkpynappel.com\/en\/wp-json\/wp\/v2\/product_cat?post=31474"},{"taxonomy":"product_tag","embeddable":true,"href":"https:\/\/fkpynappel.com\/en\/wp-json\/wp\/v2\/product_tag?post=31474"}],"curies":[{"name":"wp","href":"https:\/\/api.w.org\/{rel}","templated":true}]}}