{"id":31457,"date":"2025-10-01T12:12:40","date_gmt":"2025-10-01T12:12:40","guid":{"rendered":"https:\/\/fkpynappel.com\/?post_type=product&#038;p=31457"},"modified":"2026-02-13T11:41:56","modified_gmt":"2026-02-13T11:41:56","slug":"cep-detayli-suet-bomber","status":"publish","type":"product","link":"https:\/\/fkpynappel.com\/en\/product\/cep-detayli-suet-bomber\/","title":{"rendered":"CEP DETAYLI S\u00dcET BOMBER"},"content":{"rendered":"<p>5468 CEP DETAYLI S\u00dcET BOMBER<\/p>\n<p>RENK: TABA- K.KAHVE- KREM\u0130T<\/p>\n<p>KUMA\u015e KARI\u015eIMI: \u00a0%95PES %5EA<\/p>\n<p>\u00dcR\u00dcN A\u00c7IKLAMASI: G\u00f6mlek yaka, \u00f6n\u00fc metal fermuarl\u0131, apoletli, k\u00f6r\u00fckl\u00fc cepli, d\u00fc\u015f\u00fck omuz, beli lastikli, uzun kollu ve man\u015fetli, bol kesim bomber.<\/p>\n<p>\u00d6L\u00c7\u00dcLER:<\/p>\n<p>Boy: 177cm<\/p>\n<p>G\u00f6\u011f\u00fcs: 82cm<\/p>\n<p>Bel:62cm<\/p>\n<p>Kal\u00e7a: 90cm<\/p>\n<p>Beden Da\u011f\u0131l\u0131m\u0131: S2-M2-L1<\/p>\n<p>\u00dcretim \u00dclkesi: T\u00fcrkiye<\/p>","protected":false},"excerpt":{"rendered":"<p>5468 CEP DETAYLI S\u00dcET BOMBER RENK: TABA- K.KAHVE- KREM\u0130T KUMA\u015e KARI\u015eIMI: \u00a0%95PES %5EA \u00dcR\u00dcN A\u00c7IKLAMASI: G\u00f6mlek yaka, \u00f6n\u00fc metal fermuarl\u0131, apoletli, k\u00f6r\u00fckl\u00fc cepli, d\u00fc\u015f\u00fck omuz, beli lastikli, uzun kollu ve man\u015fetli, bol kesim bomber. \u00d6L\u00c7\u00dcLER: Boy: 177cm G\u00f6\u011f\u00fcs: 82cm Bel:62cm Kal\u00e7a: 90cm Beden Da\u011f\u0131l\u0131m\u0131: S2-M2-L1 \u00dcretim \u00dclkesi: T\u00fcrkiye<\/p>","protected":false},"featured_media":31458,"template":"","meta":[],"product_brand":[],"product_cat":[43,31,28],"product_tag":[],"class_list":{"0":"post-31457","1":"product","2":"type-product","3":"status-publish","4":"has-post-thumbnail","6":"product_cat-2025-2026-sonbaharkis","7":"product_cat-ceket","8":"product_cat-kaban-trenckot-ceket","10":"first","11":"instock","12":"taxable","13":"shipping-taxable","14":"purchasable","15":"product-type-simple"},"_links":{"self":[{"href":"https:\/\/fkpynappel.com\/en\/wp-json\/wp\/v2\/product\/31457","targetHints":{"allow":["GET"]}}],"collection":[{"href":"https:\/\/fkpynappel.com\/en\/wp-json\/wp\/v2\/product"}],"about":[{"href":"https:\/\/fkpynappel.com\/en\/wp-json\/wp\/v2\/types\/product"}],"wp:featuredmedia":[{"embeddable":true,"href":"https:\/\/fkpynappel.com\/en\/wp-json\/wp\/v2\/media\/31458"}],"wp:attachment":[{"href":"https:\/\/fkpynappel.com\/en\/wp-json\/wp\/v2\/media?parent=31457"}],"wp:term":[{"taxonomy":"product_brand","embeddable":true,"href":"https:\/\/fkpynappel.com\/en\/wp-json\/wp\/v2\/product_brand?post=31457"},{"taxonomy":"product_cat","embeddable":true,"href":"https:\/\/fkpynappel.com\/en\/wp-json\/wp\/v2\/product_cat?post=31457"},{"taxonomy":"product_tag","embeddable":true,"href":"https:\/\/fkpynappel.com\/en\/wp-json\/wp\/v2\/product_tag?post=31457"}],"curies":[{"name":"wp","href":"https:\/\/api.w.org\/{rel}","templated":true}]}}