{"id":31451,"date":"2025-10-01T12:04:42","date_gmt":"2025-10-01T12:04:42","guid":{"rendered":"https:\/\/fkpynappel.com\/?post_type=product&#038;p=31451"},"modified":"2026-02-13T11:42:04","modified_gmt":"2026-02-13T11:42:04","slug":"dantel-detayli-yelek-pacasi-yirtmacli-fit-pantolon","status":"publish","type":"product","link":"https:\/\/fkpynappel.com\/en\/product\/dantel-detayli-yelek-pacasi-yirtmacli-fit-pantolon\/","title":{"rendered":"DANTEL DETAYLI YELEK-PA\u00c7ASI YIRTMA\u00c7LI F\u0130T PANTOLON"},"content":{"rendered":"<p>3301 DANTEL DETAYLI YELEK- 1430 PA\u00c7ASI YIRTMA\u00c7LI F\u0130T PANTOLON<\/p>\n<p>RENK: S\u0130YAH<\/p>\n<p>KUMA\u015e KARI\u015eIMI: %91PES %9EA<\/p>\n<p>\u00dcR\u00dcN A\u00c7IKLAMASI: Kendinden kuma\u015f kaplamal\u0131 d\u00fc\u011fmeli,\u00f6n\u00fc d\u00fc\u011fme iliklemeli,\u00a0 kuplu, boyunda dantel detayl\u0131 yelek. Metal kanca ve fermuar kapamal\u0131, yanlar\u0131 cepli ispanyol pa\u00e7a pantolon.<\/p>\n<p>\u00d6L\u00c7\u00dcLER:<\/p>\n<p>Boy: 177cm<\/p>\n<p>G\u00f6\u011f\u00fcs: 82cm<\/p>\n<p>Bel:62cm<\/p>\n<p>Kal\u00e7a: 90cm<\/p>\n<p>Beden Da\u011f\u0131l\u0131m\u0131: S2-M2-L1<\/p>\n<p>\u00dcretim \u00dclkesi: T\u00fcrkiye<\/p>","protected":false},"excerpt":{"rendered":"<p>3301 DANTEL DETAYLI YELEK- 1430 PA\u00c7ASI YIRTMA\u00c7LI F\u0130T PANTOLON RENK: S\u0130YAH KUMA\u015e KARI\u015eIMI: %91PES %9EA \u00dcR\u00dcN A\u00c7IKLAMASI: Kendinden kuma\u015f kaplamal\u0131 d\u00fc\u011fmeli,\u00f6n\u00fc d\u00fc\u011fme iliklemeli,\u00a0 kuplu, boyunda dantel detayl\u0131 yelek. Metal kanca ve fermuar kapamal\u0131, yanlar\u0131 cepli ispanyol pa\u00e7a pantolon. \u00d6L\u00c7\u00dcLER: Boy: 177cm G\u00f6\u011f\u00fcs: 82cm Bel:62cm Kal\u00e7a: 90cm Beden Da\u011f\u0131l\u0131m\u0131: S2-M2-L1 \u00dcretim \u00dclkesi: T\u00fcrkiye<\/p>","protected":false},"featured_media":31452,"template":"","meta":[],"product_brand":[],"product_cat":[43,21,40],"product_tag":[],"class_list":{"0":"post-31451","1":"product","2":"type-product","3":"status-publish","4":"has-post-thumbnail","6":"product_cat-2025-2026-sonbaharkis","7":"product_cat-pantolon","8":"product_cat-takim","10":"first","11":"instock","12":"taxable","13":"shipping-taxable","14":"product-type-simple"},"_links":{"self":[{"href":"https:\/\/fkpynappel.com\/en\/wp-json\/wp\/v2\/product\/31451","targetHints":{"allow":["GET"]}}],"collection":[{"href":"https:\/\/fkpynappel.com\/en\/wp-json\/wp\/v2\/product"}],"about":[{"href":"https:\/\/fkpynappel.com\/en\/wp-json\/wp\/v2\/types\/product"}],"wp:featuredmedia":[{"embeddable":true,"href":"https:\/\/fkpynappel.com\/en\/wp-json\/wp\/v2\/media\/31452"}],"wp:attachment":[{"href":"https:\/\/fkpynappel.com\/en\/wp-json\/wp\/v2\/media?parent=31451"}],"wp:term":[{"taxonomy":"product_brand","embeddable":true,"href":"https:\/\/fkpynappel.com\/en\/wp-json\/wp\/v2\/product_brand?post=31451"},{"taxonomy":"product_cat","embeddable":true,"href":"https:\/\/fkpynappel.com\/en\/wp-json\/wp\/v2\/product_cat?post=31451"},{"taxonomy":"product_tag","embeddable":true,"href":"https:\/\/fkpynappel.com\/en\/wp-json\/wp\/v2\/product_tag?post=31451"}],"curies":[{"name":"wp","href":"https:\/\/api.w.org\/{rel}","templated":true}]}}