{"id":31443,"date":"2025-10-01T11:57:32","date_gmt":"2025-10-01T11:57:32","guid":{"rendered":"https:\/\/fkpynappel.com\/?post_type=product&#038;p=31443"},"modified":"2026-02-13T11:42:13","modified_gmt":"2026-02-13T11:42:13","slug":"yanlari-baglama-detayli-tasarim-ceket-nervur-detayli-pantolon","status":"publish","type":"product","link":"https:\/\/fkpynappel.com\/en\/product\/yanlari-baglama-detayli-tasarim-ceket-nervur-detayli-pantolon\/","title":{"rendered":"YANLARI BA\u011eLAMA DETAYLI TASARIM CEKET-NERV\u00dcR DETAYLI PANTOLON"},"content":{"rendered":"<p>5471 YANLARI BA\u011eLAMA DETAYLI TASARIM CEKET- 1428 NERV\u00dcR DETAYLI PANTOLON<\/p>\n<p>RENK: S\u0130YAH-EKRU-V\u0130ZON<\/p>\n<p>KUMA\u015e KARI\u015eIMI: \u00a0%91PES %9EA<\/p>\n<p>\u00dcR\u00dcN A\u00c7IKLAMASI: Katl\u0131 yaka, \u00f6n\u00fc d\u00fc\u011fme iliklemeli, vatkal\u0131, uzun kollu, kuplu, yanlar\u0131 kendi kuma\u015f\u0131ndan biyeli detayl\u0131 tasar\u0131m ceket. Fermuar kapamal\u0131, nerv\u00fcrl\u00fc bol pa\u00e7a palazzo pantolon.<\/p>\n<p>\u00d6L\u00c7\u00dcLER:<\/p>\n<p>Boy: 177cm<\/p>\n<p>G\u00f6\u011f\u00fcs: 82cm<\/p>\n<p>Bel:62cm<\/p>\n<p>Kal\u00e7a: 90cm<\/p>\n<p>Beden Da\u011f\u0131l\u0131m\u0131: S2-M2-L1<\/p>\n<p>\u00dcretim \u00dclkesi: T\u00fcrkiye<\/p>","protected":false},"excerpt":{"rendered":"<p>5471 YANLARI BA\u011eLAMA DETAYLI TASARIM CEKET- 1428 NERV\u00dcR DETAYLI PANTOLON RENK: S\u0130YAH-EKRU-V\u0130ZON KUMA\u015e KARI\u015eIMI: \u00a0%91PES %9EA \u00dcR\u00dcN A\u00c7IKLAMASI: Katl\u0131 yaka, \u00f6n\u00fc d\u00fc\u011fme iliklemeli, vatkal\u0131, uzun kollu, kuplu, yanlar\u0131 kendi kuma\u015f\u0131ndan biyeli detayl\u0131 tasar\u0131m ceket. Fermuar kapamal\u0131, nerv\u00fcrl\u00fc bol pa\u00e7a palazzo pantolon. \u00d6L\u00c7\u00dcLER: Boy: 177cm G\u00f6\u011f\u00fcs: 82cm Bel:62cm Kal\u00e7a: 90cm Beden Da\u011f\u0131l\u0131m\u0131: S2-M2-L1 \u00dcretim \u00dclkesi: T\u00fcrkiye<\/p>","protected":false},"featured_media":31444,"template":"","meta":[],"product_brand":[],"product_cat":[43,31,21,40],"product_tag":[],"class_list":{"0":"post-31443","1":"product","2":"type-product","3":"status-publish","4":"has-post-thumbnail","6":"product_cat-2025-2026-sonbaharkis","7":"product_cat-ceket","8":"product_cat-pantolon","9":"product_cat-takim","11":"first","12":"instock","13":"taxable","14":"shipping-taxable","15":"product-type-simple"},"_links":{"self":[{"href":"https:\/\/fkpynappel.com\/en\/wp-json\/wp\/v2\/product\/31443","targetHints":{"allow":["GET"]}}],"collection":[{"href":"https:\/\/fkpynappel.com\/en\/wp-json\/wp\/v2\/product"}],"about":[{"href":"https:\/\/fkpynappel.com\/en\/wp-json\/wp\/v2\/types\/product"}],"wp:featuredmedia":[{"embeddable":true,"href":"https:\/\/fkpynappel.com\/en\/wp-json\/wp\/v2\/media\/31444"}],"wp:attachment":[{"href":"https:\/\/fkpynappel.com\/en\/wp-json\/wp\/v2\/media?parent=31443"}],"wp:term":[{"taxonomy":"product_brand","embeddable":true,"href":"https:\/\/fkpynappel.com\/en\/wp-json\/wp\/v2\/product_brand?post=31443"},{"taxonomy":"product_cat","embeddable":true,"href":"https:\/\/fkpynappel.com\/en\/wp-json\/wp\/v2\/product_cat?post=31443"},{"taxonomy":"product_tag","embeddable":true,"href":"https:\/\/fkpynappel.com\/en\/wp-json\/wp\/v2\/product_tag?post=31443"}],"curies":[{"name":"wp","href":"https:\/\/api.w.org\/{rel}","templated":true}]}}