{"id":31433,"date":"2025-10-01T11:51:55","date_gmt":"2025-10-01T11:51:55","guid":{"rendered":"https:\/\/fkpynappel.com\/?post_type=product&#038;p=31433"},"modified":"2026-02-13T11:42:34","modified_gmt":"2026-02-13T11:42:34","slug":"kisa-trenckot-ceket-dugmeli-sort-etek","status":"publish","type":"product","link":"https:\/\/fkpynappel.com\/en\/product\/kisa-trenckot-ceket-dugmeli-sort-etek\/","title":{"rendered":"KISA TREN\u00c7KOT CEKET-D\u00dc\u011eMEL\u0130 \u015eORT ETEK"},"content":{"rendered":"<p>5481 KISA TREN\u00c7KOT CEKET- 9083 D\u00dc\u011eMEL\u0130 \u015eORT ETEK<\/p>\n<p>RENK: CAMEL-HAK\u0130-KAHVE<\/p>\n<p>KUMA\u015e KARI\u015eIMI: \u00a0%65PES %35COT<\/p>\n<p>\u00dcR\u00dcN A\u00c7IKLAMASI: Dik yakal\u0131, k\u0131sa tren\u00e7kot. Omuzlarda ve kollarda \u015ferit detayl\u0131, uzun kollu. G\u00f6\u011f\u00fcste pat detayl\u0131 ve \u00f6n\u00fc kapakl\u0131 cepli. Ayn\u0131 kuma\u015ftan ba\u011flama kemerli. \u0130\u00e7 astarl\u0131. Pat ile gizlenmi\u015f \u00f6n\u00fc gizli d\u00fc\u011fme kapamal\u0131.Elastik belli, orta bel pantolon etek. Yan diki\u015flerde gizli cepli ve arkada biyeli yalanc\u0131 cepli. \u00d6n\u00fc kontrast d\u00fc\u011fme detayl\u0131.<\/p>\n<p>\u00d6L\u00c7\u00dcLER:<\/p>\n<p>Boy: 177cm<\/p>\n<p>G\u00f6\u011f\u00fcs: 82cm<\/p>\n<p>Bel:62cm<\/p>\n<p>Kal\u00e7a: 90cm<\/p>\n<p>Beden Da\u011f\u0131l\u0131m\u0131: S2-M2-L1<\/p>\n<p>\u00dcretim \u00dclkesi: T\u00fcrkiye<\/p>","protected":false},"excerpt":{"rendered":"<p>5481 KISA TREN\u00c7KOT CEKET- 9083 D\u00dc\u011eMEL\u0130 \u015eORT ETEK RENK: CAMEL-HAK\u0130-KAHVE KUMA\u015e KARI\u015eIMI: \u00a0%65PES %35COT \u00dcR\u00dcN A\u00c7IKLAMASI: Dik yakal\u0131, k\u0131sa tren\u00e7kot. Omuzlarda ve kollarda \u015ferit detayl\u0131, uzun kollu. G\u00f6\u011f\u00fcste pat detayl\u0131 ve \u00f6n\u00fc kapakl\u0131 cepli. Ayn\u0131 kuma\u015ftan ba\u011flama kemerli. \u0130\u00e7 astarl\u0131. Pat ile gizlenmi\u015f \u00f6n\u00fc gizli d\u00fc\u011fme kapamal\u0131.Elastik belli, orta bel pantolon etek. Yan diki\u015flerde gizli [&hellip;]<\/p>\n","protected":false},"featured_media":31434,"template":"","meta":[],"product_brand":[],"product_cat":[43,31,28],"product_tag":[],"class_list":{"0":"post-31433","1":"product","2":"type-product","3":"status-publish","4":"has-post-thumbnail","6":"product_cat-2025-2026-sonbaharkis","7":"product_cat-ceket","8":"product_cat-kaban-trenckot-ceket","10":"first","11":"instock","12":"taxable","13":"shipping-taxable","14":"purchasable","15":"product-type-simple"},"_links":{"self":[{"href":"https:\/\/fkpynappel.com\/en\/wp-json\/wp\/v2\/product\/31433","targetHints":{"allow":["GET"]}}],"collection":[{"href":"https:\/\/fkpynappel.com\/en\/wp-json\/wp\/v2\/product"}],"about":[{"href":"https:\/\/fkpynappel.com\/en\/wp-json\/wp\/v2\/types\/product"}],"wp:featuredmedia":[{"embeddable":true,"href":"https:\/\/fkpynappel.com\/en\/wp-json\/wp\/v2\/media\/31434"}],"wp:attachment":[{"href":"https:\/\/fkpynappel.com\/en\/wp-json\/wp\/v2\/media?parent=31433"}],"wp:term":[{"taxonomy":"product_brand","embeddable":true,"href":"https:\/\/fkpynappel.com\/en\/wp-json\/wp\/v2\/product_brand?post=31433"},{"taxonomy":"product_cat","embeddable":true,"href":"https:\/\/fkpynappel.com\/en\/wp-json\/wp\/v2\/product_cat?post=31433"},{"taxonomy":"product_tag","embeddable":true,"href":"https:\/\/fkpynappel.com\/en\/wp-json\/wp\/v2\/product_tag?post=31433"}],"curies":[{"name":"wp","href":"https:\/\/api.w.org\/{rel}","templated":true}]}}