{"id":31426,"date":"2025-10-01T11:47:43","date_gmt":"2025-10-01T11:47:43","guid":{"rendered":"https:\/\/fkpynappel.com\/?post_type=product&#038;p=31426"},"modified":"2026-02-13T11:42:44","modified_gmt":"2026-02-13T11:42:44","slug":"sirt-dekolteli-maxi-elbise","status":"publish","type":"product","link":"https:\/\/fkpynappel.com\/en\/product\/sirt-dekolteli-maxi-elbise\/","title":{"rendered":"SIRT DEKOLTEL\u0130 MAX\u0130 ELB\u0130SE"},"content":{"rendered":"<p>12395 SIRT DEKOLTEL\u0130 MAX\u0130 ELB\u0130SE<\/p>\n<p>RENK: S\u0130YAH-LAC\u0130VERT-BORDO<\/p>\n<p>KUMA\u015e KARI\u015eIMI: \u00a0%100POLY<\/p>\n<p>\u00dcR\u00dcN A\u00c7IKLAMASI: G\u00f6mlek yaka, \u00f6n\u00fc d\u00fc\u011fme iliklemeli,uzun kollu ve man\u015fetli, s\u0131rt dekolteli ve beli lastikli maxi elbise.<\/p>\n<p>\u00d6L\u00c7\u00dcLER:<\/p>\n<p>Boy: 177cm<\/p>\n<p>G\u00f6\u011f\u00fcs: 82cm<\/p>\n<p>Bel:62cm<\/p>\n<p>Kal\u00e7a: 90cm<\/p>\n<p>Beden Da\u011f\u0131l\u0131m\u0131: S2-M1-L1<\/p>\n<p>\u00dcretim \u00dclkesi: T\u00fcrkiye<\/p>","protected":false},"excerpt":{"rendered":"<p>12395 SIRT DEKOLTEL\u0130 MAX\u0130 ELB\u0130SE RENK: S\u0130YAH-LAC\u0130VERT-BORDO KUMA\u015e KARI\u015eIMI: \u00a0%100POLY \u00dcR\u00dcN A\u00c7IKLAMASI: G\u00f6mlek yaka, \u00f6n\u00fc d\u00fc\u011fme iliklemeli,uzun kollu ve man\u015fetli, s\u0131rt dekolteli ve beli lastikli maxi elbise. \u00d6L\u00c7\u00dcLER: Boy: 177cm G\u00f6\u011f\u00fcs: 82cm Bel:62cm Kal\u00e7a: 90cm Beden Da\u011f\u0131l\u0131m\u0131: S2-M1-L1 \u00dcretim \u00dclkesi: T\u00fcrkiye<\/p>","protected":false},"featured_media":31427,"template":"","meta":[],"product_brand":[],"product_cat":[43,25],"product_tag":[],"class_list":{"0":"post-31426","1":"product","2":"type-product","3":"status-publish","4":"has-post-thumbnail","6":"product_cat-2025-2026-sonbaharkis","7":"product_cat-elbise","9":"first","10":"instock","11":"taxable","12":"shipping-taxable","13":"purchasable","14":"product-type-simple"},"_links":{"self":[{"href":"https:\/\/fkpynappel.com\/en\/wp-json\/wp\/v2\/product\/31426","targetHints":{"allow":["GET"]}}],"collection":[{"href":"https:\/\/fkpynappel.com\/en\/wp-json\/wp\/v2\/product"}],"about":[{"href":"https:\/\/fkpynappel.com\/en\/wp-json\/wp\/v2\/types\/product"}],"wp:featuredmedia":[{"embeddable":true,"href":"https:\/\/fkpynappel.com\/en\/wp-json\/wp\/v2\/media\/31427"}],"wp:attachment":[{"href":"https:\/\/fkpynappel.com\/en\/wp-json\/wp\/v2\/media?parent=31426"}],"wp:term":[{"taxonomy":"product_brand","embeddable":true,"href":"https:\/\/fkpynappel.com\/en\/wp-json\/wp\/v2\/product_brand?post=31426"},{"taxonomy":"product_cat","embeddable":true,"href":"https:\/\/fkpynappel.com\/en\/wp-json\/wp\/v2\/product_cat?post=31426"},{"taxonomy":"product_tag","embeddable":true,"href":"https:\/\/fkpynappel.com\/en\/wp-json\/wp\/v2\/product_tag?post=31426"}],"curies":[{"name":"wp","href":"https:\/\/api.w.org\/{rel}","templated":true}]}}