{"id":31420,"date":"2025-10-01T11:37:48","date_gmt":"2025-10-01T11:37:48","guid":{"rendered":"https:\/\/fkpynappel.com\/?post_type=product&#038;p=31420"},"modified":"2026-03-26T10:17:14","modified_gmt":"2026-03-26T10:17:14","slug":"denim-crop-bustiyer-kemerli-denim-pantolon","status":"publish","type":"product","link":"https:\/\/fkpynappel.com\/en\/product\/denim-crop-bustiyer-kemerli-denim-pantolon\/","title":{"rendered":"DEN\u0130M CROP B\u00dcST\u0130YER-KEMERL\u0130 DEN\u0130M PANTOLON"},"content":{"rendered":"<p>3302 DEN\u0130M CROP B\u00dcST\u0130YER- 1432 KEMERL\u0130 DEN\u0130M PANTOLON<\/p>\n<p>RENK: LAC\u0130VERT<\/p>\n<p>KUMA\u015e KARI\u015eIMI: \u00a0%67COT %31PES %2EA<\/p>\n<p>\u00dcR\u00dcN A\u00c7IKLAMASI: Metal fermuarl\u0131, kuplu, straplez denim crop. Kendi kuma\u015f\u0131ndan kemerli, fermuarl\u0131 ve metal d\u00fc\u011fme kapamal\u0131, cepli bol kesim denim pantolon.<\/p>\n<p>\u00d6L\u00c7\u00dcLER:<\/p>\n<p>Boy: 177cm<\/p>\n<p>G\u00f6\u011f\u00fcs: 82cm<\/p>\n<p>Bel:62cm<\/p>\n<p>Kal\u00e7a: 90cm<\/p>\n<p>Beden Da\u011f\u0131l\u0131m\u0131: S2-M2-L1<\/p>\n<p>\u00dcretim \u00dclkesi: T\u00fcrkiye<\/p>\n<p>&nbsp;<\/p>","protected":false},"excerpt":{"rendered":"<p>3302 DEN\u0130M CROP B\u00dcST\u0130YER- 1432 KEMERL\u0130 DEN\u0130M PANTOLON RENK: LAC\u0130VERT KUMA\u015e KARI\u015eIMI: \u00a0%67COT %31PES %2EA \u00dcR\u00dcN A\u00c7IKLAMASI: Metal fermuarl\u0131, kuplu, straplez denim crop. Kendi kuma\u015f\u0131ndan kemerli, fermuarl\u0131 ve metal d\u00fc\u011fme kapamal\u0131, cepli bol kesim denim pantolon. \u00d6L\u00c7\u00dcLER: Boy: 177cm G\u00f6\u011f\u00fcs: 82cm Bel:62cm Kal\u00e7a: 90cm Beden Da\u011f\u0131l\u0131m\u0131: S2-M2-L1 \u00dcretim \u00dclkesi: T\u00fcrkiye &nbsp;<\/p>","protected":false},"featured_media":31421,"template":"","meta":[],"product_brand":[],"product_cat":[43,42,21,40],"product_tag":[],"class_list":{"0":"post-31420","1":"product","2":"type-product","3":"status-publish","4":"has-post-thumbnail","6":"product_cat-2025-2026-sonbaharkis","7":"product_cat-bluz","8":"product_cat-pantolon","9":"product_cat-takim","11":"first","12":"instock","13":"taxable","14":"shipping-taxable","15":"purchasable","16":"product-type-simple"},"_links":{"self":[{"href":"https:\/\/fkpynappel.com\/en\/wp-json\/wp\/v2\/product\/31420","targetHints":{"allow":["GET"]}}],"collection":[{"href":"https:\/\/fkpynappel.com\/en\/wp-json\/wp\/v2\/product"}],"about":[{"href":"https:\/\/fkpynappel.com\/en\/wp-json\/wp\/v2\/types\/product"}],"wp:featuredmedia":[{"embeddable":true,"href":"https:\/\/fkpynappel.com\/en\/wp-json\/wp\/v2\/media\/31421"}],"wp:attachment":[{"href":"https:\/\/fkpynappel.com\/en\/wp-json\/wp\/v2\/media?parent=31420"}],"wp:term":[{"taxonomy":"product_brand","embeddable":true,"href":"https:\/\/fkpynappel.com\/en\/wp-json\/wp\/v2\/product_brand?post=31420"},{"taxonomy":"product_cat","embeddable":true,"href":"https:\/\/fkpynappel.com\/en\/wp-json\/wp\/v2\/product_cat?post=31420"},{"taxonomy":"product_tag","embeddable":true,"href":"https:\/\/fkpynappel.com\/en\/wp-json\/wp\/v2\/product_tag?post=31420"}],"curies":[{"name":"wp","href":"https:\/\/api.w.org\/{rel}","templated":true}]}}