{"id":31416,"date":"2025-10-01T11:33:52","date_gmt":"2025-10-01T11:33:52","guid":{"rendered":"https:\/\/fkpynappel.com\/?post_type=product&#038;p=31416"},"modified":"2026-02-13T11:43:02","modified_gmt":"2026-02-13T11:43:02","slug":"saten-bol-kesim-gomlek-beli-lastikli-saten-pantolon","status":"publish","type":"product","link":"https:\/\/fkpynappel.com\/en\/product\/saten-bol-kesim-gomlek-beli-lastikli-saten-pantolon\/","title":{"rendered":"SATEN BOL KES\u0130M G\u00d6MLEK \u2013 BEL\u0130 LAST\u0130KL\u0130 SATEN PANTOLON"},"content":{"rendered":"<p>2455 SATEN BOL KES\u0130M G\u00d6MLEK \u2013 1419 BEL\u0130 LAST\u0130KL\u0130 SATEN PANTOLON<\/p>\n<p>RENK: S\u0130YAH-KAHVE-EKRU<\/p>\n<p>KUMA\u015e KARI\u015eIMI: \u00a0%100POLY<\/p>\n<p>\u00dcR\u00dcN A\u00c7IKLAMASI: G\u00f6mlek yaka, \u00f6n\u00fc d\u00fc\u011fme iliklemeli ve gizli patl\u0131, yarasa kol, oversize g\u00f6mlek. Arka beli lastikli, fermuar kapamal\u0131, cepli saten palazzo pantolon.<\/p>\n<p>\u00d6L\u00c7\u00dcLER:<\/p>\n<p>Boy: 177cm<\/p>\n<p>G\u00f6\u011f\u00fcs: 82cm<\/p>\n<p>Bel:62cm<\/p>\n<p>Kal\u00e7a: 90cm<\/p>\n<p>Beden Da\u011f\u0131l\u0131m\u0131: S2-M2-L1<\/p>\n<p>\u00dcretim \u00dclkesi: T\u00fcrkiye<\/p>","protected":false},"excerpt":{"rendered":"<p>2455 SATEN BOL KES\u0130M G\u00d6MLEK \u2013 1419 BEL\u0130 LAST\u0130KL\u0130 SATEN PANTOLON RENK: S\u0130YAH-KAHVE-EKRU KUMA\u015e KARI\u015eIMI: \u00a0%100POLY \u00dcR\u00dcN A\u00c7IKLAMASI: G\u00f6mlek yaka, \u00f6n\u00fc d\u00fc\u011fme iliklemeli ve gizli patl\u0131, yarasa kol, oversize g\u00f6mlek. Arka beli lastikli, fermuar kapamal\u0131, cepli saten palazzo pantolon. \u00d6L\u00c7\u00dcLER: Boy: 177cm G\u00f6\u011f\u00fcs: 82cm Bel:62cm Kal\u00e7a: 90cm Beden Da\u011f\u0131l\u0131m\u0131: S2-M2-L1 \u00dcretim \u00dclkesi: T\u00fcrkiye<\/p>","protected":false},"featured_media":31417,"template":"","meta":[],"product_brand":[],"product_cat":[43,32,21,40],"product_tag":[],"class_list":{"0":"post-31416","1":"product","2":"type-product","3":"status-publish","4":"has-post-thumbnail","6":"product_cat-2025-2026-sonbaharkis","7":"product_cat-gomlek","8":"product_cat-pantolon","9":"product_cat-takim","11":"first","12":"instock","13":"taxable","14":"shipping-taxable","15":"purchasable","16":"product-type-simple"},"_links":{"self":[{"href":"https:\/\/fkpynappel.com\/en\/wp-json\/wp\/v2\/product\/31416","targetHints":{"allow":["GET"]}}],"collection":[{"href":"https:\/\/fkpynappel.com\/en\/wp-json\/wp\/v2\/product"}],"about":[{"href":"https:\/\/fkpynappel.com\/en\/wp-json\/wp\/v2\/types\/product"}],"wp:featuredmedia":[{"embeddable":true,"href":"https:\/\/fkpynappel.com\/en\/wp-json\/wp\/v2\/media\/31417"}],"wp:attachment":[{"href":"https:\/\/fkpynappel.com\/en\/wp-json\/wp\/v2\/media?parent=31416"}],"wp:term":[{"taxonomy":"product_brand","embeddable":true,"href":"https:\/\/fkpynappel.com\/en\/wp-json\/wp\/v2\/product_brand?post=31416"},{"taxonomy":"product_cat","embeddable":true,"href":"https:\/\/fkpynappel.com\/en\/wp-json\/wp\/v2\/product_cat?post=31416"},{"taxonomy":"product_tag","embeddable":true,"href":"https:\/\/fkpynappel.com\/en\/wp-json\/wp\/v2\/product_tag?post=31416"}],"curies":[{"name":"wp","href":"https:\/\/api.w.org\/{rel}","templated":true}]}}