{"id":31406,"date":"2025-10-01T11:19:35","date_gmt":"2025-10-01T11:19:35","guid":{"rendered":"https:\/\/fkpynappel.com\/?post_type=product&#038;p=31406"},"modified":"2026-02-13T11:43:22","modified_gmt":"2026-02-13T11:43:22","slug":"31406","status":"publish","type":"product","link":"https:\/\/fkpynappel.com\/en\/product\/31406\/","title":{"rendered":"\u00c7\u0130FT P\u0130LEL\u0130 PANTOLON"},"content":{"rendered":"<p>1433 \u00c7\u0130FT P\u0130LEL\u0130 PANTOLON<\/p>\n<p>RENK: MOCHA-TEREYA\u011eI- \u0130ND\u0130GO- BEJ<\/p>\n<p>KUMA\u015e KARI\u015eIMI: \u00a0%72COT %26PES %2EA<\/p>\n<p>\u00dcR\u00dcN A\u00c7IKLAMASI: Pileli, yandan cepli palazzo pantolon.<\/p>\n<p>\u00d6L\u00c7\u00dcLER:<\/p>\n<p>Boy: 177cm<\/p>\n<p>G\u00f6\u011f\u00fcs: 82cm<\/p>\n<p>Bel:62cm<\/p>\n<p>Kal\u00e7a: 90cm<\/p>\n<p>Beden Da\u011f\u0131l\u0131m\u0131: S2-M2-L1<\/p>\n<p>\u00dcretim \u00dclkesi: T\u00fcrkiye<\/p>","protected":false},"excerpt":{"rendered":"<p>1433 \u00c7\u0130FT P\u0130LEL\u0130 PANTOLON RENK: MOCHA-TEREYA\u011eI- \u0130ND\u0130GO- BEJ KUMA\u015e KARI\u015eIMI: \u00a0%72COT %26PES %2EA \u00dcR\u00dcN A\u00c7IKLAMASI: Pileli, yandan cepli palazzo pantolon. \u00d6L\u00c7\u00dcLER: Boy: 177cm G\u00f6\u011f\u00fcs: 82cm Bel:62cm Kal\u00e7a: 90cm Beden Da\u011f\u0131l\u0131m\u0131: S2-M2-L1 \u00dcretim \u00dclkesi: T\u00fcrkiye<\/p>","protected":false},"featured_media":31411,"template":"","meta":[],"product_brand":[],"product_cat":[43,21],"product_tag":[],"class_list":{"0":"post-31406","1":"product","2":"type-product","3":"status-publish","4":"has-post-thumbnail","6":"product_cat-2025-2026-sonbaharkis","7":"product_cat-pantolon","9":"first","10":"instock","11":"taxable","12":"shipping-taxable","13":"purchasable","14":"product-type-simple"},"_links":{"self":[{"href":"https:\/\/fkpynappel.com\/en\/wp-json\/wp\/v2\/product\/31406","targetHints":{"allow":["GET"]}}],"collection":[{"href":"https:\/\/fkpynappel.com\/en\/wp-json\/wp\/v2\/product"}],"about":[{"href":"https:\/\/fkpynappel.com\/en\/wp-json\/wp\/v2\/types\/product"}],"wp:featuredmedia":[{"embeddable":true,"href":"https:\/\/fkpynappel.com\/en\/wp-json\/wp\/v2\/media\/31411"}],"wp:attachment":[{"href":"https:\/\/fkpynappel.com\/en\/wp-json\/wp\/v2\/media?parent=31406"}],"wp:term":[{"taxonomy":"product_brand","embeddable":true,"href":"https:\/\/fkpynappel.com\/en\/wp-json\/wp\/v2\/product_brand?post=31406"},{"taxonomy":"product_cat","embeddable":true,"href":"https:\/\/fkpynappel.com\/en\/wp-json\/wp\/v2\/product_cat?post=31406"},{"taxonomy":"product_tag","embeddable":true,"href":"https:\/\/fkpynappel.com\/en\/wp-json\/wp\/v2\/product_tag?post=31406"}],"curies":[{"name":"wp","href":"https:\/\/api.w.org\/{rel}","templated":true}]}}