{"id":31400,"date":"2025-10-01T11:09:16","date_gmt":"2025-10-01T11:09:16","guid":{"rendered":"https:\/\/fkpynappel.com\/?post_type=product&#038;p=31400"},"modified":"2026-02-13T11:43:31","modified_gmt":"2026-02-13T11:43:31","slug":"tasarim-kuplu-bustiyer-oversize-blazer-ceket-tasarim-midi-boy-yirtmacli-etek","status":"publish","type":"product","link":"https:\/\/fkpynappel.com\/en\/product\/tasarim-kuplu-bustiyer-oversize-blazer-ceket-tasarim-midi-boy-yirtmacli-etek\/","title":{"rendered":"TASARIM KUPLU B\u00dcST\u0130YER-OVERS\u0130ZE BLAZER CEKET-TASARIM M\u0130D\u0130 BOY YIRTMA\u00c7LI ETEK"},"content":{"rendered":"<h6>3304-5480-4575<\/h6>\n<p>TASARIM KUPLU B\u00dcST\u0130YER-OVERS\u0130ZE BLAZER CEKET-TASARIM M\u0130D\u0130 BOY YIRTMA\u00c7LI ETEK<\/p>\n<p>RENK: KAHVE- BORDO &#8211; HAK\u0130<\/p>\n<p>KUMA\u015e KARI\u015eIMI: %86PES %14LYC<\/p>\n<p>\u00dcR\u00dcN A\u00c7IKLAMASI:<\/p>\n<p>Kalp yaka,kuplu, yan\u0131 fermuarl\u0131, s\u0131rt\u0131nda metal ku\u015fg\u00f6z\u00fc ba\u011flama detayl\u0131 b\u00fcstiyer.<\/p>\n<p>Katl\u0131 yaka, vatkal\u0131, cepli, d\u00fc\u011fme iliklemeli oversize ceket.<\/p>\n<p>Yanlar\u0131 cepli, fermuar kapamal\u0131,y\u0131rtma\u00e7l\u0131,metalik tokal\u0131, belinde kendi kuma\u015f\u0131ndan kemerli midi boy dar kesim etek.<\/p>\n<p>\u00d6L\u00c7\u00dcLER:<\/p>\n<p>Boy: 177cm<\/p>\n<p>G\u00f6\u011f\u00fcs: 82cm<\/p>\n<p>Bel:62cm<\/p>\n<p>Kal\u00e7a: 90cm<\/p>\n<p>Beden Da\u011f\u0131l\u0131m\u0131: S2-M2-L1<\/p>\n<p>\u00dcretim \u00dclkesi: T\u00fcrkiye<\/p>\n<p>&nbsp;<\/p>\n<p>&nbsp;<\/p>\n<p>&nbsp;<\/p>\n<p>&nbsp;<\/p>\n<p>&nbsp;<\/p>","protected":false},"excerpt":{"rendered":"<p>3304-5480-4575 TASARIM KUPLU B\u00dcST\u0130YER-OVERS\u0130ZE BLAZER CEKET-TASARIM M\u0130D\u0130 BOY YIRTMA\u00c7LI ETEK RENK: KAHVE- BORDO &#8211; HAK\u0130 KUMA\u015e KARI\u015eIMI: %86PES %14LYC \u00dcR\u00dcN A\u00c7IKLAMASI: Kalp yaka,kuplu, yan\u0131 fermuarl\u0131, s\u0131rt\u0131nda metal ku\u015fg\u00f6z\u00fc ba\u011flama detayl\u0131 b\u00fcstiyer. Katl\u0131 yaka, vatkal\u0131, cepli, d\u00fc\u011fme iliklemeli oversize ceket. Yanlar\u0131 cepli, fermuar kapamal\u0131,y\u0131rtma\u00e7l\u0131,metalik tokal\u0131, belinde kendi kuma\u015f\u0131ndan kemerli midi boy dar kesim etek. \u00d6L\u00c7\u00dcLER: Boy: [&hellip;]<\/p>\n","protected":false},"featured_media":31401,"template":"","meta":[],"product_brand":[],"product_cat":[43,31,34,40],"product_tag":[],"class_list":{"0":"post-31400","1":"product","2":"type-product","3":"status-publish","4":"has-post-thumbnail","6":"product_cat-2025-2026-sonbaharkis","7":"product_cat-ceket","8":"product_cat-etek","9":"product_cat-takim","11":"first","12":"instock","13":"taxable","14":"shipping-taxable","15":"purchasable","16":"product-type-simple"},"_links":{"self":[{"href":"https:\/\/fkpynappel.com\/en\/wp-json\/wp\/v2\/product\/31400","targetHints":{"allow":["GET"]}}],"collection":[{"href":"https:\/\/fkpynappel.com\/en\/wp-json\/wp\/v2\/product"}],"about":[{"href":"https:\/\/fkpynappel.com\/en\/wp-json\/wp\/v2\/types\/product"}],"wp:featuredmedia":[{"embeddable":true,"href":"https:\/\/fkpynappel.com\/en\/wp-json\/wp\/v2\/media\/31401"}],"wp:attachment":[{"href":"https:\/\/fkpynappel.com\/en\/wp-json\/wp\/v2\/media?parent=31400"}],"wp:term":[{"taxonomy":"product_brand","embeddable":true,"href":"https:\/\/fkpynappel.com\/en\/wp-json\/wp\/v2\/product_brand?post=31400"},{"taxonomy":"product_cat","embeddable":true,"href":"https:\/\/fkpynappel.com\/en\/wp-json\/wp\/v2\/product_cat?post=31400"},{"taxonomy":"product_tag","embeddable":true,"href":"https:\/\/fkpynappel.com\/en\/wp-json\/wp\/v2\/product_tag?post=31400"}],"curies":[{"name":"wp","href":"https:\/\/api.w.org\/{rel}","templated":true}]}}